

{"id":106,"date":"2019-05-14T14:53:54","date_gmt":"2019-05-14T17:53:54","guid":{"rendered":"http:\/\/10.10.10.3\/osse2\/?page_id=106"},"modified":"2026-04-15T15:24:10","modified_gmt":"2026-04-15T18:24:10","slug":"como-ser-proveedor","status":"publish","type":"page","link":"https:\/\/www.osmgp.gov.ar\/osse\/como-ser-proveedor\/","title":{"rendered":"C\u00f3mo ser proveedor"},"content":{"rendered":"<p>[et_pb_section fb_built=&#8221;1&#8243; _builder_version=&#8221;4.25.1&#8243; _module_preset=&#8221;default&#8221; custom_margin=&#8221;3px|||||&#8221; custom_padding=&#8221;0px||5px||false|false&#8221; global_colors_info=&#8221;{}&#8221;][et_pb_row _builder_version=&#8221;4.25.1&#8243; _module_preset=&#8221;default&#8221; custom_margin=&#8221;-16px|auto||auto||&#8221; global_colors_info=&#8221;{}&#8221;][et_pb_column type=&#8221;4_4&#8243; _builder_version=&#8221;4.25.1&#8243; _module_preset=&#8221;default&#8221; global_colors_info=&#8221;{}&#8221;][et_pb_text _builder_version=&#8221;4.25.1&#8243; _module_preset=&#8221;default&#8221; global_colors_info=&#8221;{}&#8221;]<\/p>\n<h4>Se\u00f1or Proveedor:<\/h4>\n<ul>\n<li>Si Usted est\u00e1 interesado en<strong> inscribirse como Proveedor de OSSE<\/strong>, deber\u00e1 dirigirse en nuestra p\u00e1gina web a la solapa\u00a0<strong>Proveedores<\/strong> \u2013 \u201c<strong>Me quiero inscribir\u201d<\/strong> y ser\u00e1 direccionado al <strong>Portal de Proveedores<\/strong>, debiendo seguir los pasos que se indiquen.<\/li>\n<li>Si Usted<strong> ya es Proveedor<\/strong> y desea<strong> re inscribirse<\/strong>, deber\u00e1 dirigirse en nuestra p\u00e1gina web a la solapa <strong>Proveedores<\/strong> \u2013<strong> \u201cYa soy Proveedor\u201d<\/strong>. Deber\u00e1 ingresar su<strong> n\u00famero de CUIT y clave<\/strong> y deber\u00e1 seleccionar la opci\u00f3n <strong>Reempadronamiento de Proveedores.<\/strong><\/li>\n<\/ul>\n<p>Los requisitos a cumplir variar\u00e1n seg\u00fan se inscriba o re inscriba en Compras Directas Concursos y OME o en Licitaciones.<\/p>\n<p>Le informamos a continuaci\u00f3n qu\u00e9 documentos deber\u00e1 preparar en formato PDF, seg\u00fan el tipo de inscripci\u00f3n que elija:<\/p>\n<p>&nbsp;<\/p>\n<p><a href=\"https:\/\/www.osmgp.gov.ar\/osse\/wp-content\/uploads\/2025\/01\/CONCURSOS-DOCUMENTOS-REQUERIDOS-2025.pdf\" target=\"_blank\" rel=\"noopener noreferrer\"><strong>\u2022 Inscripci\u00f3n en Compras Directas, Concurso de Precios y OME\u00a0<\/strong><\/a><\/p>\n<p><strong><\/strong><\/p>\n<p><em><strong><a href=\"https:\/\/www.osmgp.gov.ar\/osse\/wp-content\/uploads\/2020\/07\/Proveedores-2.2.pdf\" target=\"_blank\" rel=\"noopener noreferrer\"><\/a><\/strong><\/em><strong style=\"font-size: 14px;\"><em>\u2022\u00a0Inscripci\u00f3n en Licitaciones; se diferencian seg\u00fan se trate de:<\/em><\/strong><\/p>\n<p><em><strong>\u00a0 \u00a0 <a href=\"https:\/\/www.osmgp.gov.ar\/osse\/wp-content\/uploads\/2026\/03\/Licitaciones-personas-fisicas2026.pdf\" target=\"_blank\" rel=\"noopener\">&#8211; PERSONAS F\u00cdSICAS<\/a><\/strong><\/em><\/p>\n<p><em><strong>\u00a0 \u00a0 <a href=\"https:\/\/www.osmgp.gov.ar\/osse\/wp-content\/uploads\/2026\/03\/Licitaciones-personas-juridicas2026.pdf\" target=\"_blank\" rel=\"noopener\">&#8211;\u00a0PERSONAS JUR\u00cdDICAS<\/a><\/strong><\/em><\/p>\n<p>[\/et_pb_text][\/et_pb_column][\/et_pb_row][\/et_pb_section][et_pb_section fb_built=&#8221;1&#8243; disabled_on=&#8221;on|on|on&#8221; _builder_version=&#8221;4.25.1&#8243; _module_preset=&#8221;default&#8221; disabled=&#8221;on&#8221; global_colors_info=&#8221;{}&#8221;][et_pb_row _builder_version=&#8221;4.25.1&#8243; _module_preset=&#8221;default&#8221; global_colors_info=&#8221;{}&#8221;][et_pb_column type=&#8221;4_4&#8243; _builder_version=&#8221;4.25.1&#8243; _module_preset=&#8221;default&#8221; global_colors_info=&#8221;{}&#8221;][et_pb_text _builder_version=&#8221;4.25.1&#8243; _module_preset=&#8221;default&#8221; global_colors_info=&#8221;{}&#8221;]<\/p>\n<h2>\u00bfC\u00f3mo ser proveedor de OSSE?<\/h2>\n<p>Si ud.desea ser proveedor de OSSE deber\u00e1 cumplir con los requerimientos solicitados, completar los formularios y enviar la informaci\u00f3n requerida a <strong>French 6737, 1er. Piso<\/strong>, Oficina Registro de Proveedores.<\/p>\n<p>Para ver e imprimir los anexos con los requerimientos y formularios a completar utilice los siguientes links:<\/p>\n<p>&nbsp;<\/p>\n<ul>\n<li><a href=\"https:\/\/www.osmgp.gov.ar\/osse\/wp-content\/uploads\/2019\/08\/ANEXOS-I-y-II-formularios-a-completar-converted.pdf\"> Anexos I y II \u2013 Formularios a completar<\/a><\/li>\n<li><a href=\"https:\/\/www.osmgp.gov.ar\/osse\/wp-content\/uploads\/2020\/03\/ANEXO-III-INSCRIPCION-Y-RE-INSCRIPCION-REGISTRO-PROVEEDORES-DE-OSSE.pdf\">ANEXO III INSCRIPCION Y RE-INSCRIPCION REGISTRO PROVEEDORES DE OSSE<\/a><\/li>\n<li><a href=\"https:\/\/www.osmgp.gov.ar\/osse\/wp-content\/uploads\/2020\/03\/ANEXO-IV-INSCRIPCION-Y-RE-INSCRIPCION-TRANSPORTISTAS.pdf\">ANEXO IV INSCRIPCION Y RE-INSCRIPCION TRANSPORTISTAS<\/a><\/li>\n<li><a href=\"https:\/\/www.osmgp.gov.ar\/osse\/wp-content\/uploads\/2019\/08\/ANEXO-V-Declaraci\u00f3n-Jurada-de-Inmuebles-converted.pdf\">ANEXO V Declaraci\u00f3n Jurada de Inmuebles<\/a><\/li>\n<li><a href=\"https:\/\/www.osmgp.gov.ar\/osse\/wp-content\/uploads\/2019\/07\/Pliego-de-bases-y-Condiciones-Generales-Concursos-y-Licitaciones.pdf\">Pliego de bases y condiciones generales (Concursos y licitaciones)<\/a><\/li>\n<li><a href=\"https:\/\/www.osmgp.gov.ar\/osse\/wp-content\/uploads\/2019\/07\/AUTORIZACION-DE-ACREDITACION-EN-CUENTA.pdf\">Autorizaci\u00f3n de acreditaci\u00f3n en cuenta bancaria<\/a><\/li>\n<li><a href=\"https:\/\/www.osmgp.gov.ar\/osse\/wp-content\/uploads\/2019\/07\/Solicitud-de-baja-en-el-Registro-de-beneficiarios-y-poderes.pdf\">Solicitud de altas y modificaci\u00f3n en reg. de beneficios y poderes<\/a><\/li>\n<li><a href=\"https:\/\/www.osmgp.gov.ar\/osse\/wp-content\/uploads\/2019\/07\/Registro-de-beneficiarios-y-poderes.pdf\">Registro de beneficiarios y poderes<\/a><\/li>\n<li><a href=\"https:\/\/www.osmgp.gov.ar\/osse\/wp-content\/uploads\/2019\/07\/Solicitud-de-baja-en-el-Registro-de-beneficiarios-y-poderes.pdf\">Solicitud de baja en el Registro de beneficiarios y poderes<\/a><\/li>\n<\/ul>\n<p>[\/et_pb_text][\/et_pb_column][\/et_pb_row][\/et_pb_section][et_pb_section fb_built=&#8221;1&#8243; _builder_version=&#8221;4.25.1&#8243; _module_preset=&#8221;default&#8221; custom_margin=&#8221;3px|||||&#8221; custom_padding=&#8221;0px||||false|false&#8221; global_colors_info=&#8221;{}&#8221;][et_pb_row _builder_version=&#8221;4.25.1&#8243; _module_preset=&#8221;default&#8221; global_colors_info=&#8221;{}&#8221;][et_pb_column type=&#8221;4_4&#8243; _builder_version=&#8221;4.25.1&#8243; _module_preset=&#8221;default&#8221; global_colors_info=&#8221;{}&#8221;][et_pb_text _builder_version=&#8221;4.25.1&#8243; _module_preset=&#8221;default&#8221; custom_margin=&#8221;||-10px|||&#8221; global_colors_info=&#8221;{}&#8221;]<\/p>\n<p><em><strong>\u2022 Instructivo para pre inscripci\u00f3n:<\/strong><\/em><\/p>\n<p>[\/et_pb_text][\/et_pb_column][\/et_pb_row][et_pb_row column_structure=&#8221;1_3,1_3,1_3&#8243; _builder_version=&#8221;4.25.1&#8243; _module_preset=&#8221;default&#8221; custom_margin=&#8221;-16px|auto||auto||&#8221; global_colors_info=&#8221;{}&#8221;][et_pb_column type=&#8221;1_3&#8243; _builder_version=&#8221;4.25.1&#8243; _module_preset=&#8221;default&#8221; global_colors_info=&#8221;{}&#8221;][et_pb_video src=&#8221;https:\/\/youtu.be\/M2BDzfQak8M?si=mO0xc8tFpLjJLXLS&#8221; _builder_version=&#8221;4.25.1&#8243; _module_preset=&#8221;default&#8221; global_colors_info=&#8221;{}&#8221;][\/et_pb_video][\/et_pb_column][et_pb_column type=&#8221;1_3&#8243; _builder_version=&#8221;4.25.1&#8243; _module_preset=&#8221;default&#8221; global_colors_info=&#8221;{}&#8221;][et_pb_video src=&#8221;https:\/\/youtu.be\/e19_IgYnjfY&#8221; _builder_version=&#8221;4.25.1&#8243; _module_preset=&#8221;default&#8221; hover_enabled=&#8221;0&#8243; global_colors_info=&#8221;{}&#8221; sticky_enabled=&#8221;0&#8243;][\/et_pb_video][\/et_pb_column][et_pb_column type=&#8221;1_3&#8243; _builder_version=&#8221;4.25.1&#8243; _module_preset=&#8221;default&#8221; global_colors_info=&#8221;{}&#8221;][et_pb_video src=&#8221;https:\/\/youtu.be\/TCnaEjDWHA4?si=LfzXgQicp_kc83YR&#8221; _builder_version=&#8221;4.25.1&#8243; _module_preset=&#8221;default&#8221; global_colors_info=&#8221;{}&#8221;][\/et_pb_video][\/et_pb_column][\/et_pb_row][\/et_pb_section]<\/p>\n","protected":false},"excerpt":{"rendered":"<p>Se\u00f1or Proveedor: Si Usted est\u00e1 interesado en inscribirse como Proveedor de OSSE, deber\u00e1 dirigirse en nuestra p\u00e1gina web a la solapa\u00a0Proveedores \u2013 \u201cMe quiero inscribir\u201d y ser\u00e1 direccionado al Portal de Proveedores, debiendo seguir los pasos que se indiquen. Si Usted ya es Proveedor y desea re inscribirse, deber\u00e1 dirigirse en nuestra p\u00e1gina web a [&hellip;]<\/p>\n","protected":false},"author":1,"featured_media":0,"parent":0,"menu_order":0,"comment_status":"closed","ping_status":"closed","template":"","meta":{"_et_pb_use_builder":"on","_et_pb_old_content":"","_et_gb_content_width":""},"_links":{"self":[{"href":"https:\/\/www.osmgp.gov.ar\/osse\/wp-json\/wp\/v2\/pages\/106"}],"collection":[{"href":"https:\/\/www.osmgp.gov.ar\/osse\/wp-json\/wp\/v2\/pages"}],"about":[{"href":"https:\/\/www.osmgp.gov.ar\/osse\/wp-json\/wp\/v2\/types\/page"}],"author":[{"embeddable":true,"href":"https:\/\/www.osmgp.gov.ar\/osse\/wp-json\/wp\/v2\/users\/1"}],"replies":[{"embeddable":true,"href":"https:\/\/www.osmgp.gov.ar\/osse\/wp-json\/wp\/v2\/comments?post=106"}],"version-history":[{"count":79,"href":"https:\/\/www.osmgp.gov.ar\/osse\/wp-json\/wp\/v2\/pages\/106\/revisions"}],"predecessor-version":[{"id":14497,"href":"https:\/\/www.osmgp.gov.ar\/osse\/wp-json\/wp\/v2\/pages\/106\/revisions\/14497"}],"wp:attachment":[{"href":"https:\/\/www.osmgp.gov.ar\/osse\/wp-json\/wp\/v2\/media?parent=106"}],"curies":[{"name":"wp","href":"https:\/\/api.w.org\/{rel}","templated":true}]}}