

{"id":13866,"date":"2026-02-04T15:54:54","date_gmt":"2026-02-04T18:54:54","guid":{"rendered":"https:\/\/www.osmgp.gov.ar\/osse\/?page_id=13866"},"modified":"2026-03-06T16:27:49","modified_gmt":"2026-03-06T19:27:49","slug":"audiencia-publica","status":"publish","type":"page","link":"https:\/\/www.osmgp.gov.ar\/osse\/audiencia-publica\/","title":{"rendered":"Audiencia P\u00fablica"},"content":{"rendered":"<p>[et_pb_section fb_built=&#8221;1&#8243; _builder_version=&#8221;4.25.1&#8243; _module_preset=&#8221;default&#8221; global_colors_info=&#8221;{}&#8221;][et_pb_row _builder_version=&#8221;4.25.1&#8243; _module_preset=&#8221;default&#8221; custom_padding=&#8221;||0px|||&#8221; global_colors_info=&#8221;{}&#8221;][et_pb_column type=&#8221;4_4&#8243; _builder_version=&#8221;4.25.1&#8243; _module_preset=&#8221;default&#8221; global_colors_info=&#8221;{}&#8221;][et_pb_text _builder_version=&#8221;4.25.1&#8243; _module_preset=&#8221;default&#8221; hover_enabled=&#8221;0&#8243; global_colors_info=&#8221;{}&#8221; sticky_enabled=&#8221;0&#8243;]<\/p>\n<p><strong>Se realiz\u00f3 la Audiencia P\u00fablica Informativa por el Presupuesto y el Reglamento 2026 de OSSE<\/strong><\/p>\n<p>El 25 de febrero de 2026, en el recinto del Honorable Concejo Deliberante del Partido de General Pueyrredon, se llev\u00f3 a cabo la Audiencia P\u00fablica Informativa convocada en relaci\u00f3n al \u201cPresupuesto de Gastos y C\u00e1lculo de Recursos de OSSE \u2013 A\u00f1o 2026\u201d y al \u201cReglamento General del Servicio Sanitario de OSSE \u2013 A\u00f1o 2026\u201d.<\/p>\n<p>Durante la jornada, los vecinos previamente inscriptos en el registro de participantes realizaron sus exposiciones, formularon consultas y presentaron consideraciones vinculadas a los temas tratados, en el marco de un espacio de participaci\u00f3n y transparencia institucional.<\/p>\n<p>\u25b6\ufe0f Mir\u00e1 el desarrollo completo de la audiencia haciendo<a href=\"https:\/\/www.youtube.com\/live\/H2k-f9wneZM\"> clik ac\u00e1.<\/a><\/p>\n<p>\u25b6\ufe0f Acced\u00e9 a la trancripci\u00f3n de la audiencia haciendo <a href=\"https:\/\/www.concejomdp.gov.ar\/legislacion\/actas_especiales\/Audiencias%20Publicas\/Audiencia%20Publica%20Presupuesto%202026.pdf\" target=\"_blank\" rel=\"noopener\">\u00a0clik ac\u00e1.<\/a><\/p>\n<p>&#8212;&#8211;<\/p>\n<p>[\/et_pb_text][\/et_pb_column][\/et_pb_row][et_pb_row disabled_on=&#8221;on|on|on&#8221; _builder_version=&#8221;4.25.1&#8243; _module_preset=&#8221;default&#8221; custom_padding=&#8221;||0px|||&#8221; disabled=&#8221;on&#8221; global_colors_info=&#8221;{}&#8221;][et_pb_column type=&#8221;4_4&#8243; _builder_version=&#8221;4.25.1&#8243; _module_preset=&#8221;default&#8221; global_colors_info=&#8221;{}&#8221;][et_pb_text _builder_version=&#8221;4.25.1&#8243; _module_preset=&#8221;default&#8221; global_colors_info=&#8221;{}&#8221;]<\/p>\n<p>La Municipalidad del Partido de General Pueyrredon convoca a <strong>Audiencia P\u00fablica Informativa referida al \u201cPresupuesto de Gastos y C\u00e1lculo de Recursos de OSSE \u2013 A\u00f1o 2026\u201d y el \u201cReglamento General del Servicio Sanitario de OSSE \u2013 A\u00f1o 2026\u201d<\/strong>, fij\u00e1ndose para el desarrollo de la misma el d\u00eda <strong>25 de febrero de 2026 a las 10 horas<\/strong> en el recinto del <strong>Honorable Concejo Deliberante de la Municipalidad del Partido de General Pueyrredon,<\/strong> sito en calle Hip\u00f3lito Yrigoyen n\u00ba 1627 \u2013 Ala Derecha \u2013 2do. Piso &#8211; de la ciudad de Mar del Plata.-<\/p>\n<p>Se informa que, a tales fines, a partir del 9 de febrero, se encontrar\u00e1 habilitado y a disposici\u00f3n de la poblaci\u00f3n, un <strong>Registro de participantes<\/strong> en el que podr\u00e1 inscribirse toda persona humana o jur\u00eddica que solicite asistir, acreditando su identidad y\/o representaci\u00f3n legal en forma fehaciente. La inscripci\u00f3n a dicho registro, podr\u00e1 realizarse hasta las<strong> 13 horas del d\u00eda 24 de febrero de 2026<\/strong> y se efectuar\u00e1 \u00fanicamente a trav\u00e9s del e-mail <strong>osse.mesadeentradas@osmgp.gov.ar,<\/strong> enunciando en el asunto del correo &#8220;Solicitud de Inscripci\u00f3n \u2013 Audiencia P\u00fablica&#8221;, adjuntando al mismo copia del DNI y en caso de representar a una persona jur\u00eddica la documentaci\u00f3n que lo respalde.<\/p>\n<p>[\/et_pb_text][\/et_pb_column][\/et_pb_row][et_pb_row _builder_version=&#8221;4.25.1&#8243; _module_preset=&#8221;default&#8221; custom_margin=&#8221;19px|auto||auto||&#8221; custom_padding=&#8221;6px||0px|||&#8221; global_colors_info=&#8221;{}&#8221;][et_pb_column type=&#8221;4_4&#8243; _builder_version=&#8221;4.25.1&#8243; _module_preset=&#8221;default&#8221; global_colors_info=&#8221;{}&#8221;][et_pb_text _builder_version=&#8221;4.25.1&#8243; _module_preset=&#8221;default&#8221; text_text_color=&#8221;#000000&#8243; text_font_size=&#8221;17px&#8221; custom_margin=&#8221;||8px|||&#8221; global_colors_info=&#8221;{}&#8221;]<\/p>\n<p><a href=\"https:\/\/www.osmgp.gov.ar\/osse\/wp-content\/uploads\/2026\/02\/Audiencia-Publica-2026.pdf\" target=\"_blank\" rel=\"noopener\">Convocatoria &#8211; Decreto 203\/26\u00a0<\/a><\/p>\n<p>[\/et_pb_text][\/et_pb_column][\/et_pb_row][et_pb_row disabled_on=&#8221;on|on|off&#8221; _builder_version=&#8221;4.25.1&#8243; custom_padding=&#8221;27px|0px|8px|0px|false|false&#8221; global_colors_info=&#8221;{}&#8221;][et_pb_column type=&#8221;4_4&#8243; _builder_version=&#8221;4.16&#8243; custom_padding=&#8221;|||&#8221; global_colors_info=&#8221;{}&#8221; custom_padding__hover=&#8221;|||&#8221;][et_pb_text _builder_version=&#8221;4.25.1&#8243; link_font=&#8221;||||||||&#8221; link_text_color=&#8221;#00b3aa&#8221; header_3_font=&#8221;||||||||&#8221; header_3_text_color=&#8221;#666666&#8243; header_4_font=&#8221;||||||||&#8221; header_4_text_color=&#8221;#8bcfdd&#8221; header_4_font_size=&#8221;15px&#8221; link_option_url=&#8221;https:\/\/www.osmgp.gov.ar\/osse\/wp-content\/uploads\/2022\/04\/REGLAMENTO-SERVICIO-SANITARIO-Ord-25387-RGSS-2022-promulg-06-04-22.pdf&#8221; link_option_url_new_window=&#8221;on&#8221; global_colors_info=&#8221;{}&#8221;]<\/p>\n<h4><span style=\"color: #000000;\"><strong>Documentaci\u00f3n de consulta:<\/strong><\/span><\/h4>\n<p>&nbsp;<\/p>\n<h4><a href=\"https:\/\/www.osmgp.gov.ar\/osse\/wp-content\/uploads\/2026\/02\/Proyecto-de-Ordenanza-Presupuesto-2026.pdf\" target=\"_blank\" rel=\"noopener noreferrer\">\u2022 Proyecto de Ordenanza &#8211; Presupuesto 2026<\/a><\/h4>\n<h4><a href=\"https:\/\/www.osmgp.gov.ar\/osse\/wp-content\/uploads\/2026\/02\/Anexo-Presupuesto-de-Gastos-2026-por-Jurisdiccion-Est.Prog-fuente-y-Objeto-del-Gasto.pdf\" target=\"_blank\" rel=\"noopener noreferrer\">\u00a0 \u00a0 \u00a0 \u00a0 \u00a0 \u00a0\u2022 <\/a><a href=\"https:\/\/www.osmgp.gov.ar\/osse\/wp-content\/uploads\/2026\/02\/Anexo-Presupuesto-de-Gastos-2026-por-Jurisdiccion-Est.Prog-fuente-y-Objeto-del-Gasto.pdf\" target=\"_blank\" rel=\"noopener\">Proyecto de Presupuesto de Gastos 2026<\/a><\/h4>\n<h4><a href=\"https:\/\/www.osmgp.gov.ar\/osse\/wp-content\/uploads\/2026\/02\/Anexo-Calculo-de-Recursos-2026-por-Rubro.pdf\" target=\"_blank\" rel=\"noopener noreferrer\">\u00a0 \u00a0 \u00a0 \u00a0 \u00a0 \u00a0\u2022 Proyecto de C\u00e1lculo de Recursos 2026<\/a><\/h4>\n<h4><a href=\"https:\/\/www.osmgp.gov.ar\/osse\/wp-content\/uploads\/2026\/02\/Proyecto-de-Presupuesto-Construcciones-2026.pdf\" target=\"_blank\" rel=\"noopener noreferrer\">\u00a0 \u00a0 \u00a0 \u00a0 \u00a0 \u00a0\u2022 Proyecto de Anexo Construcciones 2026<\/a><\/h4>\n<h4><a href=\"https:\/\/www.osmgp.gov.ar\/osse\/wp-content\/uploads\/2026\/02\/PROYECTO-DE-ORDENANZA-Y-RGSS-definitivo.pdf\" target=\"_blank\" rel=\"noopener noreferrer\">\u2022 Proyecto del Reglamento General del Servicio Sanitario 2026<\/a><\/h4>\n<p>[\/et_pb_text][\/et_pb_column][\/et_pb_row][et_pb_row disabled_on=&#8221;off|off|on&#8221; _builder_version=&#8221;4.25.1&#8243; custom_padding=&#8221;27px|0px|8px|0px|false|false&#8221; global_colors_info=&#8221;{}&#8221;][et_pb_column type=&#8221;4_4&#8243; _builder_version=&#8221;4.16&#8243; custom_padding=&#8221;|||&#8221; global_colors_info=&#8221;{}&#8221; custom_padding__hover=&#8221;|||&#8221;][et_pb_text _builder_version=&#8221;4.25.1&#8243; link_font=&#8221;||||||||&#8221; link_text_color=&#8221;#00b3aa&#8221; header_3_font=&#8221;||||||||&#8221; header_3_text_color=&#8221;#666666&#8243; header_4_font=&#8221;||||||||&#8221; header_4_text_color=&#8221;#8bcfdd&#8221; header_4_font_size=&#8221;15px&#8221; link_option_url=&#8221;https:\/\/www.osmgp.gov.ar\/osse\/wp-content\/uploads\/2022\/04\/REGLAMENTO-SERVICIO-SANITARIO-Ord-25387-RGSS-2022-promulg-06-04-22.pdf&#8221; link_option_url_new_window=&#8221;on&#8221; global_colors_info=&#8221;{}&#8221;]<\/p>\n<h4><span style=\"color: #000000;\"><strong>Documentaci\u00f3n de consulta:<\/strong><\/span><\/h4>\n<p>&nbsp;<\/p>\n<h4><a href=\"https:\/\/www.osmgp.gov.ar\/osse\/wp-content\/uploads\/2026\/02\/Proyecto-de-Ordenanza-Presupuesto-2026.pdf\" target=\"_blank\" rel=\"noopener noreferrer\">\u2022 Proyecto de Ordenanza &#8211; Presupuesto 2026<\/a><\/h4>\n<p><span style=\"font-size: small;\"><a href=\"https:\/\/www.osmgp.gov.ar\/osse\/wp-content\/uploads\/2026\/02\/Anexo-Presupuesto-de-Gastos-2026-por-Jurisdiccion-Est.Prog-fuente-y-Objeto-del-Gasto.pdf\" target=\"_blank\" rel=\"noopener noreferrer\">\u00a0 \u00a0 \u00a0 \u00a0 \u00a0 \u00a0\u2022 <\/a><a href=\"https:\/\/www.osmgp.gov.ar\/osse\/wp-content\/uploads\/2026\/02\/Anexo-Presupuesto-de-Gastos-2026-por-Jurisdiccion-Est.Prog-fuente-y-Objeto-del-Gasto.pdf\" target=\"_blank\" rel=\"noopener\">Proyecto de Presupuesto de Gastos 2026<\/a><\/span><br \/><a href=\"https:\/\/www.osmgp.gov.ar\/osse\/wp-content\/uploads\/2026\/02\/Anexo-Calculo-de-Recursos-2026-por-Rubro.pdf\" target=\"_blank\" rel=\"noopener noreferrer\">\u00a0 \u00a0 \u00a0 \u00a0 \u00a0 \u2022 Proyecto de C\u00e1lculo de Recursos 2026<\/a><a href=\"https:\/\/www.osmgp.gov.ar\/osse\/wp-content\/uploads\/2026\/02\/Proyecto-de-Presupuesto-Construcciones-2026.pdf\" target=\"_blank\" rel=\"noopener noreferrer\">\u00a0 \u00a0 \u00a0 \u00a0 \u00a0 \u00a0 \u00a0 \u00a0 \u00a0 \u2022 Proyecto de Anexo Construcciones 2026<\/a><\/p>\n<h4><\/h4>\n<h4><a href=\"https:\/\/www.osmgp.gov.ar\/osse\/wp-content\/uploads\/2026\/02\/PROYECTO-DE-ORDENANZA-Y-RGSS-definitivo.pdf\" target=\"_blank\" rel=\"noopener noreferrer\">\u2022 Proyecto del Reglamento General del Servicio Sanitario 2026<\/a><\/h4>\n<p>[\/et_pb_text][\/et_pb_column][\/et_pb_row][\/et_pb_section]<\/p>\n","protected":false},"excerpt":{"rendered":"<p>Se realiz\u00f3 la Audiencia P\u00fablica Informativa por el Presupuesto y el Reglamento 2026 de OSSE El 25 de febrero de 2026, en el recinto del Honorable Concejo Deliberante del Partido de General Pueyrredon, se llev\u00f3 a cabo la Audiencia P\u00fablica Informativa convocada en relaci\u00f3n al \u201cPresupuesto de Gastos y C\u00e1lculo de Recursos de OSSE \u2013 [&hellip;]<\/p>\n","protected":false},"author":1,"featured_media":0,"parent":0,"menu_order":0,"comment_status":"closed","ping_status":"closed","template":"","meta":{"_et_pb_use_builder":"on","_et_pb_old_content":"","_et_gb_content_width":""},"_links":{"self":[{"href":"https:\/\/www.osmgp.gov.ar\/osse\/wp-json\/wp\/v2\/pages\/13866"}],"collection":[{"href":"https:\/\/www.osmgp.gov.ar\/osse\/wp-json\/wp\/v2\/pages"}],"about":[{"href":"https:\/\/www.osmgp.gov.ar\/osse\/wp-json\/wp\/v2\/types\/page"}],"author":[{"embeddable":true,"href":"https:\/\/www.osmgp.gov.ar\/osse\/wp-json\/wp\/v2\/users\/1"}],"replies":[{"embeddable":true,"href":"https:\/\/www.osmgp.gov.ar\/osse\/wp-json\/wp\/v2\/comments?post=13866"}],"version-history":[{"count":20,"href":"https:\/\/www.osmgp.gov.ar\/osse\/wp-json\/wp\/v2\/pages\/13866\/revisions"}],"predecessor-version":[{"id":14384,"href":"https:\/\/www.osmgp.gov.ar\/osse\/wp-json\/wp\/v2\/pages\/13866\/revisions\/14384"}],"wp:attachment":[{"href":"https:\/\/www.osmgp.gov.ar\/osse\/wp-json\/wp\/v2\/media?parent=13866"}],"curies":[{"name":"wp","href":"https:\/\/api.w.org\/{rel}","templated":true}]}}