

{"id":173,"date":"2019-05-15T11:40:22","date_gmt":"2019-05-15T14:40:22","guid":{"rendered":"http:\/\/10.10.10.3\/osse2\/?page_id=173"},"modified":"2025-08-21T15:39:06","modified_gmt":"2025-08-21T18:39:06","slug":"gestion-hidrica","status":"publish","type":"page","link":"https:\/\/www.osmgp.gov.ar\/osse\/gestion-hidrica\/","title":{"rendered":"Gesti\u00f3n h\u00eddrica"},"content":{"rendered":"<p>[et_pb_section fb_built=&#8221;1&#8243; admin_label=&#8221;About Us Section&#8221; _builder_version=&#8221;4.16&#8243; background_image=&#8221;https:\/\/www.osmgp.gov.ar\/osse\/wp-content\/uploads\/2019\/09\/water-1.jpg&#8221; parallax=&#8221;on&#8221; custom_margin=&#8221;|5%||5%&#8221; custom_margin_tablet=&#8221;&#8221; custom_margin_phone=&#8221;|0px|-93px|0px&#8221; custom_margin_last_edited=&#8221;on|phone&#8221; custom_padding=&#8221;4.6%|0|84px||false|false&#8221; animation_style=&#8221;zoom&#8221; animation_direction=&#8221;top&#8221; animation_intensity_zoom=&#8221;5%&#8221; box_shadow_style=&#8221;preset7&#8243; box_shadow_horizontal=&#8221;0px&#8221; box_shadow_vertical=&#8221;-200px&#8221; box_shadow_color=&#8221;#ffffff&#8221; global_colors_info=&#8221;{}&#8221;][et_pb_row column_structure=&#8221;2_3,1_3&#8243; admin_label=&#8221;About Us Area&#8221; _builder_version=&#8221;4.16&#8243; background_size=&#8221;initial&#8221; background_position=&#8221;top_left&#8221; background_repeat=&#8221;repeat&#8221; custom_padding=&#8221;27px|0px|0|0px|false|false&#8221; global_colors_info=&#8221;{}&#8221;][et_pb_column type=&#8221;2_3&#8243; _builder_version=&#8221;4.16&#8243; custom_padding=&#8221;|||&#8221; global_colors_info=&#8221;{}&#8221; custom_padding__hover=&#8221;|||&#8221;][et_pb_text admin_label=&#8221;Title&#8221; _builder_version=&#8221;4.16&#8243; text_font=&#8221;Montserrat||||||||&#8221; text_text_color=&#8221;#747d88&#8243; text_font_size=&#8221;15px&#8221; text_line_height=&#8221;1.9em&#8221; header_font=&#8221;||||||||&#8221; header_text_align=&#8221;left&#8221; header_2_font=&#8221;Montserrat|700||on|||||&#8221; header_2_font_size=&#8221;28px&#8221; header_2_line_height=&#8221;1.3em&#8221; background_color=&#8221;#f7f7f7&#8243; background_size=&#8221;initial&#8221; background_position=&#8221;top_left&#8221; background_repeat=&#8221;repeat&#8221; max_width=&#8221;700px&#8221; module_alignment=&#8221;left&#8221; custom_margin=&#8221;|||&#8221; custom_padding=&#8221;10%|10%|10%|10%&#8221; animation_style=&#8221;slide&#8221; animation_direction=&#8221;bottom&#8221; animation_intensity_slide=&#8221;4%&#8221; animation_starting_opacity=&#8221;100%&#8221; text_font_size_tablet=&#8221;&#8221; text_font_size_phone=&#8221;12px&#8221; text_font_size_last_edited=&#8221;on|desktop&#8221; header_2_font_size_tablet=&#8221;&#8221; header_2_font_size_phone=&#8221;31px&#8221; header_2_font_size_last_edited=&#8221;on|desktop&#8221; box_shadow_style=&#8221;preset1&#8243; box_shadow_vertical=&#8221;15px&#8221; box_shadow_blur=&#8221;45px&#8221; box_shadow_color=&#8221;rgba(0,0,0,0.15)&#8221; locked=&#8221;off&#8221; global_colors_info=&#8221;{}&#8221;]<\/p>\n<h2>Energ\u00edas renovables y recursos H\u00eddricos<\/h2>\n<div class=\"entry-content clearfix\">\n<p>Para el manejo de los Recursos H\u00eddricos en el partido de Gral. Pueyrredon,\u00a0OSSE\u00a0ha implementado la metodolog\u00eda de manejo sustentable del acu\u00edfero, que fundamentalmente consiste en considerar potencialmente explotables s\u00f3lo aquellos vol\u00famenes que anualmente se recargan en cada una de las cuencas hidrol\u00f3gicas, evit\u00e1ndose extraer m\u00e1s agua que la disponible. Es decir, la extracci\u00f3n y transporte del agua se realiza permitiendo un balance equilibrado dentro del ciclo hidrol\u00f3gico.<\/p>\n<p>Para esta tarea\u00a0OSSE\u00a0dispone de programas espec\u00edficos tanto para monitorear el acu\u00edfero como para determinar la eficiencia de la producci\u00f3n de los pozos. Con base al estudio de los niveles y caudales se establece el volumen a explotar en forma segura.<\/p>\n<\/div>\n<p>[\/et_pb_text][\/et_pb_column][et_pb_column type=&#8221;1_3&#8243; _builder_version=&#8221;4.16&#8243; custom_padding=&#8221;|||&#8221; global_colors_info=&#8221;{}&#8221; custom_padding__hover=&#8221;|||&#8221;][\/et_pb_column][\/et_pb_row][\/et_pb_section][et_pb_section fb_built=&#8221;1&#8243; _builder_version=&#8221;4.16&#8243; custom_padding=&#8221;50.5156px|0px|0|0px|false|false&#8221; global_colors_info=&#8221;{}&#8221;][et_pb_row _builder_version=&#8221;4.16&#8243; global_colors_info=&#8221;{}&#8221;][et_pb_column type=&#8221;4_4&#8243; _builder_version=&#8221;4.16&#8243; custom_padding=&#8221;|||&#8221; global_colors_info=&#8221;{}&#8221; custom_padding__hover=&#8221;|||&#8221;][et_pb_text _builder_version=&#8221;4.25.1&#8243; text_font=&#8221;||||||||&#8221; text_font_size=&#8221;16px&#8221; link_font=&#8221;||||||||&#8221; link_text_color=&#8221;#00b3aa&#8221; hover_enabled=&#8221;0&#8243; global_colors_info=&#8221;{}&#8221; sticky_enabled=&#8221;0&#8243;]<\/p>\n<p><strong>MONITOREO DE NIVELES DEL ACU\u00cdFERO PAMPEANO CON SENSORES AUTOM\u00c1TICOS.<\/strong><br \/><strong>NORTE DEL PARTIDO DE GENERAL PUEYRREDON<\/strong><\/p>\n<p>El estudio tuvo como prop\u00f3sito aportar herramientas fundamentales para: caracterizar la din\u00e1mica del acu\u00edfero, identificar \u00e1reas vulnerables a la intrusi\u00f3n salina, contribuir al dise\u00f1o de estrategias para una explotaci\u00f3n m\u00e1s eficiente y sostenible de los recursos h\u00eddricos.<\/p>\n<p><a title=\"Click para abrir el documento\" href=\"https:\/\/www.osmgp.gov.ar\/osse\/wp-content\/uploads\/2025\/08\/175_Resumen_extendido_Conagua_2025_OSSE_mod-1.pdf\" target=\"_blank\" rel=\"noopener noreferrer\">Click para abrir el documento completo<\/a><\/p>\n<p>[\/et_pb_text][\/et_pb_column][\/et_pb_row][et_pb_row _builder_version=&#8221;4.16&#8243; custom_padding=&#8221;4px|0px|0|0px|false|false&#8221; global_colors_info=&#8221;{}&#8221;][et_pb_column type=&#8221;4_4&#8243; _builder_version=&#8221;4.16&#8243; custom_padding=&#8221;|||&#8221; global_colors_info=&#8221;{}&#8221; custom_padding__hover=&#8221;|||&#8221;][et_pb_divider color=&#8221;#000000&#8243; _builder_version=&#8221;4.16&#8243; global_colors_info=&#8221;{}&#8221;][\/et_pb_divider][\/et_pb_column][\/et_pb_row][\/et_pb_section][et_pb_section fb_built=&#8221;1&#8243; _builder_version=&#8221;4.16&#8243; custom_padding=&#8221;50.5156px|0px|0|0px|false|false&#8221; global_colors_info=&#8221;{}&#8221;][et_pb_row _builder_version=&#8221;4.16&#8243; global_colors_info=&#8221;{}&#8221;][et_pb_column type=&#8221;4_4&#8243; _builder_version=&#8221;4.16&#8243; custom_padding=&#8221;|||&#8221; global_colors_info=&#8221;{}&#8221; custom_padding__hover=&#8221;|||&#8221;][et_pb_text _builder_version=&#8221;4.16&#8243; text_font=&#8221;||||||||&#8221; text_font_size=&#8221;16px&#8221; link_font=&#8221;||||||||&#8221; link_text_color=&#8221;#00b3aa&#8221; global_colors_info=&#8221;{}&#8221;]<\/p>\n<p><strong>GESTION HIDRICA Y GOBERNANZA DE CUENCAS EN LA AGENDA DEL CAMBIO CLIMATICO (CC)<\/strong><\/p>\n<p>General Pueyrredon es un peque\u00f1o partido en el Sudeste de la Provincia de Buenos Aires que \u00a0abarca unos 1.500 km\u00b2, con dos ciudades Mar del Plata y Batan que alberga a unos 900.000 habitantes, siendo el agua abastecida por OSSE de origen subterr\u00e1neo, por lo cual los cambios en el acu\u00edfero no se percibe tan r\u00e1pidamente, como los que se abastecen de aguas superficiales, ya que tiene velocidades m\u00e1s lentas que le otorgan una inercia y seguridad de abasto mayor. Sin embargo, despu\u00e9s de tres a\u00f1os de sequ\u00eda nos encontramos, al igual que otros servicios a lo largo del pa\u00eds, en una situaci\u00f3n controlada pero comprometida por causas relacionadas con el CC.<\/p>\n<p><a title=\"Click para abrir el documento\" href=\"https:\/\/www.osmgp.gov.ar\/osse\/wp-content\/uploads\/2022\/11\/Gobernanza.pdf\" target=\"_blank\" rel=\"noopener noreferrer\">Click para abrir el documento completo<\/a><\/p>\n<p>[\/et_pb_text][\/et_pb_column][\/et_pb_row][et_pb_row _builder_version=&#8221;4.16&#8243; custom_padding=&#8221;4px|0px|0|0px|false|false&#8221; global_colors_info=&#8221;{}&#8221;][et_pb_column type=&#8221;4_4&#8243; _builder_version=&#8221;4.16&#8243; custom_padding=&#8221;|||&#8221; global_colors_info=&#8221;{}&#8221; custom_padding__hover=&#8221;|||&#8221;][et_pb_divider color=&#8221;#000000&#8243; _builder_version=&#8221;4.16&#8243; global_colors_info=&#8221;{}&#8221;][\/et_pb_divider][\/et_pb_column][\/et_pb_row][\/et_pb_section][et_pb_section fb_built=&#8221;1&#8243; _builder_version=&#8221;4.16&#8243; custom_padding=&#8221;50.5156px|0px|0|0px|false|false&#8221; global_colors_info=&#8221;{}&#8221;][et_pb_row _builder_version=&#8221;4.16&#8243; global_colors_info=&#8221;{}&#8221;][et_pb_column type=&#8221;4_4&#8243; _builder_version=&#8221;4.16&#8243; custom_padding=&#8221;|||&#8221; global_colors_info=&#8221;{}&#8221; custom_padding__hover=&#8221;|||&#8221;][et_pb_text _builder_version=&#8221;4.16&#8243; text_font=&#8221;||||||||&#8221; text_font_size=&#8221;16px&#8221; link_font=&#8221;||||||||&#8221; link_text_color=&#8221;#00b3aa&#8221; global_colors_info=&#8221;{}&#8221;]<\/p>\n<p><strong>MAPA FISICO-POLITICO DEL PARTIDO DE GENERAL PUEYRREDON<\/strong><\/p>\n<p>El mapa f\u00edsico-pol\u00edtico del Partido de General Pueyrredon, fue realizado sobre la base de la cartograf\u00eda que se viene utilizando internamente para la ubicaci\u00f3n y el an\u00e1lisis de los datos y resultados de los estudios referidos a los recursos h\u00eddricos subterr\u00e1neos del mismo Partido, que se llevan adelante en OSSE MGP desde 1987, y ha sido ajustado al marco geod\u00e9sico oficial actual de la Rep\u00fablica Argentina.<\/p>\n<p><a title=\"Click para abrir el documento\" href=\"https:\/\/www.osmgp.gov.ar\/osse\/wp-content\/uploads\/2022\/06\/MAPA-FISICO-POLITICO-DEL-PARTIDO-DE-GENERAL-PUEYRREDON.pdf\" target=\"_blank\" rel=\"noopener noreferrer\">Click para abrir el documento completo<\/a><\/p>\n<p>[\/et_pb_text][\/et_pb_column][\/et_pb_row][et_pb_row _builder_version=&#8221;4.16&#8243; custom_padding=&#8221;4px|0px|0|0px|false|false&#8221; global_colors_info=&#8221;{}&#8221;][et_pb_column type=&#8221;4_4&#8243; _builder_version=&#8221;4.16&#8243; custom_padding=&#8221;|||&#8221; global_colors_info=&#8221;{}&#8221; custom_padding__hover=&#8221;|||&#8221;][et_pb_divider color=&#8221;#000000&#8243; _builder_version=&#8221;4.16&#8243; global_colors_info=&#8221;{}&#8221;][\/et_pb_divider][\/et_pb_column][\/et_pb_row][\/et_pb_section][et_pb_section fb_built=&#8221;1&#8243; _builder_version=&#8221;4.16&#8243; custom_padding=&#8221;50.5156px|0px|0|0px|false|false&#8221; global_colors_info=&#8221;{}&#8221;][et_pb_row _builder_version=&#8221;4.16&#8243; global_colors_info=&#8221;{}&#8221;][et_pb_column type=&#8221;4_4&#8243; _builder_version=&#8221;4.16&#8243; custom_padding=&#8221;|||&#8221; global_colors_info=&#8221;{}&#8221; custom_padding__hover=&#8221;|||&#8221;][et_pb_text _builder_version=&#8221;4.16&#8243; text_font=&#8221;||||||||&#8221; text_font_size=&#8221;16px&#8221; link_font=&#8221;||||||||&#8221; link_text_color=&#8221;#00b3aa&#8221; global_colors_info=&#8221;{}&#8221;]<\/p>\n<p class=\"entry-title\"><strong>AN\u00c1LISIS CARTOGR\u00c1FICO DE OSSE POSIBILIT\u00d3 LA INCORPORACI\u00d3N DE DOS ARROYOS EN EL NOMENCLADOR NACIONAL DE NOMBRES GEOGR\u00c1FICOS<\/strong><\/p>\n<p>Un informe realizado por el subgerente de Recursos H\u00eddricos de Obras Sanitarias, Ignacio Redin, deriv\u00f3 en una gesti\u00f3n exitosa ante el Instituto Geogr\u00e1fico Nacional, que, con la documentaci\u00f3n en su poder, tom\u00f3 el caso y acept\u00f3 las sugerencias.<\/p>\n<p>Frente a la evidencia sostenida en la evaluaci\u00f3n de un conjunto de documentos cartogr\u00e1ficos, el organismo accedi\u00f3 a modificar la toponimia oficial de los arroyos en cuesti\u00f3n y a\u00f1adirla a sus registros.<\/p>\n<p>La novedad permiti\u00f3, a su vez, renovar los carteles identificatorios en los cruces con la Autov\u00eda 2 y la Ruta 11. El trabajo fue llevado adelante por operarios de AUBASA, en respuesta al requerimiento formal efectuado por la Direcci\u00f3n de Vialidad de la Provincia de Buenos Aires.<\/p>\n<p>Asimismo, a los fines de que puedan actualizar sus datos de referencia geogr\u00e1fica, se inform\u00f3 respecto de los cambios a la Autoridad del Agua de la Provincia de Buenos Aires y al Instituto de Geolog\u00eda de Costas y del Cuaternario, dependiente de la Universidad Nacional de Mar del Plata.<\/p>\n<p><a href=\"https:\/\/www.osmgp.gov.ar\/osse\/wp-content\/uploads\/2021\/10\/Informe-sobre-cartograf\u00eda-de-los-Arroyo-los-Patos-y-Santa-Elena-I.-Redin.pdf\" download=\"\">Click para descargar Documento de la Gesti\u00f3n.<\/a><br \/> <a href=\"https:\/\/www.osmgp.gov.ar\/osse\/wp-content\/uploads\/2021\/10\/IF-2021-29800318-APN-DNSGIGN.pdf\" download=\"\">Click para descargar respuesta del Instituto Geogr\u00e1fico Nacional<\/a>.<\/p>\n<p>[\/et_pb_text][\/et_pb_column][\/et_pb_row][et_pb_row _builder_version=&#8221;4.16&#8243; custom_padding=&#8221;4px|0px|0|0px|false|false&#8221; global_colors_info=&#8221;{}&#8221;][et_pb_column type=&#8221;4_4&#8243; _builder_version=&#8221;4.16&#8243; custom_padding=&#8221;|||&#8221; global_colors_info=&#8221;{}&#8221; custom_padding__hover=&#8221;|||&#8221;][et_pb_divider color=&#8221;#000000&#8243; _builder_version=&#8221;4.16&#8243; global_colors_info=&#8221;{}&#8221;][\/et_pb_divider][\/et_pb_column][\/et_pb_row][\/et_pb_section][et_pb_section fb_built=&#8221;1&#8243; _builder_version=&#8221;4.16&#8243; custom_padding=&#8221;50.5156px|0px|0|0px|false|false&#8221; global_colors_info=&#8221;{}&#8221;][et_pb_row _builder_version=&#8221;4.16&#8243; global_colors_info=&#8221;{}&#8221;][et_pb_column type=&#8221;4_4&#8243; _builder_version=&#8221;4.16&#8243; custom_padding=&#8221;|||&#8221; global_colors_info=&#8221;{}&#8221; custom_padding__hover=&#8221;|||&#8221;][et_pb_text _builder_version=&#8221;4.16&#8243; text_font=&#8221;||||||||&#8221; text_font_size=&#8221;16px&#8221; link_font=&#8221;||||||||&#8221; link_text_color=&#8221;#00b3aa&#8221; global_colors_info=&#8221;{}&#8221;]<\/p>\n<p><strong>LA EVOLUCI\u00d3N DE LA INTRUSI\u00d3N SALINA EN EL ACU\u00cdFERO MARPLATENSE EJEMPLO DE UNA GESTI\u00d3N SUSTENTABLE <\/strong><\/p>\n<p>La gesti\u00f3n sustentable de acu\u00edferos costeros requiere una explotaci\u00f3n racional de los recursos h\u00eddricos, considerando las diferentes protecciones naturales frente a la intrusi\u00f3n marina. Esta explotaci\u00f3n debe estar acorde a las variables hidrol\u00f3gicas, y estableciendo la forma m\u00e1s eficaz posible de extraer el m\u00e1ximo caudal disponible satisfaciendo los diferentes usos locales (domestico, agricultura, industria, etc.) En el caso de Mar del Plata, obtiene agua para consumo solo de recursos subterr\u00e1neos. Adem\u00e1s es la principal ciudad tur\u00edstica de Argentina, y requiere un volumen adicional, que produce un estr\u00e9s en el acu\u00edfero por explotaci\u00f3n intensiva durante los meses de enero y febrero. El estudio de la evoluci\u00f3n de la intrusi\u00f3n salina durante el siglo pasado permite entender, aunque de forma imperfecta, el mecanismo para explotar el acu\u00edfero local, manteniendo los niveles piezom\u00e9tricos en un sutil equilibrio que permita evitar por un lado la salinizaci\u00f3n de algunos sectores costeros y por otro, que zonas que han sido saneadas vuelvan a encharcarse o inundarse. En este momento est\u00e1n siendo desarrolladas acciones para controlar la superficie piezom\u00e9trica y para mantener una somera protecci\u00f3n costera contra la intrusi\u00f3n.<\/p>\n<p><a title=\"Click para abrir el documento\" href=\"\/osse\/documentos\/pdf\/evolucion_intrusion_salina.pdf\" target=\"_blank\" rel=\"noopener\">Click para abrir el documento completo<\/a><\/p>\n<p>[\/et_pb_text][\/et_pb_column][\/et_pb_row][et_pb_row _builder_version=&#8221;4.16&#8243; custom_padding=&#8221;4px|0px|0|0px|false|false&#8221; global_colors_info=&#8221;{}&#8221;][et_pb_column type=&#8221;4_4&#8243; _builder_version=&#8221;4.16&#8243; custom_padding=&#8221;|||&#8221; global_colors_info=&#8221;{}&#8221; custom_padding__hover=&#8221;|||&#8221;][et_pb_divider color=&#8221;#000000&#8243; _builder_version=&#8221;4.16&#8243; global_colors_info=&#8221;{}&#8221;][\/et_pb_divider][\/et_pb_column][\/et_pb_row][\/et_pb_section][et_pb_section fb_built=&#8221;1&#8243; _builder_version=&#8221;4.16&#8243; custom_padding=&#8221;0|0px|50.5156px|0px|false|false&#8221; global_colors_info=&#8221;{}&#8221;][et_pb_row _builder_version=&#8221;4.16&#8243; global_colors_info=&#8221;{}&#8221;][et_pb_column type=&#8221;4_4&#8243; _builder_version=&#8221;4.16&#8243; custom_padding=&#8221;|||&#8221; global_colors_info=&#8221;{}&#8221; custom_padding__hover=&#8221;|||&#8221;][et_pb_text _builder_version=&#8221;4.16&#8243; text_font=&#8221;||||||||&#8221; text_font_size=&#8221;16px&#8221; link_font=&#8221;||||||||&#8221; link_text_color=&#8221;#00b3aa&#8221; link_option_url=&#8221;https:\/\/www.osmgp.gov.ar\/osse\/wp-content\/uploads\/2019\/12\/la_explotacion_racional_del_agua.pdf&#8221; link_option_url_new_window=&#8221;on&#8221; global_colors_info=&#8221;{}&#8221;]<\/p>\n<p><strong>LA EXPLOTACI\u00d3N RACIONAL DE LOS RECURSOS H\u00cdDRICOS SUBTERR\u00c1NEOS EN EL PARTIDO DE GENERAL PUEYRRED\u00d3N (BUENOS AIRES \u2013 ARGENTINA) EL CASO DE OBRAS SANITARIAS MAR DEL PLATA S.E.<\/strong><\/p>\n<p>En el presente trabajo se realiza una revisi\u00f3n cr\u00edtica de los distintos esquemas de explotaci\u00f3n de los recursos h\u00eddricos subterr\u00e1neos ejecutados desde los inicios del servicio de abastecimiento de agua potable a la ciudad de Mar del Plata y se dan a conocer los resultados obtenidos por Obras Sanitarias Mar del Plata SE, a partir de 1993, con la aplicaci\u00f3n de una nueva estrategia dise\u00f1ada en la misma Empresa y que apunta fundamentalmente a un aprovechamiento sustentable de los acu\u00edferos. Asimismo se dan a conocer los argumentos t\u00e9cnicos que sirvieron de marco conceptual para el dise\u00f1o de la nueva estrategia de explotaci\u00f3n.<\/p>\n<p><a title=\"Click para abrir el documento\" href=\"https:\/\/www.osmgp.gov.ar\/osse\/wp-content\/uploads\/2019\/12\/la_explotacion_racional_del_agua.pdf\" target=\"_blank\" rel=\"noopener\">Click para abrir el documento completo<\/a><\/p>\n<p>[\/et_pb_text][\/et_pb_column][\/et_pb_row][et_pb_row _builder_version=&#8221;4.16&#8243; custom_padding=&#8221;0|0px|25.25px|0px|false|false&#8221; global_colors_info=&#8221;{}&#8221;][et_pb_column type=&#8221;4_4&#8243; _builder_version=&#8221;4.16&#8243; custom_padding=&#8221;|||&#8221; global_colors_info=&#8221;{}&#8221; custom_padding__hover=&#8221;|||&#8221;][et_pb_divider color=&#8221;#000000&#8243; _builder_version=&#8221;4.16&#8243; global_colors_info=&#8221;{}&#8221;][\/et_pb_divider][\/et_pb_column][\/et_pb_row][\/et_pb_section]<\/p>\n","protected":false},"excerpt":{"rendered":"<p>Energ\u00edas renovables y recursos H\u00eddricos Para el manejo de los Recursos H\u00eddricos en el partido de Gral. Pueyrredon,\u00a0OSSE\u00a0ha implementado la metodolog\u00eda de manejo sustentable del acu\u00edfero, que fundamentalmente consiste en considerar potencialmente explotables s\u00f3lo aquellos vol\u00famenes que anualmente se recargan en cada una de las cuencas hidrol\u00f3gicas, evit\u00e1ndose extraer m\u00e1s agua que la disponible. Es [&hellip;]<\/p>\n","protected":false},"author":1,"featured_media":0,"parent":0,"menu_order":0,"comment_status":"closed","ping_status":"closed","template":"","meta":{"_et_pb_use_builder":"on","_et_pb_old_content":"","_et_gb_content_width":""},"_links":{"self":[{"href":"https:\/\/www.osmgp.gov.ar\/osse\/wp-json\/wp\/v2\/pages\/173"}],"collection":[{"href":"https:\/\/www.osmgp.gov.ar\/osse\/wp-json\/wp\/v2\/pages"}],"about":[{"href":"https:\/\/www.osmgp.gov.ar\/osse\/wp-json\/wp\/v2\/types\/page"}],"author":[{"embeddable":true,"href":"https:\/\/www.osmgp.gov.ar\/osse\/wp-json\/wp\/v2\/users\/1"}],"replies":[{"embeddable":true,"href":"https:\/\/www.osmgp.gov.ar\/osse\/wp-json\/wp\/v2\/comments?post=173"}],"version-history":[{"count":38,"href":"https:\/\/www.osmgp.gov.ar\/osse\/wp-json\/wp\/v2\/pages\/173\/revisions"}],"predecessor-version":[{"id":13068,"href":"https:\/\/www.osmgp.gov.ar\/osse\/wp-json\/wp\/v2\/pages\/173\/revisions\/13068"}],"wp:attachment":[{"href":"https:\/\/www.osmgp.gov.ar\/osse\/wp-json\/wp\/v2\/media?parent=173"}],"curies":[{"name":"wp","href":"https:\/\/api.w.org\/{rel}","templated":true}]}}