

{"id":1750,"date":"2019-07-04T10:39:25","date_gmt":"2019-07-04T13:39:25","guid":{"rendered":"http:\/\/10.10.10.3\/osse2\/?page_id=1750"},"modified":"2020-01-17T09:19:59","modified_gmt":"2020-01-17T12:19:59","slug":"licitaciones-2","status":"publish","type":"page","link":"https:\/\/www.osmgp.gov.ar\/osse\/licitaciones-2\/","title":{"rendered":"Licitaciones"},"content":{"rendered":"<p><span style=\"color: #1772af;\"><strong>Nota:<\/strong><\/span><\/p>\n<p><strong>Para participar en Licitaciones debe tener vigente la Inscripci\u00f3n en el Registro de Proveedores de OSSE, cuyo vencimiento opera los 30 de junio de cada a\u00f1o.<\/strong><\/p>\n<hr \/>\n<p>Los datos est\u00e1n ordenados por fecha de publicacion en forma descendentes.Realice una busqueda y utilice la barra de desplazamiento vertical para recorrer las licitaciones.A la derecha de de cada fila hay un LINK para ver detalles y descargar archivos con informaci\u00f3n complementaria:<\/p>\n<hr \/>\n<p><span style=\"color: #1772af; font-size: large;\">Buscar Licitaciones: <\/span><\/p>\n<script type='text\/javascript'>  \nwindow.onload = document.write(\"<iframe width='100%' height='250' marginwidth='0' marginheight='0' scrolling='auto' frameborder='0'  src='\/osse\/admin\/buscar_licitacion.php' ><\/iframe> \"); \n <\/script>\n<hr \/>\n","protected":false},"excerpt":{"rendered":"<p>Nota: Para participar en Licitaciones debe tener vigente la Inscripci\u00f3n en el Registro de Proveedores de OSSE, cuyo vencimiento opera los 30 de junio de cada a\u00f1o. Los datos est\u00e1n ordenados por fecha de publicacion en forma descendentes.Realice una busqueda y utilice la barra de desplazamiento vertical para recorrer las licitaciones.A la derecha de de [&hellip;]<\/p>\n","protected":false},"author":1,"featured_media":0,"parent":0,"menu_order":0,"comment_status":"closed","ping_status":"closed","template":"","meta":{"_et_pb_use_builder":"off","_et_pb_old_content":"<span style=\"color: #1772af;\"><strong>Nota:<\/strong><\/span>\r\n\r\n<strong>Para participar en Licitaciones debe tener vigente la Inscripci\u00f3n en el Registro de Proveedores de OSSE, cuyo vencimiento opera los 30 de junio de cada a\u00f1o.<\/strong>\r\n\r\n<hr \/>\r\n\r\n[important]Los datos est\u00e1n ordenados por fecha de publicacion en forma descendentes.Realice una busqueda y utilice la barra de desplazamiento vertical para recorrer las licitaciones.A la derecha de de cada fila hay un LINK para ver detalles y descargar archivos con informaci\u00f3n complementaria:[\/important]\r\n\r\n<hr \/>\r\n\r\n<span style=\"color: #1772af; font-size: large;\">Buscar Licitaciones: <\/span>\r\n\r\n[iframe_loader src=\"\/osse\/admin\/buscar_licitacion.php\"]\r\n\r\n<hr \/>","_et_gb_content_width":""},"_links":{"self":[{"href":"https:\/\/www.osmgp.gov.ar\/osse\/wp-json\/wp\/v2\/pages\/1750"}],"collection":[{"href":"https:\/\/www.osmgp.gov.ar\/osse\/wp-json\/wp\/v2\/pages"}],"about":[{"href":"https:\/\/www.osmgp.gov.ar\/osse\/wp-json\/wp\/v2\/types\/page"}],"author":[{"embeddable":true,"href":"https:\/\/www.osmgp.gov.ar\/osse\/wp-json\/wp\/v2\/users\/1"}],"replies":[{"embeddable":true,"href":"https:\/\/www.osmgp.gov.ar\/osse\/wp-json\/wp\/v2\/comments?post=1750"}],"version-history":[{"count":5,"href":"https:\/\/www.osmgp.gov.ar\/osse\/wp-json\/wp\/v2\/pages\/1750\/revisions"}],"predecessor-version":[{"id":3824,"href":"https:\/\/www.osmgp.gov.ar\/osse\/wp-json\/wp\/v2\/pages\/1750\/revisions\/3824"}],"wp:attachment":[{"href":"https:\/\/www.osmgp.gov.ar\/osse\/wp-json\/wp\/v2\/media?parent=1750"}],"curies":[{"name":"wp","href":"https:\/\/api.w.org\/{rel}","templated":true}]}}