

{"id":179,"date":"2019-05-15T11:42:19","date_gmt":"2019-05-15T14:42:19","guid":{"rendered":"http:\/\/10.10.10.3\/osse2\/?page_id=179"},"modified":"2023-12-15T17:45:07","modified_gmt":"2023-12-15T20:45:07","slug":"radar-meteorologico","status":"publish","type":"page","link":"https:\/\/www.osmgp.gov.ar\/osse\/radar-meteorologico\/","title":{"rendered":"Radar meteorol\u00f3gico"},"content":{"rendered":"<p>[et_pb_section fb_built=&#8221;1&#8243; _builder_version=&#8221;3.21.4&#8243; custom_padding=&#8221;0|0px|50.5156px|0px|false|false&#8221;][et_pb_row _builder_version=&#8221;3.21.4&#8243;][et_pb_column type=&#8221;4_4&#8243; _builder_version=&#8221;3.21.4&#8243;][et_pb_text _builder_version=&#8221;3.21.4&#8243; link_font=&#8221;||||||||&#8221; link_text_color=&#8221;#00b3aa&#8221;]<\/p>\n<p style=\"text-align: center;\"><a href=\"https:\/\/www.smn.gob.ar\/radar\" target=\"_blank\" rel=\"noopener noreferrer\">Click en la imagen para ingresar al Mosaico de Radares SiNaRaMe<\/a><\/p>\n<p><a href=\"https:\/\/www.smn.gob.ar\/radar\" target=\"_blank\" rel=\"noopener noreferrer\"><img decoding=\"async\" loading=\"lazy\" src=\"https:\/\/www.osmgp.gov.ar\/osse\/wp-content\/uploads\/2019\/07\/sinarame-logo-300x110.png\" width=\"300\" height=\"110\" alt=\"\" class=\"wp-image-2537 alignnone size-medium\" style=\"display: block; margin-left: auto; margin-right: auto;\" srcset=\"https:\/\/www.osmgp.gov.ar\/osse\/wp-content\/uploads\/2019\/07\/sinarame-logo-300x110.png 300w, https:\/\/www.osmgp.gov.ar\/osse\/wp-content\/uploads\/2019\/07\/sinarame-logo.png 392w\" sizes=\"(max-width: 300px) 100vw, 300px\" \/><\/a><\/p>\n<p style=\"text-align: justify;\">En este portal se presenta la informaci\u00f3n generada por los radares del Sistema Nacional de Radares Meteorol\u00f3gicos (SiNaRaMe).<\/p>\n<p style=\"text-align: justify;\">Las im\u00e1genes representan el Factor de Reflectividad Equivalente medido por los radares, el cual constituye un indicador de la fenomenolog\u00eda atmosf\u00e9rica. Valores elevados se vinculan con eventos severos como tormentas de agua intensa y granizo, mientras que valores bajos se corresponden con nubes de baja o nula precipitaci\u00f3n. Ocasionalmente, pueden detectarse eventos de origen no meteorol\u00f3gico como migraciones de insectos y\/o aves, presencia de aerosoles o interferencias indeseadas.<\/p>\n<p style=\"text-align: justify;\">Se recuerda que los \u00fanicos pron\u00f3sticos v\u00e1lidos de car\u00e1cter oficial son los producidos por el Servicio Meteorol\u00f3gico Nacional, por lo que la Secretar\u00eda de Infraestructura y Pol\u00edtica H\u00eddrica del Ministerio del Interior, Obras P\u00fablicas y Vivienda de la Naci\u00f3n, declina toda responsabilidad acerca de posibles consecuencias en la inadecuada utilizaci\u00f3n de las im\u00e1genes. Decisiones basadas en la interpretaci\u00f3n de las mismas son responsabilidad de quien las tome.<\/p>\n<p>Para sugerencias y comentarios escribir a:<strong><span>\u00a0<\/span>inforadares@mininterior.gob.ar<\/strong><\/p>\n<p>[\/et_pb_text][\/et_pb_column][\/et_pb_row][\/et_pb_section]<\/p>\n","protected":false},"excerpt":{"rendered":"<p>Click en la imagen para ingresar al Mosaico de Radares SiNaRaMe En este portal se presenta la informaci\u00f3n generada por los radares del Sistema Nacional de Radares Meteorol\u00f3gicos (SiNaRaMe). Las im\u00e1genes representan el Factor de Reflectividad Equivalente medido por los radares, el cual constituye un indicador de la fenomenolog\u00eda atmosf\u00e9rica. Valores elevados se vinculan con [&hellip;]<\/p>\n","protected":false},"author":1,"featured_media":0,"parent":0,"menu_order":0,"comment_status":"closed","ping_status":"closed","template":"","meta":{"_et_pb_use_builder":"on","_et_pb_old_content":"","_et_gb_content_width":""},"_links":{"self":[{"href":"https:\/\/www.osmgp.gov.ar\/osse\/wp-json\/wp\/v2\/pages\/179"}],"collection":[{"href":"https:\/\/www.osmgp.gov.ar\/osse\/wp-json\/wp\/v2\/pages"}],"about":[{"href":"https:\/\/www.osmgp.gov.ar\/osse\/wp-json\/wp\/v2\/types\/page"}],"author":[{"embeddable":true,"href":"https:\/\/www.osmgp.gov.ar\/osse\/wp-json\/wp\/v2\/users\/1"}],"replies":[{"embeddable":true,"href":"https:\/\/www.osmgp.gov.ar\/osse\/wp-json\/wp\/v2\/comments?post=179"}],"version-history":[{"count":9,"href":"https:\/\/www.osmgp.gov.ar\/osse\/wp-json\/wp\/v2\/pages\/179\/revisions"}],"predecessor-version":[{"id":8434,"href":"https:\/\/www.osmgp.gov.ar\/osse\/wp-json\/wp\/v2\/pages\/179\/revisions\/8434"}],"wp:attachment":[{"href":"https:\/\/www.osmgp.gov.ar\/osse\/wp-json\/wp\/v2\/media?parent=179"}],"curies":[{"name":"wp","href":"https:\/\/api.w.org\/{rel}","templated":true}]}}