

{"id":182,"date":"2019-05-15T11:42:41","date_gmt":"2019-05-15T14:42:41","guid":{"rendered":"http:\/\/10.10.10.3\/osse2\/?page_id=182"},"modified":"2024-04-17T15:05:20","modified_gmt":"2024-04-17T18:05:20","slug":"residuos","status":"publish","type":"page","link":"https:\/\/www.osmgp.gov.ar\/osse\/residuos\/","title":{"rendered":"Residuos"},"content":{"rendered":"<p>[et_pb_section fb_built=&#8221;1&#8243; fullwidth=&#8221;on&#8221; admin_label=&#8221;Page Header&#8221; _builder_version=&#8221;4.16&#8243; background_image=&#8221;https:\/\/www.osmgp.gov.ar\/osse\/wp-content\/uploads\/2019\/07\/Dy0IBzsX4AQlEEo.jpg&#8221; parallax=&#8221;on&#8221; animation_direction=&#8221;top&#8221; global_colors_info=&#8221;{}&#8221;][et_pb_fullwidth_header title=&#8221;Mantenimiento pluvial&#8221; text_orientation=&#8221;center&#8221; admin_label=&#8221;Hero Section&#8221; _builder_version=&#8221;4.16&#8243; title_font=&#8221;Montserrat|on|||&#8221; title_text_align=&#8221;center&#8221; title_font_size=&#8221;60px&#8221; title_line_height=&#8221;1.1em&#8221; content_font=&#8221;||||||||&#8221; content_font_size=&#8221;22px&#8221; content_line_height=&#8221;1.8em&#8221; subhead_font=&#8221;||||&#8221; background_color=&#8221;rgba(255,255,255,0)&#8221; use_background_color_gradient=&#8221;on&#8221; background_color_gradient_stops=&#8221;rgba(0,179,170,0.7) 0%|rgba(255,200,69,0.55) 100%&#8221; background_color_gradient_start=&#8221;rgba(0,179,170,0.7)&#8221; background_color_gradient_end=&#8221;rgba(255,200,69,0.55)&#8221; background_size=&#8221;initial&#8221; background_position=&#8221;top_left&#8221; background_repeat=&#8221;repeat&#8221; custom_button_one=&#8221;on&#8221; button_one_text_size=&#8221;16px&#8221; button_one_bg_color=&#8221;#6eba01&#8243; button_one_border_color=&#8221;#6eba01&#8243; button_one_border_radius=&#8221;0&#8243; button_one_letter_spacing=&#8221;2&#8243; button_one_font=&#8221;Montserrat|||on|&#8221; button_one_use_icon=&#8221;off&#8221; custom_button_two=&#8221;on&#8221; button_two_text_size=&#8221;16px&#8221; button_two_border_color=&#8221;#ffffff&#8221; button_two_border_radius=&#8221;0&#8243; button_two_letter_spacing=&#8221;2&#8243; button_two_font=&#8221;Montserrat|||on|&#8221; button_two_use_icon=&#8221;off&#8221; module_alignment=&#8221;left&#8221; animation_style=&#8221;fade&#8221; title_font_size_tablet=&#8221;&#8221; title_font_size_phone=&#8221;29px&#8221; title_font_size_last_edited=&#8221;on|phone&#8221; z_index_tablet=&#8221;500&#8243; button_one_text_color_hover=&#8221;#6eba01&#8243; button_two_text_color_hover=&#8221;#6eba01&#8243; button_one_border_color_hover=&#8221;#ffffff&#8221; button_two_border_color_hover=&#8221;#ffffff&#8221; button_one_border_radius_hover=&#8221;0&#8243; button_two_border_radius_hover=&#8221;0&#8243; button_one_letter_spacing_hover=&#8221;2&#8243; button_two_letter_spacing_hover=&#8221;2&#8243; button_one_bg_color_hover=&#8221;#ffffff&#8221; button_two_bg_color_hover=&#8221;#ffffff&#8221; saved_tabs=&#8221;all&#8221; global_colors_info=&#8221;{}&#8221; button_one_text_size__hover_enabled=&#8221;off&#8221; button_two_text_size__hover_enabled=&#8221;off&#8221; button_one_text_color__hover_enabled=&#8221;on&#8221; button_one_text_color__hover=&#8221;#6eba01&#8243; button_two_text_color__hover_enabled=&#8221;on&#8221; button_two_text_color__hover=&#8221;#6eba01&#8243; button_one_border_width__hover_enabled=&#8221;off&#8221; button_two_border_width__hover_enabled=&#8221;off&#8221; button_one_border_color__hover_enabled=&#8221;on&#8221; button_one_border_color__hover=&#8221;#ffffff&#8221; button_two_border_color__hover_enabled=&#8221;on&#8221; button_two_border_color__hover=&#8221;#ffffff&#8221; button_one_border_radius__hover_enabled=&#8221;on&#8221; button_one_border_radius__hover=&#8221;0&#8243; button_two_border_radius__hover_enabled=&#8221;on&#8221; button_two_border_radius__hover=&#8221;0&#8243; button_one_letter_spacing__hover_enabled=&#8221;on&#8221; button_one_letter_spacing__hover=&#8221;2&#8243; button_two_letter_spacing__hover_enabled=&#8221;on&#8221; button_two_letter_spacing__hover=&#8221;2&#8243; button_one_bg_color__hover_enabled=&#8221;on&#8221; button_one_bg_color__hover=&#8221;#ffffff&#8221; button_two_bg_color__hover_enabled=&#8221;on&#8221; button_two_bg_color__hover=&#8221;#ffffff&#8221;][\/et_pb_fullwidth_header][\/et_pb_section][et_pb_section fb_built=&#8221;1&#8243; _builder_version=&#8221;4.16&#8243; custom_padding=&#8221;50.5156px|0px|16px|0px|false|false&#8221; global_colors_info=&#8221;{}&#8221;][et_pb_row _builder_version=&#8221;4.16&#8243; custom_padding=&#8221;9px|0px|15px|0px|false|false&#8221; global_colors_info=&#8221;{}&#8221;][et_pb_column type=&#8221;4_4&#8243; _builder_version=&#8221;4.16&#8243; custom_padding=&#8221;|||&#8221; global_colors_info=&#8221;{}&#8221; custom_padding__hover=&#8221;|||&#8221;][et_pb_text _builder_version=&#8221;4.16&#8243; header_2_font=&#8221;|600|||||||&#8221; header_4_font=&#8221;||||||||&#8221; header_4_text_color=&#8221;#595959&#8243; header_4_line_height=&#8221;1.2em&#8221; global_colors_info=&#8221;{}&#8221;]<\/p>\n<h2 style=\"text-align: center;\">Mantener la Higiene Urbana es responsabilidad de todos<\/h2>\n<h4 style=\"text-align: center;\">La basura en v\u00eda publica genera inconvenientes en el correcto escurrimiento de las aguas de lluvia . La escorrent\u00eda arrastra importantes cantidades de residuos hacia las bocas de tormenta, retardando y hasta impidiendo el ingreso de agua al sistema pluvial,\u00a0 pudiendo generarse anegamientos de distintas intensidades.<\/h4>\n<h4 style=\"text-align: center;\"><strong>Recordamos la importancia de mantener los sumideros y bocas de tormenta sin ramas, botellas ni basura que pudieran impedir el escurrimiento pluvial.<\/strong><\/h4>\n<p>[\/et_pb_text][\/et_pb_column][\/et_pb_row][\/et_pb_section][et_pb_section fb_built=&#8221;1&#8243; fullwidth=&#8221;on&#8221; _builder_version=&#8221;4.24.0&#8243; background_image=&#8221;https:\/\/www.osmgp.gov.ar\/osse\/wp-content\/uploads\/2024\/04\/WhatsApp-Image-2018-04-09-at-14.49.551-1.jpg&#8221; custom_padding=&#8221;0|0px|337px|0px|false|false&#8221; hover_enabled=&#8221;0&#8243; global_colors_info=&#8221;{}&#8221; sticky_enabled=&#8221;0&#8243; title_text=&#8221;WhatsApp-Image-2018-04-09-at-14.49.551-1&#8243;][\/et_pb_section][et_pb_section fb_built=&#8221;1&#8243; _builder_version=&#8221;4.16&#8243; custom_padding=&#8221;0|0px|29px|0px|false|false&#8221; global_colors_info=&#8221;{}&#8221;][et_pb_row _builder_version=&#8221;4.16&#8243; custom_padding=&#8221;73px|0px|25.25px|0px|false|false&#8221; global_colors_info=&#8221;{}&#8221;][et_pb_column type=&#8221;4_4&#8243; _builder_version=&#8221;4.16&#8243; custom_padding=&#8221;|||&#8221; global_colors_info=&#8221;{}&#8221; custom_padding__hover=&#8221;|||&#8221;][et_pb_text _builder_version=&#8221;4.16&#8243; text_font=&#8221;||||||||&#8221; text_font_size=&#8221;16px&#8221; global_colors_info=&#8221;{}&#8221;]<\/p>\n<h3 style=\"font-weight: 400;\"><strong>Residuos en la v\u00eda p\u00fablica, el principal enemigo del escurrimiento pluvial y su mantenimiento<\/strong><\/h3>\n<p>Obras Sanitarias Mar del Plata \u2013 Bat\u00e1n advierte a la comunidad sobre los riesgos que produce la basura en orden a la correcta funcionalidad de los sumideros e insiste con la importancia de cuidar la higiene urbana para evitar anegamientos, fundamentalmente en d\u00edas de lluvia.<span style=\"font-size: 16px;\">\u00a0<\/span><\/p>\n<p>En la actualidad, el sistema pluvial tiene un rendimiento eficiente, acorde a la infraestructura hidr\u00e1ulica con la que se dispone en la ciudad. Pero a\u00fan as\u00ed, y pese a las mejoras que se introdujeron en la red en los \u00faltimos a\u00f1os, el drenaje se ve muchas veces obstaculizado por la gran cantidad de desperdicios sueltos que, luego de ser arrojados en forma desaprensiva por los vecinos, se acumulan en las bocas de tormenta y dificultan el normal funcionamiento de los desag\u00fces.<\/p>\n<p>En este marco, adem\u00e1s de planificar obras que mejorar\u00e1n la calidad de vida de la poblaci\u00f3n, OSSE impulsa estudios y acciones concretas para paliar las consecuencias que provoca la conjunci\u00f3n de lluvia y basura, un combo temible.<\/p>\n<p>As\u00ed, el personal del \u00c1rea de Mantenimiento de Pluviales \u2013 creada en 2010 para potenciar su accionar- desarrolla un plan de limpieza peri\u00f3dica cuya meta es potenciar la operatividad de la red para que \u00e9sta cumpla con su objetivo y tambi\u00e9n para reducir el volumen de material de arrastre que llega a la costa.<\/p>\n<p>Inclusive, en el itinerario de trabajos habituales, se incluy\u00f3 una recorrida por distintos sectores que cuentan con un sistema de retenci\u00f3n de s\u00f3lidos especial, capaz de evacuar el agua de lluvia eludiendo el entorpecimiento que generan los desechos de todo tipo desperdigados en la calle.<\/p>\n<p>El objetivo se logra a trav\u00e9s de una c\u00e1mara dise\u00f1ada espec\u00edficamente, en la cual los sedimentos y los residuos se depositan en el fondo, facilitando el escurrimiento por los conductos que componen el sistema y previniendo la acumulaci\u00f3n de agua en la superficie.<\/p>\n<p>Esta modalidad, cuya conveniencia se encuentra en per\u00edodo de an\u00e1lisis, se implement\u00f3 como alternativa al sistema de rejas, luego de verificar que \u00e9stas funcionan como una suerte de barrera &#8211; que se interpone al paso del agua &#8211; cuando la basura se adhiere al tejido que la constituye.<\/p>\n<p>&nbsp;<\/p>\n<p><strong>COMPROMISO CIUDADANO, EL EJE DE LA SOLUCI\u00d3N<\/strong><\/p>\n<p>Especialistas internacionales han coincidido en que la acumulaci\u00f3n de basura es la principal causa de las inundaciones en las ciudades. Por lo tanto, cada vez que se registra una tormenta nos encontramos con el mismo problema: cientos de botellas, cartones, envoltorios de golosinas y otros residuos mezclados son arrastrados por la escorrent\u00eda a las bocas de tormenta, por lo que retardan y hasta impiden el ingreso de agua al sistema pluvial, provocando anegamientos de distinta intensidad en diferentes puntos del Partido.<\/p>\n<p>Si bien es cierto que en un contexto de cambio clim\u00e1tico no podemos hacer m\u00e1s que prevenirnos, es importante asumir la responsabilidad que nos compete como ciudadanos para mitigar las consecuencias de los fen\u00f3menos meteorol\u00f3gicos.<span style=\"font-size: 16px;\">\u00a0<\/span><\/p>\n<p>En\u00a0resumen: nos preocupamos ante cada lluvia, pero, aunque en reiteradas oportunidades se inst\u00f3 a la comunidad a tomar conciencia, muchas personas siguen dejando su basura en la v\u00eda p\u00fablica y alimentando el peligro de encharcamiento. Es decir que los esfuerzos que realicen las autoridades en orden a la optimizaci\u00f3n y el mantenimiento de la infraestructura resultar\u00e1n insuficientes si los vecinos no se esmeran en mantener la higiene urbana.<span style=\"font-size: 16px;\">\u00a0<\/span><\/p>\n<p>Entonces, ocuparnos cada d\u00eda de ofrecer nuestro aporte a la causa es un buen punto de partida para dar paso a una cultura \u201cverde\u201d, que aliente la recuperaci\u00f3n de h\u00e1bitos saludables tanto para prevenir el taponamiento de los sumideros como para contribuir a la conservaci\u00f3n del medio ambiente.<strong style=\"font-size: 16px;\">\u00a0<\/strong><\/p>\n<p><strong style=\"font-size: 16px;\">\u00a0<\/strong><\/p>\n<p><strong>LA IMPORTANCIA DE EMPEZAR POR CASA<\/strong><span style=\"font-size: 16px;\">\u00a0<\/span><\/p>\n<p>Es fundamental procurar que las instalaciones pluviales internas est\u00e9n limpias y en buenas condiciones para asegurar que el agua que precipita sobre la propiedad privada sea conducida sin obst\u00e1culos hasta el cord\u00f3n cuneta.<span style=\"font-size: 16px;\">\u00a0<\/span><\/p>\n<p>El mantenimiento de canaletas, bajadas, rejillas y alba\u00f1ales, entre otros elementos, est\u00e1 a cargo de los propietarios, cuya responsabilidad radica en aminorar los riesgos de sufrir desbordes en el interior de las viviendas.<span style=\"font-size: 16px;\">\u00a0<\/span><\/p>\n<p>En ese sentido, es conveniente recordar que Mar del Plata cuenta con un sistema de desag\u00fces separativo, es decir, que la infraestructura pluvial y cloacal funcionan en forma independiente, cada una con sus propios conductos.<span style=\"font-size: 16px;\">\u00a0<\/span><\/p>\n<p>Sin embargo, esta realidad no siempre se replica en los inmuebles y, en consecuencia, el agua de lluvia acomete al desag\u00fce cloacal. Como \u00e9ste no est\u00e1 preparado para los enormes caudales que se generan por las condiciones meteorol\u00f3gicas adversas, las ca\u00f1er\u00edas se saturan, soportan presiones y podr\u00edan terminar vertiendo los l\u00edquidos en los domicilios a trav\u00e9s de rejillas o inodoros, con el riesgo para la salubridad que ello implica.\u00a0<span style=\"font-size: 16px;\">\u00a0<\/span><\/p>\n<p>Dadas estas circunstancias, se recomienda hacer revisar los desag\u00fces por personal id\u00f3neo y, en caso de advertirse que est\u00e1n vinculados, proceder a las reformas necesarias para separarlos.<span style=\"font-size: 16px;\">\u00a0<\/span><\/p>\n<p>Vale destacar que si la poblaci\u00f3n y las instituciones toman todas las medidas que est\u00e1n a su alcance, se podr\u00e1 sacar el m\u00e1ximo provecho a la infraestructura pluvial de la ciudad, que posee alrededor de 4700 bocas de tormenta y unos 350 kil\u00f3metros de conductos. As\u00ed, lograremos entre todos que los anegamientos tengan las menores consecuencias nocivas posibles.<\/p>\n<p>[\/et_pb_text][\/et_pb_column][\/et_pb_row][et_pb_row _builder_version=&#8221;4.16&#8243; custom_padding=&#8221;17px|0px|25.25px|0px|false|false&#8221; global_colors_info=&#8221;{}&#8221;][et_pb_column type=&#8221;4_4&#8243; _builder_version=&#8221;4.16&#8243; custom_padding=&#8221;|||&#8221; global_colors_info=&#8221;{}&#8221; custom_padding__hover=&#8221;|||&#8221;][et_pb_text _builder_version=&#8221;4.16&#8243; header_font=&#8221;||||||||&#8221; header_5_font=&#8221;||||||||&#8221; header_5_font_size=&#8221;17px&#8221; header_5_line_height=&#8221;1.2em&#8221; global_colors_info=&#8221;{}&#8221;]<\/p>\n<h5><span>La presencia de residuos en las calles ocasiona serios problemas al sistema pluvial al dificultar o impedir el ingreso del agua de lluvia a las bocas de tormenta. Por eso es importante que los ciudadanos contribuyan informando a Servicios Urbanos\u00a0los sitios donde se han acumulado residuos, especialmente frente a las bocas de tormenta luego de las lluvias.<\/span><\/h5>\n<p>[\/et_pb_text][et_pb_text _builder_version=&#8221;4.16&#8243; text_font=&#8221;|800|||||||&#8221; text_font_size=&#8221;19px&#8221; header_font=&#8221;||||||||&#8221; header_5_font=&#8221;||||||||&#8221; header_5_font_size=&#8221;17px&#8221; header_5_line_height=&#8221;1.2em&#8221; global_colors_info=&#8221;{}&#8221;]<\/p>\n<p>\u00a1Entre todos podemos mejorar!<\/p>\n<p>[\/et_pb_text][et_pb_text _builder_version=&#8221;4.16&#8243; text_font=&#8221;||||||||&#8221; text_font_size=&#8221;16px&#8221; header_font=&#8221;||||||||&#8221; header_5_font=&#8221;||||||||&#8221; header_5_font_size=&#8221;17px&#8221; header_5_line_height=&#8221;1.2em&#8221; global_colors_info=&#8221;{}&#8221;]<\/p>\n<p>Para dejar su reclamo por residuos en la v\u00eda p\u00fablica, ingrese <a href=\"https:\/\/www.mardelplata.gob.ar\/Contenido\/higiene-urbana\" target=\"_blank\" rel=\"noopener noreferrer\">aqu\u00ed<\/a><\/p>\n<p>[\/et_pb_text][\/et_pb_column][\/et_pb_row][\/et_pb_section][et_pb_section fb_built=&#8221;1&#8243; admin_label=&#8221;Gallery&#8221; _builder_version=&#8221;4.16&#8243; background_color_gradient_direction=&#8221;90deg&#8221; custom_padding=&#8221;0px|0px|0px|0px&#8221; locked=&#8221;off&#8221; global_colors_info=&#8221;{}&#8221;][et_pb_row use_custom_gutter=&#8221;on&#8221; gutter_width=&#8221;1&#8243; make_equal=&#8221;on&#8221; admin_label=&#8221;Best Beans Row&#8221; module_class=&#8221; et_pb_row_fullwidth&#8221; _builder_version=&#8221;4.16&#8243; width=&#8221;100%&#8221; width_tablet=&#8221;100%&#8221; width_last_edited=&#8221;on|desktop&#8221; max_width=&#8221;100%&#8221; max_width_tablet=&#8221;100%&#8221; max_width_last_edited=&#8221;on|desktop&#8221; custom_margin=&#8221;|||&#8221; custom_padding=&#8221;0px|0px|0px|0px&#8221; make_fullwidth=&#8221;on&#8221; global_colors_info=&#8221;{}&#8221; column_structure=&#8221;1_3,1_3,1_3&#8243; width_phone=&#8221;100%&#8221; max_width_phone=&#8221;100%&#8221;][et_pb_column type=&#8221;1_3&#8243; _builder_version=&#8221;4.16&#8243; custom_padding=&#8221;|||&#8221; global_colors_info=&#8221;{}&#8221; custom_padding__hover=&#8221;|||&#8221;][et_pb_image src=&#8221;https:\/\/www.osmgp.gov.ar\/osse\/wp-content\/uploads\/2019\/07\/16.jpg&#8221; force_fullwidth=&#8221;on&#8221; align_tablet=&#8221;center&#8221; align_last_edited=&#8221;on|desktop&#8221; _builder_version=&#8221;4.16&#8243; locked=&#8221;off&#8221; global_colors_info=&#8221;{}&#8221; align_phone=&#8221;center&#8221;][\/et_pb_image][\/et_pb_column][et_pb_column type=&#8221;1_3&#8243; _builder_version=&#8221;4.16&#8243; custom_padding=&#8221;|||&#8221; global_colors_info=&#8221;{}&#8221; custom_padding__hover=&#8221;|||&#8221;][et_pb_image src=&#8221;https:\/\/www.osmgp.gov.ar\/osse\/wp-content\/uploads\/2019\/07\/10.jpg&#8221; force_fullwidth=&#8221;on&#8221; align_tablet=&#8221;center&#8221; align_last_edited=&#8221;on|desktop&#8221; _builder_version=&#8221;4.16&#8243; global_colors_info=&#8221;{}&#8221; align_phone=&#8221;center&#8221;][\/et_pb_image][\/et_pb_column][et_pb_column type=&#8221;1_3&#8243; _builder_version=&#8221;4.16&#8243; custom_padding=&#8221;|||&#8221; global_colors_info=&#8221;{}&#8221; custom_padding__hover=&#8221;|||&#8221;][et_pb_image src=&#8221;https:\/\/www.osmgp.gov.ar\/osse\/wp-content\/uploads\/2019\/07\/11.jpg&#8221; force_fullwidth=&#8221;on&#8221; align_tablet=&#8221;center&#8221; align_last_edited=&#8221;on|desktop&#8221; _builder_version=&#8221;4.16&#8243; locked=&#8221;off&#8221; global_colors_info=&#8221;{}&#8221; align_phone=&#8221;center&#8221;][\/et_pb_image][\/et_pb_column][\/et_pb_row][\/et_pb_section][et_pb_section fb_built=&#8221;1&#8243; admin_label=&#8221;Video Title Section&#8221; _builder_version=&#8221;4.16&#8243; background_color=&#8221;#00b3aa&#8221; custom_padding=&#8221;76px|0px|33px|0px|false|false&#8221; saved_tabs=&#8221;all&#8221; global_colors_info=&#8221;{}&#8221;][et_pb_row admin_label=&#8221;Video Row&#8221; _builder_version=&#8221;4.16&#8243; custom_padding=&#8221;13px|0px|25.25px|0px|false|false&#8221; global_colors_info=&#8221;{}&#8221;][et_pb_column type=&#8221;4_4&#8243; _builder_version=&#8221;4.16&#8243; custom_padding=&#8221;|||&#8221; global_colors_info=&#8221;{}&#8221; custom_padding__hover=&#8221;|||&#8221;][et_pb_text disabled_on=&#8221;off|off|off&#8221; admin_label=&#8221;texts&#8221; _builder_version=&#8221;4.16&#8243; text_font=&#8221;Montserrat|700|||||||&#8221; text_text_color=&#8221;#ffffff&#8221; text_font_size=&#8221;35px&#8221; text_line_height=&#8221;1.2em&#8221; header_font=&#8221;Oswald||||&#8221; header_font_size=&#8221;16px&#8221; header_letter_spacing=&#8221;2px&#8221; header_line_height=&#8221;1.7em&#8221; text_orientation=&#8221;center&#8221; max_width=&#8221;600px&#8221; max_width_tablet=&#8221;&#8221; max_width_phone=&#8221;&#8221; max_width_last_edited=&#8221;on|phone&#8221; module_alignment=&#8221;center&#8221; custom_margin=&#8221;-30px|||&#8221; global_colors_info=&#8221;{}&#8221;]<\/p>\n<p style=\"text-align: center;\">OSSE colabora en tareas de limpieza y mantenimiento de Arroyos<\/p>\n<p>[\/et_pb_text][et_pb_text disabled_on=&#8221;off|off|off&#8221; admin_label=&#8221;texts&#8221; _builder_version=&#8221;4.16&#8243; text_font=&#8221;Montserrat||||||||&#8221; text_text_color=&#8221;#ffffff&#8221; text_font_size=&#8221;19px&#8221; header_font=&#8221;Oswald||||&#8221; header_font_size=&#8221;16px&#8221; header_letter_spacing=&#8221;2px&#8221; header_line_height=&#8221;1.7em&#8221; text_orientation=&#8221;center&#8221; max_width=&#8221;600px&#8221; max_width_tablet=&#8221;&#8221; max_width_phone=&#8221;&#8221; max_width_last_edited=&#8221;on|phone&#8221; module_alignment=&#8221;center&#8221; custom_margin=&#8221;-18px|||&#8221; global_colors_info=&#8221;{}&#8221;]<\/p>\n<p>Con equipos y personal propios, acompa\u00f1amos para una mejor calidad de vida de la comunidad.<\/p>\n<p>[\/et_pb_text][\/et_pb_column][\/et_pb_row][\/et_pb_section][et_pb_section fb_built=&#8221;1&#8243; admin_label=&#8221;Video Section&#8221; _builder_version=&#8221;4.16&#8243; background_color=&#8221;#1d140b&#8221; custom_padding=&#8221;0px|0px|0px|0px&#8221; saved_tabs=&#8221;all&#8221; global_colors_info=&#8221;{}&#8221;][et_pb_row use_custom_gutter=&#8221;on&#8221; gutter_width=&#8221;1&#8243; admin_label=&#8221;Video Row&#8221; module_class=&#8221; et_pb_row_fullwidth&#8221; _builder_version=&#8221;4.16&#8243; width=&#8221;100%&#8221; width_tablet=&#8221;100%&#8221; width_last_edited=&#8221;on|desktop&#8221; max_width=&#8221;100%&#8221; max_width_tablet=&#8221;100%&#8221; max_width_last_edited=&#8221;on|desktop&#8221; custom_padding=&#8221;0px|0px|0px|0px&#8221; make_fullwidth=&#8221;on&#8221; global_colors_info=&#8221;{}&#8221; width_phone=&#8221;100%&#8221; max_width_phone=&#8221;100%&#8221;][et_pb_column type=&#8221;4_4&#8243; _builder_version=&#8221;4.16&#8243; custom_padding=&#8221;|||&#8221; global_colors_info=&#8221;{}&#8221; custom_padding__hover=&#8221;|||&#8221;][et_pb_video src=&#8221;https:\/\/www.osmgp.gov.ar\/osse\/wp-content\/uploads\/2019\/07\/Con-equipos-y-personal-propios-colaboramos-con-la-desobstrucci\u00f3n-del-Arroyo-Las-Chacras-a-la-altura-de-cruce-con-calle-Genova.-De-esta-forma-mejoramo-1.mp4&#8243; play_icon_color=&#8221;#ffffff&#8221; _builder_version=&#8221;4.16&#8243; max_width_tablet=&#8221;100%&#8221; max_width_last_edited=&#8221;off|desktop&#8221; module_alignment=&#8221;center&#8221; animation_style=&#8221;zoom&#8221; animation_intensity_zoom=&#8221;14%&#8221; global_colors_info=&#8221;{}&#8221;][\/et_pb_video][\/et_pb_column][\/et_pb_row][\/et_pb_section][et_pb_section fb_built=&#8221;1&#8243; disabled_on=&#8221;off|off|off&#8221; admin_label=&#8221;Best Beans&#8221; _builder_version=&#8221;4.16&#8243; background_color_gradient_direction=&#8221;90deg&#8221; custom_padding=&#8221;0px|0px|0px|0px&#8221; global_colors_info=&#8221;{}&#8221;][et_pb_row use_custom_gutter=&#8221;on&#8221; gutter_width=&#8221;1&#8243; make_equal=&#8221;on&#8221; admin_label=&#8221;Best Beans Row&#8221; module_class=&#8221; et_pb_row_fullwidth&#8221; _builder_version=&#8221;4.16&#8243; width=&#8221;100%&#8221; width_tablet=&#8221;100%&#8221; width_last_edited=&#8221;on|desktop&#8221; max_width=&#8221;100%&#8221; max_width_tablet=&#8221;100%&#8221; max_width_last_edited=&#8221;on|desktop&#8221; custom_margin=&#8221;|||&#8221; custom_padding=&#8221;0px|0px|0|0px|false|false&#8221; make_fullwidth=&#8221;on&#8221; global_colors_info=&#8221;{}&#8221; column_structure=&#8221;1_2,1_2&#8243; width_phone=&#8221;100%&#8221; max_width_phone=&#8221;100%&#8221;][et_pb_column type=&#8221;1_2&#8243; _builder_version=&#8221;4.16&#8243; custom_padding=&#8221;100px|10%|100px|10%&#8221; global_colors_info=&#8221;{}&#8221; custom_padding__hover=&#8221;|||&#8221;][et_pb_text admin_label=&#8221;Tittle&#8221; _builder_version=&#8221;4.16&#8243; text_font=&#8221;Nunito||||||||&#8221; text_font_size=&#8221;18px&#8221; text_line_height=&#8221;1.8em&#8221; header_text_align=&#8221;center&#8221; header_3_font=&#8221;Montserrat|700||on|||||&#8221; header_3_text_color=&#8221;#545454&#8243; header_3_font_size=&#8221;30px&#8221; header_3_letter_spacing=&#8221;2px&#8221; max_width=&#8221;600px&#8221; max_width_tablet=&#8221;&#8221; max_width_phone=&#8221;&#8221; max_width_last_edited=&#8221;on|phone&#8221; module_alignment=&#8221;left&#8221; custom_margin=&#8221;|||&#8221; locked=&#8221;off&#8221; global_colors_info=&#8221;{}&#8221;]<\/p>\n<h3>Arroyo La tapera<\/h3>\n<p>[\/et_pb_text][et_pb_text admin_label=&#8221;Tittle&#8221; _builder_version=&#8221;4.16&#8243; text_font=&#8221;Nunito||||||||&#8221; text_font_size=&#8221;18px&#8221; text_line_height=&#8221;1.8em&#8221; header_text_align=&#8221;center&#8221; header_3_font=&#8221;Montserrat||||||||&#8221; header_3_text_color=&#8221;#545454&#8243; header_3_font_size=&#8221;19px&#8221; header_3_letter_spacing=&#8221;2px&#8221; header_3_line_height=&#8221;1.2em&#8221; max_width=&#8221;600px&#8221; max_width_tablet=&#8221;&#8221; max_width_phone=&#8221;&#8221; max_width_last_edited=&#8221;on|phone&#8221; module_alignment=&#8221;left&#8221; custom_margin=&#8221;|||&#8221; locked=&#8221;off&#8221; global_colors_info=&#8221;{}&#8221;]<\/p>\n<h3><span>Operativo de extracci\u00f3n de \u00e1rbol de gran porte que obstaculizaba el cauce del arroyo.<\/span><\/h3>\n<p>[\/et_pb_text][\/et_pb_column][et_pb_column type=&#8221;1_2&#8243; _builder_version=&#8221;4.16&#8243; custom_padding=&#8221;|||&#8221; global_colors_info=&#8221;{}&#8221; custom_padding__hover=&#8221;|||&#8221;][et_pb_image src=&#8221;https:\/\/www.osmgp.gov.ar\/osse\/wp-content\/uploads\/2019\/07\/D2BVeV2XgAE-O8l.jpg&#8221; align_tablet=&#8221;center&#8221; align_last_edited=&#8221;on|desktop&#8221; _builder_version=&#8221;4.16&#8243; global_colors_info=&#8221;{}&#8221; align_phone=&#8221;center&#8221;][\/et_pb_image][\/et_pb_column][\/et_pb_row][\/et_pb_section]<\/p>\n","protected":false},"excerpt":{"rendered":"<p>Mantener la Higiene Urbana es responsabilidad de todos La basura en v\u00eda publica genera inconvenientes en el correcto escurrimiento de las aguas de lluvia . La escorrent\u00eda arrastra importantes cantidades de residuos hacia las bocas de tormenta, retardando y hasta impidiendo el ingreso de agua al sistema pluvial,\u00a0 pudiendo generarse anegamientos de distintas intensidades. Recordamos [&hellip;]<\/p>\n","protected":false},"author":1,"featured_media":0,"parent":0,"menu_order":0,"comment_status":"closed","ping_status":"closed","template":"","meta":{"_et_pb_use_builder":"on","_et_pb_old_content":"","_et_gb_content_width":""},"_links":{"self":[{"href":"https:\/\/www.osmgp.gov.ar\/osse\/wp-json\/wp\/v2\/pages\/182"}],"collection":[{"href":"https:\/\/www.osmgp.gov.ar\/osse\/wp-json\/wp\/v2\/pages"}],"about":[{"href":"https:\/\/www.osmgp.gov.ar\/osse\/wp-json\/wp\/v2\/types\/page"}],"author":[{"embeddable":true,"href":"https:\/\/www.osmgp.gov.ar\/osse\/wp-json\/wp\/v2\/users\/1"}],"replies":[{"embeddable":true,"href":"https:\/\/www.osmgp.gov.ar\/osse\/wp-json\/wp\/v2\/comments?post=182"}],"version-history":[{"count":44,"href":"https:\/\/www.osmgp.gov.ar\/osse\/wp-json\/wp\/v2\/pages\/182\/revisions"}],"predecessor-version":[{"id":9186,"href":"https:\/\/www.osmgp.gov.ar\/osse\/wp-json\/wp\/v2\/pages\/182\/revisions\/9186"}],"wp:attachment":[{"href":"https:\/\/www.osmgp.gov.ar\/osse\/wp-json\/wp\/v2\/media?parent=182"}],"curies":[{"name":"wp","href":"https:\/\/api.w.org\/{rel}","templated":true}]}}