

{"id":194,"date":"2019-05-15T11:46:13","date_gmt":"2019-05-15T14:46:13","guid":{"rendered":"http:\/\/10.10.10.3\/osse2\/?page_id=194"},"modified":"2020-03-13T10:54:33","modified_gmt":"2020-03-13T13:54:33","slug":"proyecto-educativo","status":"publish","type":"page","link":"https:\/\/www.osmgp.gov.ar\/osse\/proyecto-educativo\/","title":{"rendered":"Proyecto Educativo"},"content":{"rendered":"<p>[et_pb_section fb_built=&#8221;1&#8243; fullwidth=&#8221;on&#8221; disabled_on=&#8221;off|off|off&#8221; _builder_version=&#8221;3.21.4&#8243; box_shadow_style=&#8221;preset1&#8243; custom_padding=&#8221;0|0px|0|0px|false|false&#8221; link_option_url_new_window=&#8221;on&#8221;][et_pb_fullwidth_image src=&#8221;https:\/\/www.osmgp.gov.ar\/osse\/wp-content\/uploads\/2020\/03\/En-modo-sustentable4_banner.jpg&#8221; _builder_version=&#8221;3.21.4&#8243;][\/et_pb_fullwidth_image][\/et_pb_section][et_pb_section fb_built=&#8221;1&#8243; fullwidth=&#8221;on&#8221; disabled_on=&#8221;off|off|off&#8221; _builder_version=&#8221;3.21.4&#8243; custom_padding=&#8221;65px|0px|0px|0px|false|false&#8221;][et_pb_fullwidth_image src=&#8221;https:\/\/www.osmgp.gov.ar\/osse\/wp-content\/uploads\/2019\/07\/Banner-Web-2-1.png&#8221; _builder_version=&#8221;3.21.4&#8243;][\/et_pb_fullwidth_image][\/et_pb_section][et_pb_section fb_built=&#8221;1&#8243; _builder_version=&#8221;3.21.4&#8243; custom_padding=&#8221;58px|0px|18px|0px|false|false&#8221;][et_pb_row custom_padding=&#8221;1px|0px|0|0px|false|false&#8221; _builder_version=&#8221;3.21.4&#8243;][et_pb_column type=&#8221;4_4&#8243; _builder_version=&#8221;3.21.4&#8243;][et_pb_text _builder_version=&#8221;3.21.4&#8243; text_font=&#8221;|700|||||||&#8221; text_text_color=&#8221;#8bcfdd&#8221; text_font_size=&#8221;21px&#8221; text_orientation=&#8221;center&#8221;]<\/p>\n<p>PROYECTO EDUCATIVO \u00bfNos lavamos las manos?<\/p>\n<p>[\/et_pb_text][\/et_pb_column][\/et_pb_row][\/et_pb_section][et_pb_section fb_built=&#8221;1&#8243; _builder_version=&#8221;3.21.4&#8243; custom_padding=&#8221;4px|0px|20px|0px|false|false&#8221;][et_pb_row custom_padding=&#8221;8px|0px|16px|0px|false|false&#8221; _builder_version=&#8221;3.21.4&#8243;][et_pb_column type=&#8221;1_2&#8243; _builder_version=&#8221;3.0.47&#8243;][et_pb_text _builder_version=&#8221;3.21.4&#8243;]<\/p>\n<p style=\"text-align: justify;\"><strong>Desde el a\u00f1o 2010, OSSE lleva adelante el Proyecto Educativo \u201c\u00bfNos lavamos las manos?\u201d, con\u00a0 el objeto de que los alumnos de las escuelas municipales,\u00a0 provinciales y de gesti\u00f3n privada del Partido de General Pueyrredon sean promotores reales al momento de concientizar a la poblaci\u00f3n respecto de la importancia del agua como recurso natural, indispensable para la vida.<\/strong><\/p>\n<p style=\"text-align: justify;\">En 2015, <strong>m\u00e1s de 12.500 alumnos<\/strong> participaron del proyecto, lo que permite contar m\u00e1s de 50.000 ni\u00f1os y j\u00f3venes que, desde los inicios se han sumado a la iniciativa.<\/p>\n<p style=\"text-align: justify;\">Los alumnos llegan acompa\u00f1ados de sus docentes a las instalaciones de la <strong>Torre Tanque<\/strong>, ubicada en la intersecci\u00f3n de las calles Falucho y Mendoza, para participar de una visita guiada. All\u00ed son recibidos por personal de la Empresa donde se les brinda una explicaci\u00f3n del lugar que est\u00e1n visitando y las funciones de OSSE.<\/p>\n<p style=\"text-align: justify;\">Seguidamente, se proyecta un video para poder luego trabajar en profundidad el tema del agua y la importancia de un uso racional por parte de todos los habitantes del partido de Gral. Pueyrredon.<\/p>\n<p>[\/et_pb_text][\/et_pb_column][et_pb_column type=&#8221;1_2&#8243; _builder_version=&#8221;3.0.47&#8243;][et_pb_text _builder_version=&#8221;3.21.4&#8243;]<\/p>\n<p style=\"text-align: justify;\">Posteriormente, se los invita a recorrer las instalaciones de la Torre Tanque, donde pueden conocer\u00a0 el museo ubicado en la planta baja y apreciar diferentes elementos referidos a la historia del Saneamiento de la ciudad de Mar del Plata.<\/p>\n<p style=\"text-align: justify;\">La visita culmina en el <strong>Mirador panor\u00e1mico que se encuentra a casi 90 mts.\u00a0<\/strong> sobre el nivel del mar, donde pueden apreciarse las bell\u00edsimas vistas de nuestra ciudad hacia los cuatro puntos cardinales.<\/p>\n<p style=\"text-align: justify;\"><strong>El Proyecto Educativo se complementa con un Concurso.<\/strong> Para participar del mismo,\u00a0 se convoca a los estudiantes a realizar un Afiche (Nivel Inicial), Volantes para una campa\u00f1a de concientizaci\u00f3n (Nivel Primario) y un Clip publicitario televisivo y\/o radial (Educaci\u00f3n secundaria) teniendo en cuenta el slogan \u201cSin Agua no hay Vida\u201d.<\/p>\n<p style=\"text-align: justify;\">A fin de a\u00f1o, se realiza la entrega de premios y la muestra de los trabajos presentados en la Plaza del Agua.<\/p>\n<p>[\/et_pb_text][\/et_pb_column][\/et_pb_row][\/et_pb_section][et_pb_section fb_built=&#8221;1&#8243; fullwidth=&#8221;on&#8221; _builder_version=&#8221;3.21.4&#8243; custom_padding=&#8221;0|0px|0|0px|false|false&#8221; bottom_divider_style=&#8221;waves2&#8243; bottom_divider_color=&#8221;#ffffff&#8221; bottom_divider_height=&#8221;25px&#8221;][et_pb_fullwidth_image src=&#8221;https:\/\/www.osmgp.gov.ar\/osse\/wp-content\/uploads\/2019\/07\/inicial.jpg&#8221; _builder_version=&#8221;3.21.4&#8243;][\/et_pb_fullwidth_image][\/et_pb_section][et_pb_section fb_built=&#8221;1&#8243; _builder_version=&#8221;3.21.4&#8243; custom_padding=&#8221;43px|0px|0|0px|false|false&#8221;][et_pb_row custom_padding=&#8221;0|0px|0px|0px|false|false&#8221; custom_margin=&#8221;-25px||21px&#8221; _builder_version=&#8221;3.21.4&#8243;][et_pb_column type=&#8221;1_2&#8243; _builder_version=&#8221;3.0.47&#8243;][et_pb_button button_url=&#8221;https:\/\/www.osmgp.gov.ar\/osse\/wp-content\/uploads\/2019\/07\/Redise\u00f1o-PDF-teorico-Inicial_baja.pdf&#8221; url_new_window=&#8221;on&#8221; button_text=&#8221;DESCARGAR MATERIAL TEORICO&#8221; button_alignment=&#8221;center&#8221; _builder_version=&#8221;3.21.4&#8243; custom_button=&#8221;on&#8221; button_text_color=&#8221;#ffffff&#8221; button_bg_color=&#8221;#e8a600&#8243; button_border_radius=&#8221;61px&#8221; button_font=&#8221;||||||||&#8221;][\/et_pb_button][\/et_pb_column][et_pb_column type=&#8221;1_2&#8243; _builder_version=&#8221;3.0.47&#8243;][et_pb_button button_url=&#8221;https:\/\/www.osmgp.gov.ar\/osse\/wp-content\/uploads\/2019\/07\/Redise\u00f1o-PDF-pr\u00e1ctico-Inicial_baja.pdf&#8221; url_new_window=&#8221;on&#8221; button_text=&#8221;DESCARGAR GU\u00cdA DE ACTIVIDADES&#8221; button_alignment=&#8221;center&#8221; _builder_version=&#8221;3.21.4&#8243; custom_button=&#8221;on&#8221; button_text_color=&#8221;#ffffff&#8221; button_bg_color=&#8221;#e8a600&#8243; button_border_radius=&#8221;76px&#8221; button_font=&#8221;||||||||&#8221;][\/et_pb_button][\/et_pb_column][\/et_pb_row][\/et_pb_section][et_pb_section fb_built=&#8221;1&#8243; fullwidth=&#8221;on&#8221; _builder_version=&#8221;3.21.4&#8243; custom_padding=&#8221;56px|0px|0|0px|false|false&#8221; top_divider_height=&#8221;99px&#8221; bottom_divider_style=&#8221;waves2&#8243; bottom_divider_color=&#8221;#ffffff&#8221; bottom_divider_height=&#8221;32px&#8221; bottom_divider_flip=&#8221;horizontal&#8221;][et_pb_fullwidth_image src=&#8221;https:\/\/www.osmgp.gov.ar\/osse\/wp-content\/uploads\/2019\/07\/primario.jpg&#8221; _builder_version=&#8221;3.21.4&#8243;][\/et_pb_fullwidth_image][\/et_pb_section][et_pb_section fb_built=&#8221;1&#8243; _builder_version=&#8221;3.21.4&#8243; custom_padding=&#8221;19px|0px|68px|0px|false|false&#8221;][et_pb_row custom_padding=&#8221;0|0px|25.25px|0px|false|false&#8221; _builder_version=&#8221;3.21.4&#8243;][et_pb_column type=&#8221;1_2&#8243; _builder_version=&#8221;3.0.47&#8243;][et_pb_button button_url=&#8221;https:\/\/www.osmgp.gov.ar\/osse\/wp-content\/uploads\/2019\/07\/Redise\u00f1o-PDF-te\u00f3rico-Primario_baja.pdf&#8221; url_new_window=&#8221;on&#8221; button_text=&#8221;DESCARGAR MATERIAL TEORICO&#8221; button_alignment=&#8221;center&#8221; _builder_version=&#8221;3.21.4&#8243; custom_button=&#8221;on&#8221; button_text_color=&#8221;#ffffff&#8221; button_bg_color=&#8221;#29c4a9&#8243; button_border_radius=&#8221;44px&#8221; button_font=&#8221;||||||||&#8221;][\/et_pb_button][\/et_pb_column][et_pb_column type=&#8221;1_2&#8243; _builder_version=&#8221;3.0.47&#8243;][et_pb_button button_url=&#8221;https:\/\/www.osmgp.gov.ar\/osse\/wp-content\/uploads\/2019\/07\/Redise\u00f1o-PDF-pr\u00e1ctico-Primario_baja.pdf&#8221; url_new_window=&#8221;on&#8221; button_text=&#8221;DESCARGAR GU\u00cdA DE ACTIVIDADES&#8221; button_alignment=&#8221;center&#8221; _builder_version=&#8221;3.21.4&#8243; custom_button=&#8221;on&#8221; button_text_color=&#8221;#ffffff&#8221; button_bg_color=&#8221;#29c4a9&#8243; button_border_radius=&#8221;52px&#8221; button_font=&#8221;||||||||&#8221;][\/et_pb_button][\/et_pb_column][\/et_pb_row][\/et_pb_section][et_pb_section fb_built=&#8221;1&#8243; fullwidth=&#8221;on&#8221; _builder_version=&#8221;3.21.4&#8243; custom_padding=&#8221;0|0px|0|0px|true|false&#8221; bottom_divider_style=&#8221;waves2&#8243; bottom_divider_color=&#8221;#ffffff&#8221; bottom_divider_height=&#8221;30px&#8221; bottom_divider_flip=&#8221;horizontal&#8221;][et_pb_fullwidth_image src=&#8221;https:\/\/www.osmgp.gov.ar\/osse\/wp-content\/uploads\/2019\/07\/secundario.jpg&#8221; _builder_version=&#8221;3.21.4&#8243;][\/et_pb_fullwidth_image][\/et_pb_section][et_pb_section fb_built=&#8221;1&#8243; _builder_version=&#8221;3.21.4&#8243; custom_padding=&#8221;0|0px|0|0px|false|false&#8221;][et_pb_row custom_padding=&#8221;26px|0px|55px|0px|false|false&#8221; _builder_version=&#8221;3.21.4&#8243;][et_pb_column type=&#8221;1_2&#8243; _builder_version=&#8221;3.0.47&#8243;][et_pb_button button_url=&#8221;https:\/\/www.osmgp.gov.ar\/osse\/wp-content\/uploads\/2019\/07\/Redise\u00f1o-PDF-te\u00f3rico-Secundario_baja.pdf&#8221; url_new_window=&#8221;on&#8221; button_text=&#8221;DESCARGAR MATERIAL TEORICO&#8221; button_alignment=&#8221;center&#8221; _builder_version=&#8221;3.21.4&#8243; custom_button=&#8221;on&#8221; button_text_color=&#8221;#ffffff&#8221; button_bg_color=&#8221;#FF5C87&#8243; button_border_radius=&#8221;39px&#8221; button_font=&#8221;||||||||&#8221;][\/et_pb_button][\/et_pb_column][et_pb_column type=&#8221;1_2&#8243; _builder_version=&#8221;3.0.47&#8243;][et_pb_button button_url=&#8221;https:\/\/www.osmgp.gov.ar\/osse\/wp-content\/uploads\/2019\/07\/Redise\u00f1o-PDF-pr\u00e1ctico-Secundario_baja.pdf&#8221; url_new_window=&#8221;on&#8221; button_text=&#8221;DESCARGAR GU\u00cdA DE ACTIVIDADES&#8221; button_alignment=&#8221;center&#8221; _builder_version=&#8221;3.21.4&#8243; custom_button=&#8221;on&#8221; button_text_color=&#8221;#ffffff&#8221; button_bg_color=&#8221;#FF5C87&#8243; button_border_radius=&#8221;53px&#8221; button_font=&#8221;||||||||&#8221;][\/et_pb_button][\/et_pb_column][\/et_pb_row][\/et_pb_section][et_pb_section fb_built=&#8221;1&#8243; _builder_version=&#8221;3.21.4&#8243; custom_padding=&#8221;49px|0px|0|0px|false|false&#8221;][et_pb_row custom_padding=&#8221;5px|0px|16px|0px|false|false&#8221; _builder_version=&#8221;3.21.4&#8243;][et_pb_column type=&#8221;4_4&#8243; _builder_version=&#8221;3.0.47&#8243;][et_pb_divider color=&#8221;#828282&#8243; divider_style=&#8221;dotted&#8221; divider_weight=&#8221;5px&#8221; _builder_version=&#8221;3.21.4&#8243;][\/et_pb_divider][\/et_pb_column][\/et_pb_row][\/et_pb_section][et_pb_section fb_built=&#8221;1&#8243; admin_label=&#8221;Contact Info&#8221; _builder_version=&#8221;3.21.4&#8243; custom_margin=&#8221;41px||&#8221; custom_padding=&#8221;0||0||false|false&#8221; locked=&#8221;off&#8221;][et_pb_row custom_padding=&#8221;0||||false|false&#8221; background_position_1=&#8221;top_left&#8221; background_position_2=&#8221;top_left&#8221; background_position_3=&#8221;top_left&#8221; background_repeat_1=&#8221;no-repeat&#8221; background_repeat_2=&#8221;no-repeat&#8221; background_repeat_3=&#8221;no-repeat&#8221; _builder_version=&#8221;3.0.65&#8243; background_size=&#8221;initial&#8221; background_position=&#8221;top_left&#8221; background_repeat=&#8221;repeat&#8221; locked=&#8221;off&#8221;][et_pb_column type=&#8221;1_3&#8243; _builder_version=&#8221;3.0.47&#8243;][et_pb_blurb title=&#8221;Twitter&#8221; url=&#8221;https:\/\/twitter.com\/AtencionOSSE&#8221; url_new_window=&#8221;on&#8221; use_icon=&#8221;on&#8221; font_icon=&#8221;%%292%%&#8221; icon_color=&#8221;#2d2d2d&#8221; use_icon_font_size=&#8221;on&#8221; icon_font_size=&#8221;60px&#8221; icon_font_size_last_edited=&#8221;off|desktop&#8221; admin_label=&#8221;Address&#8221; _builder_version=&#8221;3.21.4&#8243; header_font=&#8221;Montserrat||||&#8221; header_text_color=&#8221;#1f1f1f&#8221; header_font_size=&#8221;22px&#8221; header_line_height=&#8221;1.8em&#8221; body_font_size=&#8221;16px&#8221; body_line_height=&#8221;1.9em&#8221; border_width_all=&#8221;0px&#8221; border_color_all=&#8221;#e0e0e0&#8243; border_style_all=&#8221;solid&#8221; text_orientation=&#8221;center&#8221; custom_margin=&#8221;|||&#8221; custom_padding=&#8221;30px|30px|30px|30px&#8221; animation_style=&#8221;fold&#8221; animation_direction=&#8221;bottom&#8221; animation_intensity_fold=&#8221;30%&#8221; use_border_color=&#8221;on&#8221; border_color=&#8221;#e0e0e0&#8243; locked=&#8221;off&#8221;]<\/p>\n<p>@ATENCIONOSSE<\/p>\n<p>[\/et_pb_blurb][\/et_pb_column][et_pb_column type=&#8221;1_3&#8243; _builder_version=&#8221;3.0.47&#8243;][et_pb_blurb title=&#8221;Facebook&#8221; url=&#8221;https:\/\/www.facebook.com\/AtencionOSSE\/&#8221; url_new_window=&#8221;on&#8221; use_icon=&#8221;on&#8221; font_icon=&#8221;%%291%%&#8221; icon_color=&#8221;#2d2d2d&#8221; use_icon_font_size=&#8221;on&#8221; icon_font_size=&#8221;60px&#8221; icon_font_size_last_edited=&#8221;off|desktop&#8221; _builder_version=&#8221;3.21.4&#8243; header_font=&#8221;Montserrat||||&#8221; header_text_color=&#8221;#1f1f1f&#8221; header_font_size=&#8221;22px&#8221; header_line_height=&#8221;1.8em&#8221; body_font_size=&#8221;16px&#8221; body_line_height=&#8221;1.9em&#8221; border_width_all=&#8221;0px&#8221; border_color_all=&#8221;#e0e0e0&#8243; border_style_all=&#8221;solid&#8221; text_orientation=&#8221;center&#8221; custom_margin=&#8221;|||&#8221; custom_padding=&#8221;30px|30px|30px|30px&#8221; animation_style=&#8221;fold&#8221; animation_direction=&#8221;bottom&#8221; animation_delay=&#8221;100ms&#8221; animation_intensity_fold=&#8221;30%&#8221; use_border_color=&#8221;on&#8221; border_color=&#8221;#e0e0e0&#8243; locked=&#8221;off&#8221;]<\/p>\n<p>@ATENCIONOSSE<\/p>\n<p>[\/et_pb_blurb][\/et_pb_column][et_pb_column type=&#8221;1_3&#8243; _builder_version=&#8221;3.0.47&#8243;][et_pb_blurb title=&#8221;E-mail&#8221; use_icon=&#8221;on&#8221; font_icon=&#8221;%%238%%&#8221; icon_color=&#8221;#2d2d2d&#8221; use_icon_font_size=&#8221;on&#8221; icon_font_size=&#8221;60px&#8221; icon_font_size_last_edited=&#8221;off|desktop&#8221; admin_label=&#8221;Email&#8221; _builder_version=&#8221;3.21.4&#8243; header_font=&#8221;Montserrat||||&#8221; header_text_color=&#8221;#1f1f1f&#8221; header_font_size=&#8221;22px&#8221; header_line_height=&#8221;1.8em&#8221; body_font_size=&#8221;16px&#8221; body_line_height=&#8221;1.9em&#8221; border_width_all=&#8221;0px&#8221; border_color_all=&#8221;#e0e0e0&#8243; border_style_all=&#8221;solid&#8221; text_orientation=&#8221;center&#8221; custom_margin=&#8221;|||&#8221; custom_padding=&#8221;30px|30px|30px|30px&#8221; animation_style=&#8221;fold&#8221; animation_direction=&#8221;bottom&#8221; animation_delay=&#8221;200ms&#8221; animation_intensity_fold=&#8221;30%&#8221; use_border_color=&#8221;on&#8221; border_color=&#8221;#e0e0e0&#8243; locked=&#8221;off&#8221;]<\/p>\n<p>atencionalcliente@osmgp.gov.ar<\/p>\n<p>[\/et_pb_blurb][\/et_pb_column][\/et_pb_row][\/et_pb_section]<\/p>\n","protected":false},"excerpt":{"rendered":"<p>PROYECTO EDUCATIVO \u00bfNos lavamos las manos?Desde el a\u00f1o 2010, OSSE lleva adelante el Proyecto Educativo \u201c\u00bfNos lavamos las manos?\u201d, con\u00a0 el objeto de que los alumnos de las escuelas municipales,\u00a0 provinciales y de gesti\u00f3n privada del Partido de General Pueyrredon sean promotores reales al momento de concientizar a la poblaci\u00f3n respecto de la importancia del [&hellip;]<\/p>\n","protected":false},"author":1,"featured_media":0,"parent":0,"menu_order":0,"comment_status":"closed","ping_status":"closed","template":"","meta":{"_et_pb_use_builder":"on","_et_pb_old_content":"","_et_gb_content_width":""},"_links":{"self":[{"href":"https:\/\/www.osmgp.gov.ar\/osse\/wp-json\/wp\/v2\/pages\/194"}],"collection":[{"href":"https:\/\/www.osmgp.gov.ar\/osse\/wp-json\/wp\/v2\/pages"}],"about":[{"href":"https:\/\/www.osmgp.gov.ar\/osse\/wp-json\/wp\/v2\/types\/page"}],"author":[{"embeddable":true,"href":"https:\/\/www.osmgp.gov.ar\/osse\/wp-json\/wp\/v2\/users\/1"}],"replies":[{"embeddable":true,"href":"https:\/\/www.osmgp.gov.ar\/osse\/wp-json\/wp\/v2\/comments?post=194"}],"version-history":[{"count":44,"href":"https:\/\/www.osmgp.gov.ar\/osse\/wp-json\/wp\/v2\/pages\/194\/revisions"}],"predecessor-version":[{"id":4186,"href":"https:\/\/www.osmgp.gov.ar\/osse\/wp-json\/wp\/v2\/pages\/194\/revisions\/4186"}],"wp:attachment":[{"href":"https:\/\/www.osmgp.gov.ar\/osse\/wp-json\/wp\/v2\/media?parent=194"}],"curies":[{"name":"wp","href":"https:\/\/api.w.org\/{rel}","templated":true}]}}