

{"id":4556,"date":"2020-04-15T10:28:33","date_gmt":"2020-04-15T13:28:33","guid":{"rendered":"http:\/\/www.osmgp.gov.ar\/osse\/?page_id=4556"},"modified":"2020-04-22T09:21:37","modified_gmt":"2020-04-22T12:21:37","slug":"botellitas","status":"publish","type":"page","link":"https:\/\/www.osmgp.gov.ar\/osse\/botellitas\/","title":{"rendered":"Botellitas"},"content":{"rendered":"<p>[et_pb_section fb_built=&#8221;1&#8243; admin_label=&#8221;Page Title Section&#8221; _builder_version=&#8221;3.21.4&#8243; use_background_color_gradient=&#8221;on&#8221; background_color_gradient_start=&#8221;#3a3a3a&#8221; background_color_gradient_end=&#8221;rgba(0,0,0,0)&#8221; background_color_gradient_direction=&#8221;120deg&#8221; background_color_gradient_overlays_image=&#8221;on&#8221; background_image=&#8221;https:\/\/www.osmgp.gov.ar\/osse\/wp-content\/uploads\/2020\/04\/2469388-baja.jpg&#8221; background_position=&#8221;center_left&#8221; custom_padding=&#8221;0||76px||false|false&#8221;][et_pb_row _builder_version=&#8221;3.21.4&#8243; background_size=&#8221;initial&#8221; background_position=&#8221;top_left&#8221; background_repeat=&#8221;repeat&#8221;][et_pb_column type=&#8221;2_3&#8243; _builder_version=&#8221;3.0.47&#8243;][et_pb_text admin_label=&#8221;Title&#8221; _builder_version=&#8221;3.21.4&#8243; text_font=&#8221;||||||||&#8221; header_font=&#8221;Poppins|600|||||||&#8221; header_font_size=&#8221;60px&#8221; header_font_size_phone=&#8221;40px&#8221; header_font_size_last_edited=&#8221;on|phone&#8221; header_line_height=&#8221;1.2em&#8221; header_2_font=&#8221;||||||||&#8221; header_2_font_size=&#8221;60px&#8221; background_layout=&#8221;dark&#8221; custom_margin=&#8221;||20px|&#8221; custom_padding=&#8221;|||&#8221; animation_style=&#8221;fade&#8221;][\/et_pb_text][et_pb_text admin_label=&#8221;Page Subtitle&#8221; _builder_version=&#8221;3.21.4&#8243; text_font=&#8221;Poppins||||||||&#8221; text_font_size=&#8221;18px&#8221; text_line_height=&#8221;1.8em&#8221; header_font=&#8221;||||||||&#8221; header_2_font=&#8221;||||||||&#8221; header_2_font_size=&#8221;-24px&#8221; header_2_line_height=&#8221;1.2em&#8221; background_layout=&#8221;dark&#8221; animation_style=&#8221;fade&#8221;]<\/p>\n<h2>En \u00e9poca de Coronavirus, es muy importante cumplir con los buenos h\u00e1bitos de salud pero sin olvidarnos de cuidar el agua.<\/h2>\n<p>[\/et_pb_text][\/et_pb_column][et_pb_column type=&#8221;1_3&#8243; _builder_version=&#8221;3.0.47&#8243;][\/et_pb_column][\/et_pb_row][\/et_pb_section][et_pb_section fb_built=&#8221;1&#8243; _builder_version=&#8221;3.21.4&#8243; custom_padding=&#8221;31px|0px|3px|0px|false|false&#8221;][et_pb_row custom_padding=&#8221;27px|0px|0|0px|false|false&#8221; _builder_version=&#8221;3.21.4&#8243;][et_pb_column type=&#8221;4_4&#8243; _builder_version=&#8221;3.21.4&#8243;][et_pb_text _builder_version=&#8221;3.21.4&#8243; text_font=&#8221;||||||||&#8221; header_2_font=&#8221;||||||||&#8221; header_3_font=&#8221;||||||||&#8221; header_3_text_color=&#8221;#4c4c4c&#8221; header_3_font_size=&#8221;23px&#8221; header_3_line_height=&#8221;1.2em&#8221; text_orientation=&#8221;center&#8221;]<\/p>\n<h3>Para mantenernos sanos y evitar cualquier tipo de contagio, te proponemos <strong>personalizar las botellitas de agua<\/strong> para cada miembro de la familia. Identifica la tuya f\u00e1cilmente y no la compartas!<\/h3>\n<h3><strong><\/strong><\/h3>\n<h3><strong>Segu\u00ed estos 5 simples pasos:<\/strong><\/h3>\n<h3><\/h3>\n<p>[\/et_pb_text][\/et_pb_column][\/et_pb_row][et_pb_row custom_padding=&#8221;38px|0px|6px|0px|false|false&#8221; _builder_version=&#8221;3.21.4&#8243;][et_pb_column type=&#8221;1_2&#8243; _builder_version=&#8221;3.21.4&#8243;][et_pb_image src=&#8221;https:\/\/www.osmgp.gov.ar\/osse\/wp-content\/uploads\/2020\/04\/1-1.png&#8221; _builder_version=&#8221;3.21.4&#8243; max_width=&#8221;77%&#8221; module_alignment=&#8221;right&#8221;][\/et_pb_image][\/et_pb_column][et_pb_column type=&#8221;1_2&#8243; _builder_version=&#8221;3.21.4&#8243;][et_pb_text _builder_version=&#8221;3.21.4&#8243; header_3_font=&#8221;||||||||&#8221; header_3_text_color=&#8221;#af52ce&#8221; custom_margin=&#8221;|0px||&#8221; custom_padding=&#8221;|93px||&#8221;]<\/p>\n<h3><\/h3>\n<p>&nbsp;<\/p>\n<p>&nbsp;<\/p>\n<p>&nbsp;<\/p>\n<h3><strong>Paso 1:\u00a0<\/strong> Buscar en cada rinc\u00f3n de la casa la mayor cantidad de botellitas o recipientes que sirvan para personalizar, es importante que cada una tenga su tapa ya sea a rosca o a paresi\u00f3n.<\/h3>\n<h4><em>Pueden ser de distintos materiales: Vidrio, PET, pl\u00e1sticos o metales.<\/em><\/h4>\n<p>[\/et_pb_text][\/et_pb_column][\/et_pb_row][et_pb_row custom_padding=&#8221;7px|0px|21px|0px|false|false&#8221; _builder_version=&#8221;3.21.4&#8243;][et_pb_column type=&#8221;1_2&#8243; _builder_version=&#8221;3.21.4&#8243;][et_pb_text _builder_version=&#8221;3.21.4&#8243; header_3_font=&#8221;||||||||&#8221; header_3_text_color=&#8221;#12a3ba&#8221; custom_margin=&#8221;|||87px&#8221;]<\/p>\n<h3><\/h3>\n<p>&nbsp;<\/p>\n<p>&nbsp;<\/p>\n<p>&nbsp;<\/p>\n<h3><strong>Paso 2:<\/strong> \u00a0Se quitan todas las etiquetas y se lavan muy bien sobre todo los bordes, la limpieza la puede realizar un adulto con una soluci\u00f3n preparada con lavandina diluida y es muy\u00a0 importante luego enjuagar muy bien<\/h3>\n<p>[\/et_pb_text][\/et_pb_column][et_pb_column type=&#8221;1_2&#8243; _builder_version=&#8221;3.21.4&#8243;][et_pb_image src=&#8221;https:\/\/www.osmgp.gov.ar\/osse\/wp-content\/uploads\/2020\/04\/2-1.png&#8221; _builder_version=&#8221;3.21.4&#8243; max_width=&#8221;73%&#8221; module_alignment=&#8221;left&#8221;][\/et_pb_image][\/et_pb_column][\/et_pb_row][et_pb_row custom_padding=&#8221;18px|0px|6px|0px|false|false&#8221; _builder_version=&#8221;3.21.4&#8243;][et_pb_column type=&#8221;1_2&#8243; _builder_version=&#8221;3.21.4&#8243;][et_pb_image src=&#8221;https:\/\/www.osmgp.gov.ar\/osse\/wp-content\/uploads\/2020\/04\/3-1.png&#8221; _builder_version=&#8221;3.21.4&#8243; max_width=&#8221;77%&#8221; module_alignment=&#8221;right&#8221;][\/et_pb_image][\/et_pb_column][et_pb_column type=&#8221;1_2&#8243; _builder_version=&#8221;3.21.4&#8243;][et_pb_text _builder_version=&#8221;3.21.4&#8243; header_3_font=&#8221;||||||||&#8221; header_3_text_color=&#8221;#f74b20&#8243; custom_margin=&#8221;|0px||&#8221; custom_padding=&#8221;|93px||&#8221;]<\/p>\n<h3><\/h3>\n<p>&nbsp;<\/p>\n<p>&nbsp;<\/p>\n<p>&nbsp;<\/p>\n<h3><strong>Paso 3:<\/strong> Se buscan los elementos que servir\u00e1n para la decoraci\u00f3n; recortes de goma eva, stickers, servilletas de papel, acr\u00edlicos, pegamento, bolsas pl\u00e1sticas, lanas o hilos de color.<\/h3>\n<h4><em>O cualquier otro elemento que \u00a0se encuentre en casa, hay que revisar cajones, muebles y cajas donde a lo mejor han quedado olvidados y hoy nos pueden servir.<\/em><\/h4>\n<p>[\/et_pb_text][\/et_pb_column][\/et_pb_row][et_pb_row custom_padding=&#8221;21px|0px|21px|0px|false|false&#8221; _builder_version=&#8221;3.21.4&#8243;][et_pb_column type=&#8221;1_2&#8243; _builder_version=&#8221;3.21.4&#8243;][et_pb_text _builder_version=&#8221;3.21.4&#8243; header_3_font=&#8221;||||||||&#8221; header_3_text_color=&#8221;#ce0056&#8243; custom_margin=&#8221;|||87px&#8221;]<\/p>\n<h3><\/h3>\n<p>&nbsp;<\/p>\n<p>&nbsp;<\/p>\n<h3><strong>Paso 4:<\/strong>\u00a0\u00a0<strong><em><\/em><\/strong>Manos a la obra!!!<\/h3>\n<h3><em>Damos el siguiente ejemplo con las bolsas estampadas:<\/em><\/h3>\n<h3>Recortar las bolsas eligiendo los dise\u00f1os que m\u00e1s le agraden a cada miembro de la familia para pegar con el pegamento sellador sint\u00e9tico sobre la botella para darle de esta manera tu toque personal.<\/h3>\n<p>[\/et_pb_text][\/et_pb_column][et_pb_column type=&#8221;1_2&#8243; _builder_version=&#8221;3.21.4&#8243;][et_pb_image src=&#8221;https:\/\/www.osmgp.gov.ar\/osse\/wp-content\/uploads\/2020\/04\/4-1.png&#8221; _builder_version=&#8221;3.21.4&#8243; max_width=&#8221;73%&#8221; module_alignment=&#8221;left&#8221;][\/et_pb_image][\/et_pb_column][\/et_pb_row][et_pb_row custom_padding=&#8221;18px|0px|6px|0px|false|false&#8221; _builder_version=&#8221;3.21.4&#8243;][et_pb_column type=&#8221;1_2&#8243; _builder_version=&#8221;3.21.4&#8243;][et_pb_image src=&#8221;https:\/\/www.osmgp.gov.ar\/osse\/wp-content\/uploads\/2020\/04\/5-1.png&#8221; _builder_version=&#8221;3.21.4&#8243; max_width=&#8221;77%&#8221; module_alignment=&#8221;right&#8221;][\/et_pb_image][\/et_pb_column][et_pb_column type=&#8221;1_2&#8243; _builder_version=&#8221;3.21.4&#8243;][et_pb_text _builder_version=&#8221;3.21.4&#8243; header_3_font=&#8221;||||||||&#8221; header_3_text_color=&#8221;#dd9700&#8243; custom_margin=&#8221;|0px||&#8221; custom_padding=&#8221;|93px||&#8221;]<\/p>\n<h3><\/h3>\n<p>&nbsp;<\/p>\n<p>&nbsp;<\/p>\n<p>&nbsp;<\/p>\n<p>&nbsp;<\/p>\n<h3><strong>Paso 5:\u00a0<\/strong><span>De esta manera\u00a0 vas cubriendo la superficie de la botella a modo de collage. Es importante que utilices bolsas de pl\u00e1stico para que la botella tengas m\u00e1s duraci\u00f3n, para poder mojarla y llevarla a la heladera sin ning\u00fan problema. <\/span><\/h3>\n<p>[\/et_pb_text][\/et_pb_column][\/et_pb_row][\/et_pb_section][et_pb_section fb_built=&#8221;1&#8243; _builder_version=&#8221;3.21.4&#8243;][et_pb_row _builder_version=&#8221;3.21.4&#8243;][et_pb_column type=&#8221;4_4&#8243; _builder_version=&#8221;3.21.4&#8243;][et_pb_text _builder_version=&#8221;3.21.4&#8243;]<\/p>\n<h3 style=\"text-align: center;\"><strong>Listo! Tu botellita ya est\u00e1 terminada. Ahora a seguir con la pr\u00f3xima!!<\/strong><\/h3>\n<h3 style=\"text-align: center;\">Record\u00e1 compartirla en nuestras Redes Sociales con la etiqueta <strong>#YoCuidoElAgua\u00a0#QuedateEnCasa\u00a0<\/strong>para que todos tomemos conciencia!\u00a0<\/h3>\n<p>[\/et_pb_text][\/et_pb_column][\/et_pb_row][\/et_pb_section]<\/p>\n","protected":false},"excerpt":{"rendered":"<p>En \u00e9poca de Coronavirus, es muy importante cumplir con los buenos h\u00e1bitos de salud pero sin olvidarnos de cuidar el agua.Para mantenernos sanos y evitar cualquier tipo de contagio, te proponemos personalizar las botellitas de agua para cada miembro de la familia. Identifica la tuya f\u00e1cilmente y no la compartas! Segu\u00ed estos 5 simples pasos: [&hellip;]<\/p>\n","protected":false},"author":1,"featured_media":0,"parent":0,"menu_order":0,"comment_status":"closed","ping_status":"closed","template":"","meta":{"_et_pb_use_builder":"on","_et_pb_old_content":"","_et_gb_content_width":""},"_links":{"self":[{"href":"https:\/\/www.osmgp.gov.ar\/osse\/wp-json\/wp\/v2\/pages\/4556"}],"collection":[{"href":"https:\/\/www.osmgp.gov.ar\/osse\/wp-json\/wp\/v2\/pages"}],"about":[{"href":"https:\/\/www.osmgp.gov.ar\/osse\/wp-json\/wp\/v2\/types\/page"}],"author":[{"embeddable":true,"href":"https:\/\/www.osmgp.gov.ar\/osse\/wp-json\/wp\/v2\/users\/1"}],"replies":[{"embeddable":true,"href":"https:\/\/www.osmgp.gov.ar\/osse\/wp-json\/wp\/v2\/comments?post=4556"}],"version-history":[{"count":6,"href":"https:\/\/www.osmgp.gov.ar\/osse\/wp-json\/wp\/v2\/pages\/4556\/revisions"}],"predecessor-version":[{"id":4674,"href":"https:\/\/www.osmgp.gov.ar\/osse\/wp-json\/wp\/v2\/pages\/4556\/revisions\/4674"}],"wp:attachment":[{"href":"https:\/\/www.osmgp.gov.ar\/osse\/wp-json\/wp\/v2\/media?parent=4556"}],"curies":[{"name":"wp","href":"https:\/\/api.w.org\/{rel}","templated":true}]}}