

{"id":4841,"date":"2020-07-30T13:02:34","date_gmt":"2020-07-30T16:02:34","guid":{"rendered":"http:\/\/www.osmgp.gov.ar\/osse\/?page_id=4841"},"modified":"2020-07-31T10:39:17","modified_gmt":"2020-07-31T13:39:17","slug":"4841-2","status":"publish","type":"page","link":"https:\/\/www.osmgp.gov.ar\/osse\/4841-2\/","title":{"rendered":"Emisario Submarino &#8211; interna"},"content":{"rendered":"<p>[et_pb_section fb_built=&#8221;1&#8243; admin_label=&#8221;About Us Section&#8221; _builder_version=&#8221;3.21.4&#8243; background_image=&#8221;https:\/\/www.osmgp.gov.ar\/osse\/wp-content\/uploads\/2020\/07\/render-muelle.jpg&#8221; parallax=&#8221;on&#8221; box_shadow_style=&#8221;preset7&#8243; box_shadow_horizontal=&#8221;0px&#8221; box_shadow_vertical=&#8221;-200px&#8221; box_shadow_color=&#8221;#ffffff&#8221; custom_margin=&#8221;|5%||5%&#8221; custom_margin_phone=&#8221;|0px|-93px|0px&#8221; custom_margin_last_edited=&#8221;on|phone&#8221; custom_padding=&#8221;4.6%|0|84px||false|false&#8221; animation_style=&#8221;zoom&#8221; animation_direction=&#8221;top&#8221; animation_intensity_zoom=&#8221;5%&#8221;][et_pb_row custom_padding=&#8221;27px|0px|0|0px|false|false&#8221; admin_label=&#8221;About Us Area&#8221; _builder_version=&#8221;3.21.4&#8243; background_size=&#8221;initial&#8221; background_position=&#8221;top_left&#8221; background_repeat=&#8221;repeat&#8221;][et_pb_column type=&#8221;2_3&#8243; _builder_version=&#8221;3.0.47&#8243;][et_pb_text admin_label=&#8221;Title&#8221; _builder_version=&#8221;3.21.4&#8243; text_font=&#8221;Montserrat||||||||&#8221; text_text_color=&#8221;#747d88&#8243; text_font_size=&#8221;15px&#8221; text_font_size_phone=&#8221;12px&#8221; text_font_size_last_edited=&#8221;on|desktop&#8221; text_line_height=&#8221;1.9em&#8221; header_font=&#8221;||||||||&#8221; header_text_align=&#8221;left&#8221; header_2_font=&#8221;Montserrat|700||on|||||&#8221; header_2_font_size=&#8221;28px&#8221; header_2_font_size_phone=&#8221;31px&#8221; header_2_font_size_last_edited=&#8221;on|desktop&#8221; header_2_line_height=&#8221;1.3em&#8221; background_color=&#8221;#f7f7f7&#8243; background_size=&#8221;initial&#8221; background_position=&#8221;top_left&#8221; background_repeat=&#8221;repeat&#8221; box_shadow_style=&#8221;preset1&#8243; box_shadow_vertical=&#8221;15px&#8221; box_shadow_blur=&#8221;45px&#8221; box_shadow_color=&#8221;rgba(0,0,0,0.15)&#8221; max_width=&#8221;700px&#8221; module_alignment=&#8221;left&#8221; custom_margin=&#8221;|||&#8221; custom_padding=&#8221;10%|10%|10%|10%&#8221; animation_style=&#8221;slide&#8221; animation_direction=&#8221;bottom&#8221; animation_intensity_slide=&#8221;4%&#8221; animation_starting_opacity=&#8221;100%&#8221; locked=&#8221;off&#8221;]<\/p>\n<h2>Emisario submarino<\/h2>\n<div class=\"entry-content clearfix\">\n<p>El emisario submarino tiene funcionalidad las 24 horas, todos los d\u00edas, desde el 15 de diciembre de 2014 cuando se iniciaron las pruebas operativas a pleno antes de su inauguraci\u00f3n oficial, el 18 de diciembre de ese mismo a\u00f1o.<br \/> Los 4.100 metros de tendido en el lecho marino contemplan ca\u00f1er\u00eda de 2 mts de di\u00e1metro, correspondiendo los \u00faltimos 540 mts al difusor que cuenta con un puerto de salida cada 6 mts. Esto, permitiendo descargar hasta 9 mts c\u00fabicos por segundo de efluentes cloacales pretratados.<br \/> La ca\u00f1er\u00eda empleada, vale recordar, es polietileno de alta densidad (PEAD) de 2 mts de di\u00e1metros y 8 cent\u00edmetros de espesor; y para garantizar su estabilidad en el fondo marino lleva colocados lastres de hormig\u00f3n armado fijados a la misma con pesos de 18 y 7 toneladas cada 6 y 12 mts respectivamente. La obra se inici\u00f3 el 1 de abril de 2009.<\/p>\n<\/div>\n<p>[\/et_pb_text][\/et_pb_column][et_pb_column type=&#8221;1_3&#8243; _builder_version=&#8221;3.0.47&#8243;][\/et_pb_column][\/et_pb_row][\/et_pb_section]<\/p>\n","protected":false},"excerpt":{"rendered":"<p>Emisario submarino El emisario submarino tiene funcionalidad las 24 horas, todos los d\u00edas, desde el 15 de diciembre de 2014 cuando se iniciaron las pruebas operativas a pleno antes de su inauguraci\u00f3n oficial, el 18 de diciembre de ese mismo a\u00f1o. Los 4.100 metros de tendido en el lecho marino contemplan ca\u00f1er\u00eda de 2 mts [&hellip;]<\/p>\n","protected":false},"author":1,"featured_media":0,"parent":0,"menu_order":0,"comment_status":"closed","ping_status":"closed","template":"","meta":{"_et_pb_use_builder":"on","_et_pb_old_content":"","_et_gb_content_width":""},"_links":{"self":[{"href":"https:\/\/www.osmgp.gov.ar\/osse\/wp-json\/wp\/v2\/pages\/4841"}],"collection":[{"href":"https:\/\/www.osmgp.gov.ar\/osse\/wp-json\/wp\/v2\/pages"}],"about":[{"href":"https:\/\/www.osmgp.gov.ar\/osse\/wp-json\/wp\/v2\/types\/page"}],"author":[{"embeddable":true,"href":"https:\/\/www.osmgp.gov.ar\/osse\/wp-json\/wp\/v2\/users\/1"}],"replies":[{"embeddable":true,"href":"https:\/\/www.osmgp.gov.ar\/osse\/wp-json\/wp\/v2\/comments?post=4841"}],"version-history":[{"count":5,"href":"https:\/\/www.osmgp.gov.ar\/osse\/wp-json\/wp\/v2\/pages\/4841\/revisions"}],"predecessor-version":[{"id":4868,"href":"https:\/\/www.osmgp.gov.ar\/osse\/wp-json\/wp\/v2\/pages\/4841\/revisions\/4868"}],"wp:attachment":[{"href":"https:\/\/www.osmgp.gov.ar\/osse\/wp-json\/wp\/v2\/media?parent=4841"}],"curies":[{"name":"wp","href":"https:\/\/api.w.org\/{rel}","templated":true}]}}