

{"id":4869,"date":"2020-07-31T11:21:47","date_gmt":"2020-07-31T14:21:47","guid":{"rendered":"http:\/\/www.osmgp.gov.ar\/osse\/?page_id=4869"},"modified":"2020-07-31T11:32:30","modified_gmt":"2020-07-31T14:32:30","slug":"4869-2","status":"publish","type":"page","link":"https:\/\/www.osmgp.gov.ar\/osse\/4869-2\/","title":{"rendered":"Sistema Acueducto Oeste &#8211; interna"},"content":{"rendered":"<p>[et_pb_section fb_built=&#8221;1&#8243; admin_label=&#8221;About Us Section&#8221; _builder_version=&#8221;3.21.4&#8243; background_image=&#8221;https:\/\/www.osmgp.gov.ar\/osse\/wp-content\/uploads\/2020\/07\/SAO-43.jpg&#8221; parallax=&#8221;on&#8221; box_shadow_style=&#8221;preset7&#8243; box_shadow_horizontal=&#8221;0px&#8221; box_shadow_vertical=&#8221;-200px&#8221; box_shadow_color=&#8221;#ffffff&#8221; custom_margin=&#8221;|5%||5%&#8221; custom_margin_phone=&#8221;|0px|-93px|0px&#8221; custom_margin_last_edited=&#8221;on|phone&#8221; custom_padding=&#8221;4.6%|0|84px||false|false&#8221; animation_style=&#8221;zoom&#8221; animation_direction=&#8221;top&#8221; animation_intensity_zoom=&#8221;5%&#8221;][et_pb_row custom_padding=&#8221;27px|0px|0|0px|false|false&#8221; admin_label=&#8221;About Us Area&#8221; _builder_version=&#8221;3.21.4&#8243; background_size=&#8221;initial&#8221; background_position=&#8221;top_left&#8221; background_repeat=&#8221;repeat&#8221;][et_pb_column type=&#8221;2_3&#8243; _builder_version=&#8221;3.0.47&#8243;][et_pb_text admin_label=&#8221;Title&#8221; _builder_version=&#8221;3.21.4&#8243; text_font=&#8221;Montserrat||||||||&#8221; text_text_color=&#8221;#747d88&#8243; text_font_size=&#8221;15px&#8221; text_font_size_phone=&#8221;12px&#8221; text_font_size_last_edited=&#8221;on|desktop&#8221; text_line_height=&#8221;1.9em&#8221; header_font=&#8221;||||||||&#8221; header_text_align=&#8221;left&#8221; header_2_font=&#8221;Montserrat|700||on|||||&#8221; header_2_font_size=&#8221;28px&#8221; header_2_font_size_phone=&#8221;31px&#8221; header_2_font_size_last_edited=&#8221;on|desktop&#8221; header_2_line_height=&#8221;1.3em&#8221; background_color=&#8221;#f7f7f7&#8243; background_size=&#8221;initial&#8221; background_position=&#8221;top_left&#8221; background_repeat=&#8221;repeat&#8221; box_shadow_style=&#8221;preset1&#8243; box_shadow_vertical=&#8221;15px&#8221; box_shadow_blur=&#8221;45px&#8221; box_shadow_color=&#8221;rgba(0,0,0,0.15)&#8221; max_width=&#8221;700px&#8221; module_alignment=&#8221;left&#8221; custom_margin=&#8221;|||&#8221; custom_padding=&#8221;10%|10%|10%|10%&#8221; animation_style=&#8221;slide&#8221; animation_direction=&#8221;bottom&#8221; animation_intensity_slide=&#8221;4%&#8221; animation_starting_opacity=&#8221;100%&#8221; locked=&#8221;off&#8221;]<\/p>\n<h2>Sistema Acueducto Oeste<\/h2>\n<div class=\"entry-content clearfix\">\n<p>El Sistema Acueducto Oeste es una obra encarada por el Ente Nacional de Obras H\u00eddricas de Saneamiento (ENOHSA) que tiene a OSSE supervisando la prosecuci\u00f3n ininterrumpida de todas las tareas vinculadas a su desarrollo. Ha sido dise\u00f1ado para incrementar las reservas acu\u00edferas y potenciar los bombeos en per\u00edodos de mayor consumo, como en la temporada de verano cuando aumenta la demanda. Su caudal complementario posibilitar\u00e1, a la postre, aumentar el aporte previsto para las estaciones elevadoras de Plaza Mitre, Tucum\u00e1n, Ayacucho y Torre Tanque, facilitando as\u00ed la extensi\u00f3n del radio de influencia de la red de acueductos.<br \/> Con una primera etapa de 25 perforaciones, el SAO posibilitar\u00e1 incorporar al servicio a 45.600 nuevos vecinos y mejorar la calidad de prestaci\u00f3n de 348.000 marplatenses.<\/p>\n<\/div>\n<p>[\/et_pb_text][\/et_pb_column][et_pb_column type=&#8221;1_3&#8243; _builder_version=&#8221;3.0.47&#8243;][\/et_pb_column][\/et_pb_row][\/et_pb_section]<\/p>\n","protected":false},"excerpt":{"rendered":"<p>Sistema Acueducto Oeste El Sistema Acueducto Oeste es una obra encarada por el Ente Nacional de Obras H\u00eddricas de Saneamiento (ENOHSA) que tiene a OSSE supervisando la prosecuci\u00f3n ininterrumpida de todas las tareas vinculadas a su desarrollo. Ha sido dise\u00f1ado para incrementar las reservas acu\u00edferas y potenciar los bombeos en per\u00edodos de mayor consumo, como [&hellip;]<\/p>\n","protected":false},"author":1,"featured_media":0,"parent":0,"menu_order":0,"comment_status":"closed","ping_status":"closed","template":"","meta":{"_et_pb_use_builder":"on","_et_pb_old_content":"","_et_gb_content_width":""},"_links":{"self":[{"href":"https:\/\/www.osmgp.gov.ar\/osse\/wp-json\/wp\/v2\/pages\/4869"}],"collection":[{"href":"https:\/\/www.osmgp.gov.ar\/osse\/wp-json\/wp\/v2\/pages"}],"about":[{"href":"https:\/\/www.osmgp.gov.ar\/osse\/wp-json\/wp\/v2\/types\/page"}],"author":[{"embeddable":true,"href":"https:\/\/www.osmgp.gov.ar\/osse\/wp-json\/wp\/v2\/users\/1"}],"replies":[{"embeddable":true,"href":"https:\/\/www.osmgp.gov.ar\/osse\/wp-json\/wp\/v2\/comments?post=4869"}],"version-history":[{"count":3,"href":"https:\/\/www.osmgp.gov.ar\/osse\/wp-json\/wp\/v2\/pages\/4869\/revisions"}],"predecessor-version":[{"id":4892,"href":"https:\/\/www.osmgp.gov.ar\/osse\/wp-json\/wp\/v2\/pages\/4869\/revisions\/4892"}],"wp:attachment":[{"href":"https:\/\/www.osmgp.gov.ar\/osse\/wp-json\/wp\/v2\/media?parent=4869"}],"curies":[{"name":"wp","href":"https:\/\/api.w.org\/{rel}","templated":true}]}}