

{"id":4875,"date":"2020-07-31T11:23:21","date_gmt":"2020-07-31T14:23:21","guid":{"rendered":"http:\/\/www.osmgp.gov.ar\/osse\/?page_id=4875"},"modified":"2020-07-31T11:32:44","modified_gmt":"2020-07-31T14:32:44","slug":"4875-2","status":"publish","type":"page","link":"https:\/\/www.osmgp.gov.ar\/osse\/4875-2\/","title":{"rendered":"CAT &#8211; Interna"},"content":{"rendered":"<p>[et_pb_section fb_built=&#8221;1&#8243; admin_label=&#8221;About Us Section&#8221; _builder_version=&#8221;3.21.4&#8243; background_image=&#8221;https:\/\/www.osmgp.gov.ar\/osse\/wp-content\/uploads\/2020\/07\/TUCUMAN-Y-ALMAFUERTE-DRONE-17-SEPT-3.jpg&#8221; parallax=&#8221;on&#8221; box_shadow_style=&#8221;preset7&#8243; box_shadow_horizontal=&#8221;0px&#8221; box_shadow_vertical=&#8221;-200px&#8221; box_shadow_color=&#8221;#ffffff&#8221; custom_margin=&#8221;|5%||5%&#8221; custom_margin_phone=&#8221;|0px|-93px|0px&#8221; custom_margin_last_edited=&#8221;on|phone&#8221; custom_padding=&#8221;4.6%|0|84px||false|false&#8221; animation_style=&#8221;zoom&#8221; animation_direction=&#8221;top&#8221; animation_intensity_zoom=&#8221;5%&#8221;][et_pb_row custom_padding=&#8221;27px|0px|0|0px|false|false&#8221; admin_label=&#8221;About Us Area&#8221; _builder_version=&#8221;3.21.4&#8243; background_size=&#8221;initial&#8221; background_position=&#8221;top_left&#8221; background_repeat=&#8221;repeat&#8221;][et_pb_column type=&#8221;2_3&#8243; _builder_version=&#8221;3.0.47&#8243;][et_pb_text admin_label=&#8221;Title&#8221; _builder_version=&#8221;3.21.4&#8243; text_font=&#8221;Montserrat||||||||&#8221; text_text_color=&#8221;#747d88&#8243; text_font_size=&#8221;15px&#8221; text_font_size_phone=&#8221;12px&#8221; text_font_size_last_edited=&#8221;on|desktop&#8221; text_line_height=&#8221;1.9em&#8221; header_font=&#8221;||||||||&#8221; header_text_align=&#8221;left&#8221; header_2_font=&#8221;Montserrat|700||on|||||&#8221; header_2_font_size=&#8221;28px&#8221; header_2_font_size_phone=&#8221;31px&#8221; header_2_font_size_last_edited=&#8221;on|desktop&#8221; header_2_line_height=&#8221;1.3em&#8221; background_color=&#8221;#f7f7f7&#8243; background_size=&#8221;initial&#8221; background_position=&#8221;top_left&#8221; background_repeat=&#8221;repeat&#8221; box_shadow_style=&#8221;preset1&#8243; box_shadow_vertical=&#8221;15px&#8221; box_shadow_blur=&#8221;45px&#8221; box_shadow_color=&#8221;rgba(0,0,0,0.15)&#8221; max_width=&#8221;700px&#8221; module_alignment=&#8221;left&#8221; custom_margin=&#8221;|||&#8221; custom_padding=&#8221;10%|10%|10%|10%&#8221; animation_style=&#8221;slide&#8221; animation_direction=&#8221;bottom&#8221; animation_intensity_slide=&#8221;4%&#8221; animation_starting_opacity=&#8221;100%&#8221; locked=&#8221;off&#8221;]<\/p>\n<h2>Centro de Abastecimiento de Agua Tucum\u00e1n y Almafuerte<\/h2>\n<div class=\"entry-content clearfix\">\n<p>El CAT (Centro de Abastecimiento Tucum\u00e1n), trazado originalmente para potenciar el servicio de agua potable de quienes habitan mayormente en los barrios Peralta R. Oeste, Las Avenidas, Villa Lourdes, Puerto, Primera Junta, San Carlos, Divino Rostro, Playa Grande, Faro Norte, Bosque Peralta Ramos, Colinas Peralta Ramos, Juramento y Punta Mogotes, cuenta con dos cisternas semienterradas y una capacidad total de almacenamiento de 15 millones de litros de agua. Esto posibilita una autonom\u00eda de funcionamiento de 10 horas.<br \/> Se instalaron 10 electrobombas que permiten impulsar 6 millones de litros de agua por hora, marcando mejor\u00edas en las condiciones oeprativas al tiempo que se dota de mayor fidelidad a todo el sistema. Estos equipos saben de 400 kilowatts de potencia siendo su operatividad de andar autom\u00e1tico. Esto es, se operan a distancia desde la misma sede central que OSSE posee en el predio de French al 6700.<br \/> La obra se llevo adelante con finaciamiento propio de OSSE, a trav\u00e9s del Fondo de Infraestructura afectado a tal fin. De esta forma, lo que el vecino aporta a trav\u00e9s del pago de los servicios de agua, cloaca y desag\u00fces pluviales, OSSE lo retribuye en nuevas obras y mejor calidad en sus prestaciones.<\/p>\n<\/div>\n<p>[\/et_pb_text][\/et_pb_column][et_pb_column type=&#8221;1_3&#8243; _builder_version=&#8221;3.0.47&#8243;][\/et_pb_column][\/et_pb_row][\/et_pb_section]<\/p>\n","protected":false},"excerpt":{"rendered":"<p>Centro de Abastecimiento de Agua Tucum\u00e1n y Almafuerte El CAT (Centro de Abastecimiento Tucum\u00e1n), trazado originalmente para potenciar el servicio de agua potable de quienes habitan mayormente en los barrios Peralta R. Oeste, Las Avenidas, Villa Lourdes, Puerto, Primera Junta, San Carlos, Divino Rostro, Playa Grande, Faro Norte, Bosque Peralta Ramos, Colinas Peralta Ramos, Juramento [&hellip;]<\/p>\n","protected":false},"author":1,"featured_media":0,"parent":0,"menu_order":0,"comment_status":"closed","ping_status":"closed","template":"","meta":{"_et_pb_use_builder":"on","_et_pb_old_content":"","_et_gb_content_width":""},"_links":{"self":[{"href":"https:\/\/www.osmgp.gov.ar\/osse\/wp-json\/wp\/v2\/pages\/4875"}],"collection":[{"href":"https:\/\/www.osmgp.gov.ar\/osse\/wp-json\/wp\/v2\/pages"}],"about":[{"href":"https:\/\/www.osmgp.gov.ar\/osse\/wp-json\/wp\/v2\/types\/page"}],"author":[{"embeddable":true,"href":"https:\/\/www.osmgp.gov.ar\/osse\/wp-json\/wp\/v2\/users\/1"}],"replies":[{"embeddable":true,"href":"https:\/\/www.osmgp.gov.ar\/osse\/wp-json\/wp\/v2\/comments?post=4875"}],"version-history":[{"count":4,"href":"https:\/\/www.osmgp.gov.ar\/osse\/wp-json\/wp\/v2\/pages\/4875\/revisions"}],"predecessor-version":[{"id":4893,"href":"https:\/\/www.osmgp.gov.ar\/osse\/wp-json\/wp\/v2\/pages\/4875\/revisions\/4893"}],"wp:attachment":[{"href":"https:\/\/www.osmgp.gov.ar\/osse\/wp-json\/wp\/v2\/media?parent=4875"}],"curies":[{"name":"wp","href":"https:\/\/api.w.org\/{rel}","templated":true}]}}