

{"id":4884,"date":"2020-07-31T11:31:45","date_gmt":"2020-07-31T14:31:45","guid":{"rendered":"http:\/\/www.osmgp.gov.ar\/osse\/?page_id=4884"},"modified":"2020-07-31T11:33:27","modified_gmt":"2020-07-31T14:33:27","slug":"4884-2","status":"publish","type":"page","link":"https:\/\/www.osmgp.gov.ar\/osse\/4884-2\/","title":{"rendered":"Desag\u00fce Pluvial Arroyo del Barco &#8211; interna"},"content":{"rendered":"<p>[et_pb_section fb_built=&#8221;1&#8243; admin_label=&#8221;About Us Section&#8221; _builder_version=&#8221;3.21.4&#8243; background_image=&#8221;https:\/\/www.osmgp.gov.ar\/osse\/wp-content\/uploads\/2020\/07\/EVkL7sfXQAIWBFF.jpg&#8221; parallax=&#8221;on&#8221; box_shadow_style=&#8221;preset7&#8243; box_shadow_horizontal=&#8221;0px&#8221; box_shadow_vertical=&#8221;-200px&#8221; box_shadow_color=&#8221;#ffffff&#8221; custom_margin=&#8221;|5%||5%&#8221; custom_margin_phone=&#8221;|0px|-93px|0px&#8221; custom_margin_last_edited=&#8221;on|phone&#8221; custom_padding=&#8221;4.6%|0|84px||false|false&#8221; animation_style=&#8221;zoom&#8221; animation_direction=&#8221;top&#8221; animation_intensity_zoom=&#8221;5%&#8221;][et_pb_row custom_padding=&#8221;27px|0px|0|0px|false|false&#8221; admin_label=&#8221;About Us Area&#8221; _builder_version=&#8221;3.21.4&#8243; background_size=&#8221;initial&#8221; background_position=&#8221;top_left&#8221; background_repeat=&#8221;repeat&#8221;][et_pb_column type=&#8221;2_3&#8243; _builder_version=&#8221;3.0.47&#8243;][et_pb_text admin_label=&#8221;Title&#8221; _builder_version=&#8221;3.21.4&#8243; text_font=&#8221;Montserrat||||||||&#8221; text_text_color=&#8221;#747d88&#8243; text_font_size=&#8221;15px&#8221; text_font_size_phone=&#8221;12px&#8221; text_font_size_last_edited=&#8221;on|desktop&#8221; text_line_height=&#8221;1.9em&#8221; header_font=&#8221;||||||||&#8221; header_text_align=&#8221;left&#8221; header_2_font=&#8221;Montserrat|700||on|||||&#8221; header_2_font_size=&#8221;28px&#8221; header_2_font_size_phone=&#8221;31px&#8221; header_2_font_size_last_edited=&#8221;on|desktop&#8221; header_2_line_height=&#8221;1.3em&#8221; background_color=&#8221;#f7f7f7&#8243; background_size=&#8221;initial&#8221; background_position=&#8221;top_left&#8221; background_repeat=&#8221;repeat&#8221; box_shadow_style=&#8221;preset1&#8243; box_shadow_vertical=&#8221;15px&#8221; box_shadow_blur=&#8221;45px&#8221; box_shadow_color=&#8221;rgba(0,0,0,0.15)&#8221; max_width=&#8221;700px&#8221; module_alignment=&#8221;left&#8221; custom_margin=&#8221;|||&#8221; custom_padding=&#8221;10%|10%|10%|10%&#8221; animation_style=&#8221;slide&#8221; animation_direction=&#8221;bottom&#8221; animation_intensity_slide=&#8221;4%&#8221; animation_starting_opacity=&#8221;100%&#8221; locked=&#8221;off&#8221;]<\/p>\n<h2>Desag\u00fce Pluvial Arroyo Del Barco<\/h2>\n<div class=\"entry-content clearfix\">\n<p>El Desag\u00fce Pluvial Arroyo Del Barco beneficia en su primera etapa a 14 barrios de la zona portuaria y del Sur de la ciudad, evitando que padezcan las consecuencias de las cada vez m\u00e1s fuertes lluvias en breves lapsos de tiempo. Estos barrios son: Villa Lourdes, Puerto, Las Avenidas, Peralta Ramos Oeste, El Progreso, El Martillo, Florencio S\u00e1nchez, Cerrito Sur, Cerrito y San Salvador, Juramento, Gral. San Mart\u00edn, Termas Huinco, Colinas de Peralta Ramos y Punta Mogotes.<br \/> La obra se enmarc\u00f3 dentro del \u201cPlan Nacional del Agua\u201d impulsado por la subsecretar\u00eda de Recursos H\u00eddricos de la Naci\u00f3n, con el fin de realizar trabajos que permitan mejorar la calidad de vida de la comunidad, ante las consecuencias del cambio clim\u00e1tico. Cuenta con una reja de contenci\u00f3n que se ubic\u00f3 en la desembocadura (zona Puerto) que cumple efectivamente con el objetivo de ser \u201cmuro\u201d para la basura que pueda sortear al sistema en d\u00edas de lluvia. La misma se encuentra en la \u201cboca\u201d de una ca\u00f1er\u00eda cuyas dimensiones alcanzan los 3.70 x 7.40 mts y cuya finalidad \u2013en orden a las distintas etapas- pasa por canalizar toda el agua de lluvia que pueda correr por el sector que va desde Pe\u00f1a hasta Mario Bravo y desde el mar hasta Ant\u00e1rtida Argentina.<\/p>\n<\/div>\n<p>[\/et_pb_text][\/et_pb_column][et_pb_column type=&#8221;1_3&#8243; _builder_version=&#8221;3.0.47&#8243;][\/et_pb_column][\/et_pb_row][\/et_pb_section]<\/p>\n","protected":false},"excerpt":{"rendered":"<p>Desag\u00fce Pluvial Arroyo Del Barco El Desag\u00fce Pluvial Arroyo Del Barco beneficia en su primera etapa a 14 barrios de la zona portuaria y del Sur de la ciudad, evitando que padezcan las consecuencias de las cada vez m\u00e1s fuertes lluvias en breves lapsos de tiempo. Estos barrios son: Villa Lourdes, Puerto, Las Avenidas, Peralta [&hellip;]<\/p>\n","protected":false},"author":1,"featured_media":0,"parent":0,"menu_order":0,"comment_status":"closed","ping_status":"closed","template":"","meta":{"_et_pb_use_builder":"on","_et_pb_old_content":"","_et_gb_content_width":""},"_links":{"self":[{"href":"https:\/\/www.osmgp.gov.ar\/osse\/wp-json\/wp\/v2\/pages\/4884"}],"collection":[{"href":"https:\/\/www.osmgp.gov.ar\/osse\/wp-json\/wp\/v2\/pages"}],"about":[{"href":"https:\/\/www.osmgp.gov.ar\/osse\/wp-json\/wp\/v2\/types\/page"}],"author":[{"embeddable":true,"href":"https:\/\/www.osmgp.gov.ar\/osse\/wp-json\/wp\/v2\/users\/1"}],"replies":[{"embeddable":true,"href":"https:\/\/www.osmgp.gov.ar\/osse\/wp-json\/wp\/v2\/comments?post=4884"}],"version-history":[{"count":3,"href":"https:\/\/www.osmgp.gov.ar\/osse\/wp-json\/wp\/v2\/pages\/4884\/revisions"}],"predecessor-version":[{"id":4894,"href":"https:\/\/www.osmgp.gov.ar\/osse\/wp-json\/wp\/v2\/pages\/4884\/revisions\/4894"}],"wp:attachment":[{"href":"https:\/\/www.osmgp.gov.ar\/osse\/wp-json\/wp\/v2\/media?parent=4884"}],"curies":[{"name":"wp","href":"https:\/\/api.w.org\/{rel}","templated":true}]}}