

{"id":4896,"date":"2020-07-31T11:36:41","date_gmt":"2020-07-31T14:36:41","guid":{"rendered":"http:\/\/www.osmgp.gov.ar\/osse\/?page_id=4896"},"modified":"2020-07-31T11:45:04","modified_gmt":"2020-07-31T14:45:04","slug":"4896-2","status":"publish","type":"page","link":"https:\/\/www.osmgp.gov.ar\/osse\/4896-2\/","title":{"rendered":"EDAR &#8211; Interna"},"content":{"rendered":"<p>[et_pb_section fb_built=&#8221;1&#8243; admin_label=&#8221;About Us Section&#8221; _builder_version=&#8221;3.21.4&#8243; background_image=&#8221;https:\/\/www.osmgp.gov.ar\/osse\/wp-content\/uploads\/2020\/07\/DjCVoiKW0AUV1r1.jpg&#8221; parallax=&#8221;on&#8221; box_shadow_style=&#8221;preset7&#8243; box_shadow_horizontal=&#8221;0px&#8221; box_shadow_vertical=&#8221;-200px&#8221; box_shadow_color=&#8221;#ffffff&#8221; custom_margin=&#8221;|5%||5%&#8221; custom_margin_phone=&#8221;|0px|-93px|0px&#8221; custom_margin_last_edited=&#8221;on|phone&#8221; custom_padding=&#8221;4.6%|0|84px||false|false&#8221; animation_style=&#8221;zoom&#8221; animation_direction=&#8221;top&#8221; animation_intensity_zoom=&#8221;5%&#8221;][et_pb_row custom_padding=&#8221;27px|0px|0|0px|false|false&#8221; admin_label=&#8221;About Us Area&#8221; _builder_version=&#8221;3.21.4&#8243; background_size=&#8221;initial&#8221; background_position=&#8221;top_left&#8221; background_repeat=&#8221;repeat&#8221;][et_pb_column type=&#8221;2_3&#8243; _builder_version=&#8221;3.0.47&#8243;][et_pb_text admin_label=&#8221;Title&#8221; _builder_version=&#8221;3.21.4&#8243; text_font=&#8221;Montserrat||||||||&#8221; text_text_color=&#8221;#747d88&#8243; text_font_size=&#8221;15px&#8221; text_font_size_phone=&#8221;12px&#8221; text_font_size_last_edited=&#8221;on|desktop&#8221; text_line_height=&#8221;1.9em&#8221; header_font=&#8221;||||||||&#8221; header_text_align=&#8221;left&#8221; header_2_font=&#8221;Montserrat|700||on|||||&#8221; header_2_font_size=&#8221;28px&#8221; header_2_font_size_phone=&#8221;31px&#8221; header_2_font_size_last_edited=&#8221;on|desktop&#8221; header_2_line_height=&#8221;1.3em&#8221; background_color=&#8221;#f7f7f7&#8243; background_size=&#8221;initial&#8221; background_position=&#8221;top_left&#8221; background_repeat=&#8221;repeat&#8221; box_shadow_style=&#8221;preset1&#8243; box_shadow_vertical=&#8221;15px&#8221; box_shadow_blur=&#8221;45px&#8221; box_shadow_color=&#8221;rgba(0,0,0,0.15)&#8221; max_width=&#8221;700px&#8221; module_alignment=&#8221;left&#8221; custom_margin=&#8221;|||&#8221; custom_padding=&#8221;10%|10%|10%|10%&#8221; animation_style=&#8221;slide&#8221; animation_direction=&#8221;bottom&#8221; animation_intensity_slide=&#8221;4%&#8221; animation_starting_opacity=&#8221;100%&#8221; locked=&#8221;off&#8221;]<\/p>\n<h2>Estaci\u00f3n Depuradora de Aguas Residuales<\/h2>\n<div class=\"entry-content clearfix\">\n<p>\u00a0La EDAR, inaugurada oficialmente el 17 de agosto de 2018, realiza la extracci\u00f3n y gesti\u00f3n de s\u00f3lidos, arenas, grasas y aceites del efluente cloacal del partido de General Pueyrredon, previo a ser dispuesto por el emisario submarino en el mar, y su creaci\u00f3n se inscribe en el cap\u00edtulo de Sostenibilidad Ambiental y Cambio Clim\u00e1tico del Plan de Acci\u00f3n \u201cMar del Plata Sostenible\u201d, presentado ante el BID.<br \/> La planta destaca la disposici\u00f3n de cribas rotativas, tornillos transportadores de s\u00f3lidos, clasificadores \/ lavadores de arena y compactadores de s\u00f3lidos. Se emplean rejas de desbaste de tipo vertical de acero inoxidable y un sistema de limpieza mec\u00e1nica para la funcionalidad y a ello se suma una estaci\u00f3n elevadora de l\u00edquido crudo en la que se colocaron bombas cloacales sumergibles, con una capacidad total de 8 metros c\u00fabicos por segundo. Asimismo hay un desbaste fino en el tratamiento, con sala de cribas y tamices rotativos autolimpiantes para retener los s\u00f3lidos.<br \/> Todo se complementa con un desarenador-desengrasador -con puente barredor de grasas y extracci\u00f3n de arenas- y un filtrado biol\u00f3gico \u00fatil a la separaci\u00f3n de las c\u00e1maras h\u00famedas de los recintos secos cerrados, lo que en definitiva facilita la preservaci\u00f3n de la calidad del aire. En igual orden, se dispuso todo un cord\u00f3n forestal que aisla ruidos, olores y aporta significativamente al paisaje urbano en el lugar.<br \/> Fue pensada para una cobertura global de 1.800.000 habitantes<\/p>\n<\/div>\n<p>[\/et_pb_text][\/et_pb_column][et_pb_column type=&#8221;1_3&#8243; _builder_version=&#8221;3.0.47&#8243;][\/et_pb_column][\/et_pb_row][\/et_pb_section]<\/p>\n","protected":false},"excerpt":{"rendered":"<p>Estaci\u00f3n Depuradora de Aguas Residuales \u00a0La EDAR, inaugurada oficialmente el 17 de agosto de 2018, realiza la extracci\u00f3n y gesti\u00f3n de s\u00f3lidos, arenas, grasas y aceites del efluente cloacal del partido de General Pueyrredon, previo a ser dispuesto por el emisario submarino en el mar, y su creaci\u00f3n se inscribe en el cap\u00edtulo de Sostenibilidad [&hellip;]<\/p>\n","protected":false},"author":1,"featured_media":0,"parent":0,"menu_order":0,"comment_status":"closed","ping_status":"closed","template":"","meta":{"_et_pb_use_builder":"on","_et_pb_old_content":"","_et_gb_content_width":""},"_links":{"self":[{"href":"https:\/\/www.osmgp.gov.ar\/osse\/wp-json\/wp\/v2\/pages\/4896"}],"collection":[{"href":"https:\/\/www.osmgp.gov.ar\/osse\/wp-json\/wp\/v2\/pages"}],"about":[{"href":"https:\/\/www.osmgp.gov.ar\/osse\/wp-json\/wp\/v2\/types\/page"}],"author":[{"embeddable":true,"href":"https:\/\/www.osmgp.gov.ar\/osse\/wp-json\/wp\/v2\/users\/1"}],"replies":[{"embeddable":true,"href":"https:\/\/www.osmgp.gov.ar\/osse\/wp-json\/wp\/v2\/comments?post=4896"}],"version-history":[{"count":3,"href":"https:\/\/www.osmgp.gov.ar\/osse\/wp-json\/wp\/v2\/pages\/4896\/revisions"}],"predecessor-version":[{"id":4905,"href":"https:\/\/www.osmgp.gov.ar\/osse\/wp-json\/wp\/v2\/pages\/4896\/revisions\/4905"}],"wp:attachment":[{"href":"https:\/\/www.osmgp.gov.ar\/osse\/wp-json\/wp\/v2\/media?parent=4896"}],"curies":[{"name":"wp","href":"https:\/\/api.w.org\/{rel}","templated":true}]}}