

{"id":6655,"date":"2022-04-26T14:01:22","date_gmt":"2022-04-26T17:01:22","guid":{"rendered":"http:\/\/www.osmgp.gov.ar\/osse\/?page_id=6655"},"modified":"2026-03-10T18:07:07","modified_gmt":"2026-03-10T21:07:07","slug":"desinfeccion-de-tanques-2","status":"publish","type":"page","link":"https:\/\/www.osmgp.gov.ar\/osse\/desinfeccion-de-tanques-2\/","title":{"rendered":"Desinfecci\u00f3n de tanques"},"content":{"rendered":"<p>[et_pb_section fb_built=&#8221;1&#8243; specialty=&#8221;on&#8221; _builder_version=&#8221;4.16&#8243; global_colors_info=&#8221;{}&#8221;][et_pb_column type=&#8221;1_2&#8243; specialty_columns=&#8221;2&#8243; _builder_version=&#8221;4.16&#8243; custom_padding=&#8221;|||&#8221; global_colors_info=&#8221;{}&#8221; custom_padding__hover=&#8221;|||&#8221;][et_pb_row_inner _builder_version=&#8221;4.16&#8243; custom_padding=&#8221;27px|0px|27px|0px|false|false&#8221; global_colors_info=&#8221;{}&#8221;][et_pb_column_inner saved_specialty_column_type=&#8221;1_2&#8243; _builder_version=&#8221;4.16&#8243; custom_padding=&#8221;|||&#8221; global_colors_info=&#8221;{}&#8221; custom_padding__hover=&#8221;|||&#8221;][et_pb_text admin_label=&#8221;Texto&#8221; _builder_version=&#8221;4.25.1&#8243; text_font_size=&#8221;15px&#8221; text_line_height=&#8221;1.2em&#8221; hover_enabled=&#8221;0&#8243; z_index_tablet=&#8221;500&#8243; global_colors_info=&#8221;{}&#8221; sticky_enabled=&#8221;0&#8243;]<\/p>\n<h3 class=\"post-title entry-title\"><i>Desinfecci\u00f3n de tanques<\/i><\/h3>\n<ul>\n<li><a href=\"https:\/\/www.osmgp.gov.ar\/osse\/wp-content\/uploads\/2024\/04\/INSTRUCCIONES-PARA-LA-DESINFECCION-DE-TANQUES.pdf\" target=\"_blank\" rel=\"noopener noreferrer\">Instrucciones para la desinfecci\u00f3n de tanques<\/a><\/li>\n<li><a href=\"https:\/\/www.osmgp.gov.ar\/osse\/wp-content\/uploads\/2024\/04\/Requisitos-para-inscribirse-en-limpieza-de-tanque-y-desinfeccion-de-agua-Ordenanza-No-11554.pdf\" target=\"_blank\" rel=\"noopener noreferrer\">Requisitos para inscribirse como profesional habilitado en limpieza de tanque y desinfecci\u00f3n de agua (Ord. 11554)<\/a><\/li>\n<li><a href=\"https:\/\/www.osmgp.gov.ar\/osse\/wp-content\/uploads\/2026\/03\/MATRICULADOS-limpieza-tanques-Marzo2026.pdf\" target=\"_blank\" rel=\"noopener noreferrer\">Listado de matriculados para la limpieza y desinfecci\u00f3n de tanques<\/a><\/li>\n<\/ul>\n<p>[\/et_pb_text][\/et_pb_column_inner][\/et_pb_row_inner][\/et_pb_column][et_pb_column type=&#8221;1_2&#8243; _builder_version=&#8221;4.16&#8243; custom_padding=&#8221;|||&#8221; global_colors_info=&#8221;{}&#8221; custom_padding__hover=&#8221;|||&#8221;][\/et_pb_column][\/et_pb_section]<\/p>\n","protected":false},"excerpt":{"rendered":"<p>Desinfecci\u00f3n de tanques Instrucciones para la desinfecci\u00f3n de tanques Requisitos para inscribirse como profesional habilitado en limpieza de tanque y desinfecci\u00f3n de agua (Ord. 11554) Listado de matriculados para la limpieza y desinfecci\u00f3n de tanques<\/p>\n","protected":false},"author":1,"featured_media":0,"parent":0,"menu_order":0,"comment_status":"closed","ping_status":"closed","template":"","meta":{"_et_pb_use_builder":"on","_et_pb_old_content":"","_et_gb_content_width":""},"_links":{"self":[{"href":"https:\/\/www.osmgp.gov.ar\/osse\/wp-json\/wp\/v2\/pages\/6655"}],"collection":[{"href":"https:\/\/www.osmgp.gov.ar\/osse\/wp-json\/wp\/v2\/pages"}],"about":[{"href":"https:\/\/www.osmgp.gov.ar\/osse\/wp-json\/wp\/v2\/types\/page"}],"author":[{"embeddable":true,"href":"https:\/\/www.osmgp.gov.ar\/osse\/wp-json\/wp\/v2\/users\/1"}],"replies":[{"embeddable":true,"href":"https:\/\/www.osmgp.gov.ar\/osse\/wp-json\/wp\/v2\/comments?post=6655"}],"version-history":[{"count":16,"href":"https:\/\/www.osmgp.gov.ar\/osse\/wp-json\/wp\/v2\/pages\/6655\/revisions"}],"predecessor-version":[{"id":14411,"href":"https:\/\/www.osmgp.gov.ar\/osse\/wp-json\/wp\/v2\/pages\/6655\/revisions\/14411"}],"wp:attachment":[{"href":"https:\/\/www.osmgp.gov.ar\/osse\/wp-json\/wp\/v2\/media?parent=6655"}],"curies":[{"name":"wp","href":"https:\/\/api.w.org\/{rel}","templated":true}]}}