

{"id":91,"date":"2019-05-14T14:47:27","date_gmt":"2019-05-14T17:47:27","guid":{"rendered":"http:\/\/10.10.10.3\/osse2\/?page_id=91"},"modified":"2026-02-27T15:43:10","modified_gmt":"2026-02-27T18:43:10","slug":"formularios","status":"publish","type":"page","link":"https:\/\/www.osmgp.gov.ar\/osse\/formularios\/","title":{"rendered":"Formularios"},"content":{"rendered":"<p>[et_pb_section fb_built=&#8221;1&#8243; _builder_version=&#8221;4.16&#8243; custom_padding=&#8221;54px|||||&#8221; global_colors_info=&#8221;{}&#8221;][et_pb_row _builder_version=&#8221;4.16&#8243; global_colors_info=&#8221;{}&#8221;][et_pb_column type=&#8221;4_4&#8243; _builder_version=&#8221;4.16&#8243; custom_padding=&#8221;|||&#8221; global_colors_info=&#8221;{}&#8221; custom_padding__hover=&#8221;|||&#8221;][et_pb_text admin_label=&#8221;Texto&#8221; _builder_version=&#8221;4.25.1&#8243; text_text_color=&#8221;#000000&#8243; link_font=&#8221;||||||||&#8221; background_color=&#8221;#FFFFFF&#8221; link_option_url_new_window=&#8221;on&#8221; hover_enabled=&#8221;0&#8243; z_index_tablet=&#8221;500&#8243; global_colors_info=&#8221;{}&#8221; sticky_enabled=&#8221;0&#8243;]<\/p>\n<h2><em><strong>Formularios<\/strong><\/em><\/h2>\n<p>En esta secci\u00f3n usted podr\u00e1 encontrar los formularios de los tr\u00e1mites que puede efectuar. Utilice los links correspondientes.\u00a0Deber\u00e1 completar el que corresponda y enviarlo por mail a atencionalcliente@osmgp.gov.ar<\/p>\n<p>&nbsp;<\/p>\n<p><span style=\"font-size: 14px; color: #00b3aa;\"><a style=\"color: #00b3aa;\" href=\"https:\/\/www.osmgp.gov.ar\/osse\/wp-content\/uploads\/2025\/01\/Alta-debito.pdf\" target=\"_blank\" rel=\"noopener noreferrer\">\u2022Alta d\u00e9bito<\/a><\/span><\/p>\n<p><span style=\"color: #00b3aa;\"><a style=\"color: #00b3aa;\" href=\"https:\/\/www.osmgp.gov.ar\/osse\/wp-content\/uploads\/2025\/01\/Baja-debito.pdf\" target=\"_blank\" rel=\"noopener noreferrer\">\u2022Baja d\u00e9bito<\/a><\/span><\/p>\n<p><span style=\"color: #00b3aa;\"><a style=\"color: #00b3aa;\" href=\"https:\/\/www.osmgp.gov.ar\/osse\/wp-content\/uploads\/2025\/01\/Cambio-domicilio.pdf\" target=\"_blank\" rel=\"noopener noreferrer\">\u2022Cambio domicilio<\/a><\/span><\/p>\n<p><span style=\"color: #00b3aa;\"><a style=\"color: #00b3aa;\" href=\"https:\/\/www.osmgp.gov.ar\/osse\/wp-content\/uploads\/2025\/01\/Cambio-titularidad.pdf\" target=\"_blank\" rel=\"noopener noreferrer\">\u2022Cambio Titularidad<\/a><\/span><\/p>\n<p><span style=\"color: #00b3aa;\"><a style=\"color: #00b3aa;\" href=\"https:\/\/www.osmgp.gov.ar\/osse\/wp-content\/uploads\/2025\/01\/Certificacion-escribanos.pdf\" target=\"_blank\" rel=\"noopener noreferrer\">\u2022Certificaci\u00f3n de Escribanos<\/a><\/span><\/p>\n<p><span style=\"color: #00b3aa;\"><a style=\"color: #00b3aa;\" href=\"https:\/\/www.osmgp.gov.ar\/osse\/wp-content\/uploads\/2025\/01\/Planes-de-pago.pdf\">\u2022Planes de Pago<\/a><\/span><\/p>\n<p><span style=\"color: #00b3aa;\"><a style=\"color: #00b3aa;\" href=\"https:\/\/www.osmgp.gov.ar\/osse\/wp-content\/uploads\/2026\/02\/Sellados-vigentes-formulario-comercial-MARZO2026.pdf\" target=\"_blank\" rel=\"noopener noreferrer\">\u2022Sellados Vigentes\u00a0\u00a0(actualizados seg\u00fan la \u00faltima Ordenanza)<\/a><\/span><\/p>\n<p><span style=\"color: #00b3aa;\"><a style=\"color: #00b3aa;\" href=\"https:\/\/www.osmgp.gov.ar\/osse\/wp-content\/uploads\/2024\/01\/Declaraci\u00f3n-superficie.pdf\" target=\"_blank\" rel=\"noopener noreferrer\">\u2022Declaraci\u00f3n de Superficie<\/a><\/span><\/p>\n<p><span style=\"color: #00b3aa;\"><a style=\"color: #00b3aa;\" href=\"https:\/\/www.osmgp.gov.ar\/osse\/wp-content\/uploads\/2024\/06\/MEMORIA-TECNICA-Actualizada.pdf\" target=\"_blank\" rel=\"noopener noreferrer\">\u2022Memoria t\u00e9cnica<\/a><\/span><\/p>\n<p><span style=\"color: #00b3aa;\"><a style=\"color: #00b3aa;\" href=\"https:\/\/www.osmgp.gov.ar\/osse\/wp-content\/uploads\/2024\/01\/Certificado-de-Servicio-para-Food-Trucks.pdf\" target=\"_blank\" rel=\"noopener noreferrer\">\u2022Certificaci\u00f3n de servicios para food-trucks<\/a><\/span><b><\/b><\/p>\n<p><span style=\"color: #00b3aa;\"><a style=\"color: #00b3aa;\" href=\"https:\/\/www.osmgp.gov.ar\/osse\/wp-content\/uploads\/2025\/01\/Documentacion-necesaria-para-tramite-de-Factibilidad-de-Servicios.pdf\" target=\"_blank\" rel=\"noopener noreferrer\">\u2022Documentaci\u00f3n necesaria para tr\u00e1mite de Factibilidad de Servicios<\/a><\/span><\/p>\n<p><span style=\"color: #00b3aa;\"><a style=\"color: #00b3aa;\" href=\"https:\/\/www.osmgp.gov.ar\/osse\/wp-content\/uploads\/2024\/01\/DDJJ-2024.pdf\" target=\"_blank\" rel=\"noopener noreferrer\">\u2022DDJJ Registro de generadores de efluentes industriales<\/a><\/span><\/p>\n<p><span style=\"color: #00b3aa;\"> <a style=\"color: #00b3aa;\" href=\"https:\/\/www.osmgp.gov.ar\/osse\/wp-content\/uploads\/2025\/07\/Formulario-web_Solicitud-no-facturacion-GIRSU.pdf\" target=\"_blank\" rel=\"noopener noreferrer\">\u2022Solicitud de No Facturaci\u00f3n de la Contribuci\u00f3n para la Gesti\u00f3n Sustentable del Ambiente Natural y Urbano (GIRSU).<\/a><\/span><\/p>\n<p>[\/et_pb_text][et_pb_text _builder_version=&#8221;4.25.1&#8243; _module_preset=&#8221;default&#8221; custom_margin=&#8221;-16px||||false|false&#8221; link_option_url=&#8221;https:\/\/www.osmgp.gov.ar\/osse\/tutorial-solicitud-de-conexion\/&#8221; global_colors_info=&#8221;{}&#8221;]<\/p>\n<p><span style=\"color: #00b3aa;\">\u2022Solicitud de conexiones: Certificado de servicio &#8211; Vivienda unifamiliar<\/span><\/p>\n<p>[\/et_pb_text][et_pb_text _builder_version=&#8221;4.25.1&#8243; global_colors_info=&#8221;{}&#8221;]<\/p>\n<p>____________________________________________________________________<\/p>\n<p>&nbsp;<\/p>\n<p><strong>\u2022 Por pedido de Subdivisi\u00f3n en Propiedad Horizontal deber\u00e1n presentar:<\/strong><\/p>\n<p><span style=\"color: #00b3aa;\"><a style=\"color: #00b3aa;\" href=\"https:\/\/www.osmgp.gov.ar\/osse\/wp-content\/uploads\/2025\/01\/Documentacion-necesaria-PROCEDIMIENTO-PARA-SOLICITUD-DE-SUB-DIVISION-DE-CUENTAS-en-SM-T-F.pdf\" target=\"_blank\" rel=\"noopener noreferrer\">&#8211; Documentaci\u00f3n necesaria<\/a><\/span><br \/><span style=\"color: #00b3aa;\"><a href=\"https:\/\/www.osmgp.gov.ar\/osse\/wp-content\/uploads\/2025\/01\/2A-Solicitud-Subdivision-PH.pdf\" target=\"_blank\" rel=\"noopener noreferrer\" style=\"color: #00b3aa;\">&#8211; Planilla de solicitud en PH<\/a><\/span><br \/><span style=\"color: #00b3aa;\"><a style=\"color: #00b3aa;\" href=\"https:\/\/www.osmgp.gov.ar\/osse\/wp-content\/uploads\/2025\/01\/2B-Nomina-propietarios-PH.pdf\" target=\"_blank\" rel=\"noopener noreferrer\">&#8211; N\u00f3mina de propietarios en PH<\/a><\/span><\/p>\n<p>&nbsp;<\/p>\n<p><strong>&#8211; Adjuntando a los mismos:<\/strong><\/p>\n<p><span style=\"color: #000000;\">-Formulario A-908 (Porcentuales de dominio)<br \/><\/span><span style=\"color: #000000;\">-Plano de PH<\/span><br \/><span style=\"color: #000000;\">-Reglamento de Co-propiedad<\/span><\/p>\n<p>&nbsp;<\/p>\n<p>____________________________________________________________________<\/p>\n<p>&nbsp;<\/p>\n<p><strong>\u2022 Por pedido de Subdivisi\u00f3n en Consorcio de Hecho (a los efectos de dividir la facturaci\u00f3n):<\/strong><\/p>\n<p><span style=\"color: #00b3aa;\"><a style=\"color: #00b3aa;\" href=\"https:\/\/www.osmgp.gov.ar\/osse\/wp-content\/uploads\/2025\/01\/Documentacion-necesaria-PROCEDIMIENTO-PARA-SOLICITUD-DE-SUB-DIVISION-DE-CUENTAS-en-SM-T-F.pdf\" target=\"_blank\" rel=\"noopener noreferrer\">&#8211; Documentaci\u00f3n necesaria<\/a><strong><br \/><\/strong><a style=\"color: #00b3aa;\" href=\"https:\/\/www.osmgp.gov.ar\/osse\/wp-content\/uploads\/2025\/01\/3A-SOLICITUD-SUBDIVISIONCONS.HECHO-OK.pdf\" target=\"_blank\" rel=\"noopener noreferrer\">&#8211; Planilla de solicitud en CDH<\/a><\/span><br \/><span style=\"color: #00b3aa;\"><a href=\"https:\/\/www.osmgp.gov.ar\/osse\/wp-content\/uploads\/2025\/01\/3B-NOMINA-PROPIETARIOS-CDH1.pdf\" style=\"color: #00b3aa;\" target=\"_blank\" rel=\"noopener\">&#8211; N\u00f3mina de propietarios en CDH<\/a><a style=\"color: #00b3aa;\" href=\"https:\/\/www.osmgp.gov.ar\/osse\/wp-content\/uploads\/2024\/01\/3B-NOMINA-PROPIETARIOS-CDH1.pdf\" target=\"_blank\" rel=\"noopener noreferrer\"><br \/><\/a><br \/><\/span><\/p>\n<p><strong>&#8211; Adjuntando a los mismos:<\/strong><\/p>\n<p>&#8211; Plano de construcci\u00f3n (marcar con color cada unidad Funcional)<\/p>\n<p>&nbsp;<\/p>\n<p>____________________________________________________________________<\/p>\n<p>&nbsp;<\/p>\n<p><strong>\u2022 Por pedido de Divisi\u00f3n parcelaria:<\/strong><\/p>\n<p><span style=\"color: #00b3aa;\"><a style=\"color: #00b3aa;\" href=\"https:\/\/www.osmgp.gov.ar\/osse\/wp-content\/uploads\/2025\/01\/4A-DIVISION-PARCELARIA1-OK.pdf\" target=\"_blank\" rel=\"noopener noreferrer\">&#8211; Planilla de solicitud DP<\/a><\/span><br \/><span style=\"color: #00b3aa;\"><a style=\"color: #00b3aa;\" href=\"https:\/\/www.osmgp.gov.ar\/osse\/wp-content\/uploads\/2026\/02\/NOMINA-PROPIETARIOS-DP.pdf\" target=\"_blank\" rel=\"noopener noreferrer\">&#8211; N\u00f3mina de propietarios DP<\/a><\/span><\/p>\n<p><strong>&#8211; Adjuntando a los mismos:<\/strong><\/p>\n<p>&#8211; Plano de divisi\u00f3n parcelaria<\/p>\n<p>&nbsp;<\/p>\n<p>____________________________________________________________________<\/p>\n<p>&nbsp;<\/p>\n<p><strong>\u2022 Por pedido de Unificaci\u00f3n de Cuentas\/parcelas:<\/strong><\/p>\n<p><span style=\"color: #00b3aa;\"><a style=\"color: #00b3aa;\" href=\"https:\/\/www.osmgp.gov.ar\/osse\/wp-content\/uploads\/2025\/06\/5A-UNIFICACION-DE-CTAS-OK.pdf\" target=\"_blank\" rel=\"noopener noreferrer\">&#8211; Planilla de solicitud Unificaci\u00f3n<\/a><\/span><\/p>\n<p><strong>&#8211; Adjuntando a los mismos:<\/strong><\/p>\n<p>&#8211; Plano de unificaci\u00f3n parcelaria<\/p>\n<p>&nbsp;<\/p>\n<p><strong><em>Se recuerda que todos los formularios deber\u00e1n estar firmados por los titulares responsables de pago con la correspondiente aclaraci\u00f3n y n\u00famero de DNI. No se aceptar\u00e1n correcciones ni tachaduras.<\/em><\/strong><\/p>\n<p>[\/et_pb_text][\/et_pb_column][\/et_pb_row][et_pb_row disabled_on=&#8221;on|on|on&#8221; _builder_version=&#8221;4.25.1&#8243; disabled=&#8221;on&#8221; global_colors_info=&#8221;{}&#8221;][et_pb_column type=&#8221;4_4&#8243; _builder_version=&#8221;4.16&#8243; custom_padding=&#8221;|||&#8221; global_colors_info=&#8221;{}&#8221; custom_padding__hover=&#8221;|||&#8221;][et_pb_text admin_label=&#8221;Texto&#8221; _builder_version=&#8221;4.25.1&#8243; text_text_color=&#8221;#000000&#8243; link_font=&#8221;||||||||&#8221; background_color=&#8221;#FFFFFF&#8221; link_option_url_new_window=&#8221;on&#8221; z_index_tablet=&#8221;500&#8243; global_colors_info=&#8221;{}&#8221;]<\/p>\n<h2><em><strong>Formularios<\/strong><\/em><\/h2>\n<p>En esta secci\u00f3n usted podr\u00e1 encontrar los formularios de los tr\u00e1mites que puede efectuar. Utilice los links correspondientes.\u00a0Deber\u00e1 completar el que corresponda y enviarlo por mail a atencionalcliente@osmgp.gov.ar<\/p>\n<p>&nbsp;<\/p>\n<p><span style=\"font-size: 14px; color: #00b3aa;\"><a style=\"color: #00b3aa;\" href=\"https:\/\/www.osmgp.gov.ar\/osse\/wp-content\/uploads\/2025\/01\/Alta-debito.pdf\" target=\"_blank\" rel=\"noopener noreferrer\">\u2022Alta d\u00e9bito<\/a><\/span><\/p>\n<p><span style=\"color: #00b3aa;\"><a style=\"color: #00b3aa;\" href=\"https:\/\/www.osmgp.gov.ar\/osse\/wp-content\/uploads\/2025\/01\/Baja-debito.pdf\" target=\"_blank\" rel=\"noopener noreferrer\">\u2022Baja d\u00e9bito<\/a><\/span><\/p>\n<p><span style=\"color: #00b3aa;\"><a style=\"color: #00b3aa;\" href=\"https:\/\/www.osmgp.gov.ar\/osse\/wp-content\/uploads\/2025\/01\/Cambio-domicilio.pdf\" target=\"_blank\" rel=\"noopener noreferrer\">\u2022Cambio domicilio<\/a><\/span><\/p>\n<p><span style=\"color: #00b3aa;\"><a style=\"color: #00b3aa;\" href=\"https:\/\/www.osmgp.gov.ar\/osse\/wp-content\/uploads\/2025\/01\/Cambio-titularidad.pdf\" target=\"_blank\" rel=\"noopener noreferrer\">\u2022Cambio Titularidad<\/a><\/span><\/p>\n<p><span style=\"color: #00b3aa;\"><a style=\"color: #00b3aa;\" href=\"https:\/\/www.osmgp.gov.ar\/osse\/wp-content\/uploads\/2025\/01\/Certificacion-escribanos.pdf\" target=\"_blank\" rel=\"noopener noreferrer\">\u2022Certificaci\u00f3n de Escribanos<\/a><\/span><\/p>\n<p><span style=\"color: #00b3aa;\"><a style=\"color: #00b3aa;\" href=\"https:\/\/www.osmgp.gov.ar\/osse\/wp-content\/uploads\/2025\/01\/Planes-de-pago.pdf\">\u2022Planes de Pago<\/a><\/span><\/p>\n<p><span style=\"color: #00b3aa;\"><a style=\"color: #00b3aa;\" href=\"https:\/\/www.osmgp.gov.ar\/osse\/wp-content\/uploads\/2025\/06\/Sellados-vigentes-formulario-comercial-Junio.pdf\" target=\"_blank\" rel=\"noopener noreferrer\">\u2022Sellados Vigentes\u00a0\u00a0(actualizados seg\u00fan la \u00faltima Ordenanza)<\/a><\/span><\/p>\n<p><span style=\"color: #00b3aa;\"><a style=\"color: #00b3aa;\" href=\"https:\/\/www.osmgp.gov.ar\/osse\/wp-content\/uploads\/2024\/01\/Declaraci\u00f3n-superficie.pdf\" target=\"_blank\" rel=\"noopener noreferrer\">\u2022Declaraci\u00f3n de Superficie<\/a><\/span><\/p>\n<p><span style=\"color: #00b3aa;\"><a style=\"color: #00b3aa;\" href=\"https:\/\/www.osmgp.gov.ar\/osse\/wp-content\/uploads\/2024\/06\/MEMORIA-TECNICA-Actualizada.pdf\" target=\"_blank\" rel=\"noopener noreferrer\">\u2022Memoria t\u00e9cnica<\/a><\/span><\/p>\n<p><span style=\"color: #00b3aa;\"><a style=\"color: #00b3aa;\" href=\"https:\/\/www.osmgp.gov.ar\/osse\/wp-content\/uploads\/2024\/01\/Certificado-de-Servicio-para-Food-Trucks.pdf\" target=\"_blank\" rel=\"noopener noreferrer\">\u2022Certificaci\u00f3n de servicios para food-trucks<\/a><\/span><\/p>\n<p><span style=\"color: #00b3aa;\"><a style=\"color: #00b3aa;\" href=\"https:\/\/www.osmgp.gov.ar\/osse\/tutorial-solicitud-de-conexion\/\" rel=\"noreferrer\" download=\"&quot;\">\u2022Solicitud de conexiones: Certificado de servicio &#8211; Vivienda unifamiliar<\/a><\/span><br \/><b><\/b><\/p>\n<p><span style=\"color: #00b3aa;\"><a style=\"color: #00b3aa;\" href=\"https:\/\/www.osmgp.gov.ar\/osse\/wp-content\/uploads\/2025\/01\/Documentacion-necesaria-para-tramite-de-Factibilidad-de-Servicios.pdf\" target=\"_blank\" rel=\"noopener noreferrer\">\u2022Documentaci\u00f3n necesaria para tr\u00e1mite de Factibilidad de Servicios<\/a><\/span><\/p>\n<p><span style=\"color: #00b3aa;\"><a style=\"color: #00b3aa;\" href=\"https:\/\/www.osmgp.gov.ar\/osse\/wp-content\/uploads\/2024\/01\/DDJJ-2024.pdf\" target=\"_blank\" rel=\"noopener noreferrer\">\u2022DDJJ Registro de generadores de efluentes industriales<\/a><\/span><\/p>\n<p><span style=\"color: #00b3aa;\"> <a style=\"color: #00b3aa;\" href=\"https:\/\/www.osmgp.gov.ar\/osse\/wp-content\/uploads\/2025\/07\/Formulario-web_Solicitud-no-facturacion-GIRSU.pdf\" target=\"_blank\" rel=\"noopener noreferrer\">\u2022Solicitud de No Facturaci\u00f3n de la Contribuci\u00f3n para la Gesti\u00f3n Sustentable del Ambiente Natural y Urbano (GIRSU).<\/a><\/span><\/p>\n<p>[\/et_pb_text][et_pb_text _builder_version=&#8221;4.25.1&#8243; global_colors_info=&#8221;{}&#8221;]<\/p>\n<p>____________________________________________________________________<\/p>\n<p>&nbsp;<\/p>\n<p><strong>\u2022 Por pedido de Subdivisi\u00f3n en Propiedad Horizontal deber\u00e1n presentar:<\/strong><\/p>\n<p><span style=\"color: #00b3aa;\"><a style=\"color: #00b3aa;\" href=\"https:\/\/www.osmgp.gov.ar\/osse\/wp-content\/uploads\/2025\/01\/Documentacion-necesaria-PROCEDIMIENTO-PARA-SOLICITUD-DE-SUB-DIVISION-DE-CUENTAS-en-SM-T-F.pdf\" target=\"_blank\" rel=\"noopener noreferrer\">&#8211; Documentaci\u00f3n necesaria<\/a><\/span><br \/><span style=\"color: #00b3aa;\"><a href=\"https:\/\/www.osmgp.gov.ar\/osse\/wp-content\/uploads\/2025\/01\/2A-Solicitud-Subdivision-PH.pdf\" target=\"_blank\" rel=\"noopener noreferrer\" style=\"color: #00b3aa;\">&#8211; Planilla de solicitud en PH<\/a><\/span><br \/><span style=\"color: #00b3aa;\"><a style=\"color: #00b3aa;\" href=\"https:\/\/www.osmgp.gov.ar\/osse\/wp-content\/uploads\/2025\/01\/2B-Nomina-propietarios-PH.pdf\" target=\"_blank\" rel=\"noopener noreferrer\">&#8211; N\u00f3mina de propietarios en PH<\/a><\/span><\/p>\n<p>&nbsp;<\/p>\n<p><strong>&#8211; Adjuntando a los mismos:<\/strong><\/p>\n<p><span style=\"color: #00b3aa;\"><a style=\"color: #00b3aa;\" href=\"https:\/\/www.osmgp.gov.ar\/osse\/wp-content\/uploads\/2025\/01\/2C-Formulario-PH-Serv.-Medido.pdf\" target=\"_blank\" rel=\"noopener noreferrer\">-Formulario A-908 (Porcentuales de dominio)<\/a><\/span><br \/><span style=\"color: #000000;\">-Plano de PH<\/span><br \/><span style=\"color: #000000;\">-Reglamento de Co-propiedad<\/span><\/p>\n<p>&nbsp;<\/p>\n<p>____________________________________________________________________<\/p>\n<p>&nbsp;<\/p>\n<p><strong>\u2022 Por pedido de Subdivisi\u00f3n en Consorcio de Hecho (a los efectos de dividir la facturaci\u00f3n):<\/strong><\/p>\n<p><span style=\"color: #00b3aa;\"><a style=\"color: #00b3aa;\" href=\"https:\/\/www.osmgp.gov.ar\/osse\/wp-content\/uploads\/2025\/01\/Documentacion-necesaria-PROCEDIMIENTO-PARA-SOLICITUD-DE-SUB-DIVISION-DE-CUENTAS-en-SM-T-F.pdf\" target=\"_blank\" rel=\"noopener noreferrer\">&#8211; Documentaci\u00f3n necesaria<\/a><strong><br \/><\/strong><a style=\"color: #00b3aa;\" href=\"https:\/\/www.osmgp.gov.ar\/osse\/wp-content\/uploads\/2025\/01\/3A-SOLICITUD-SUBDIVISIONCONS.HECHO-OK.pdf\" target=\"_blank\" rel=\"noopener noreferrer\">&#8211; Planilla de solicitud en CDH<\/a><\/span><br \/><span style=\"color: #00b3aa;\"><a href=\"https:\/\/www.osmgp.gov.ar\/osse\/wp-content\/uploads\/2025\/01\/3B-NOMINA-PROPIETARIOS-CDH1.pdf\" style=\"color: #00b3aa;\" target=\"_blank\" rel=\"noopener\">&#8211; N\u00f3mina de propietarios en CDH<\/a><a style=\"color: #00b3aa;\" href=\"https:\/\/www.osmgp.gov.ar\/osse\/wp-content\/uploads\/2024\/01\/3B-NOMINA-PROPIETARIOS-CDH1.pdf\" target=\"_blank\" rel=\"noopener noreferrer\"><br \/><\/a><a style=\"color: #00b3aa;\" href=\"https:\/\/www.osmgp.gov.ar\/osse\/wp-content\/uploads\/2025\/01\/3C-MEDIDO-CONSORCIO-DEHECHO-OK.pdf\" target=\"_blank\" rel=\"noopener noreferrer\">&#8211; Planilla de solicitud en CDH medido<\/a><\/span><\/p>\n<p><strong>&#8211; Adjuntando a los mismos:<\/strong><\/p>\n<p>&#8211; Plano de construcci\u00f3n (marcar con color cada unidad Funcional)<\/p>\n<p>&nbsp;<\/p>\n<p>____________________________________________________________________<\/p>\n<p>&nbsp;<\/p>\n<p><strong>\u2022 Por pedido de Divisi\u00f3n parcelaria:<\/strong><\/p>\n<p><span style=\"color: #00b3aa;\"><a style=\"color: #00b3aa;\" href=\"https:\/\/www.osmgp.gov.ar\/osse\/wp-content\/uploads\/2025\/01\/4A-DIVISION-PARCELARIA1-OK.pdf\" target=\"_blank\" rel=\"noopener noreferrer\">&#8211; Planilla de solicitud DP<\/a><\/span><br \/><span style=\"color: #00b3aa;\"><a style=\"color: #00b3aa;\" href=\"https:\/\/www.osmgp.gov.ar\/osse\/wp-content\/uploads\/2025\/01\/4B-NOMINA-PROPIETARIOS-DP.pdf\" target=\"_blank\" rel=\"noopener noreferrer\">&#8211; N\u00f3mina de propietarios DP<\/a><\/span><\/p>\n<p><strong>&#8211; Adjuntando a los mismos:<\/strong><\/p>\n<p>&#8211; Plano de divisi\u00f3n parcelaria<\/p>\n<p>&nbsp;<\/p>\n<p>____________________________________________________________________<\/p>\n<p>&nbsp;<\/p>\n<p><strong>\u2022 Por pedido de Unificaci\u00f3n de Cuentas\/parcelas:<\/strong><\/p>\n<p><span style=\"color: #00b3aa;\"><a style=\"color: #00b3aa;\" href=\"https:\/\/www.osmgp.gov.ar\/osse\/wp-content\/uploads\/2025\/06\/5A-UNIFICACION-DE-CTAS-OK.pdf\" target=\"_blank\" rel=\"noopener noreferrer\">&#8211; Planilla de solicitud Unificaci\u00f3n<\/a><\/span><\/p>\n<p><strong>&#8211; Adjuntando a los mismos:<\/strong><\/p>\n<p>&#8211; Plano de unificaci\u00f3n parcelaria<\/p>\n<p>&nbsp;<\/p>\n<p><strong><em>Se recuerda que todos los formularios deber\u00e1n estar firmados por los titulares responsables de pago con la correspondiente aclaraci\u00f3n y n\u00famero de DNI. No se aceptar\u00e1n correcciones ni tachaduras.<\/em><\/strong><\/p>\n<p>[\/et_pb_text][\/et_pb_column][\/et_pb_row][\/et_pb_section]<\/p>\n","protected":false},"excerpt":{"rendered":"<p>Formularios En esta secci\u00f3n usted podr\u00e1 encontrar los formularios de los tr\u00e1mites que puede efectuar. Utilice los links correspondientes.\u00a0Deber\u00e1 completar el que corresponda y enviarlo por mail a atencionalcliente@osmgp.gov.ar &nbsp; \u2022Alta d\u00e9bito \u2022Baja d\u00e9bito \u2022Cambio domicilio \u2022Cambio Titularidad \u2022Certificaci\u00f3n de Escribanos \u2022Planes de Pago \u2022Sellados Vigentes\u00a0\u00a0(actualizados seg\u00fan la \u00faltima Ordenanza) \u2022Declaraci\u00f3n de Superficie \u2022Memoria t\u00e9cnica [&hellip;]<\/p>\n","protected":false},"author":1,"featured_media":0,"parent":0,"menu_order":0,"comment_status":"closed","ping_status":"closed","template":"","meta":{"_et_pb_use_builder":"on","_et_pb_old_content":"","_et_gb_content_width":""},"_links":{"self":[{"href":"https:\/\/www.osmgp.gov.ar\/osse\/wp-json\/wp\/v2\/pages\/91"}],"collection":[{"href":"https:\/\/www.osmgp.gov.ar\/osse\/wp-json\/wp\/v2\/pages"}],"about":[{"href":"https:\/\/www.osmgp.gov.ar\/osse\/wp-json\/wp\/v2\/types\/page"}],"author":[{"embeddable":true,"href":"https:\/\/www.osmgp.gov.ar\/osse\/wp-json\/wp\/v2\/users\/1"}],"replies":[{"embeddable":true,"href":"https:\/\/www.osmgp.gov.ar\/osse\/wp-json\/wp\/v2\/comments?post=91"}],"version-history":[{"count":169,"href":"https:\/\/www.osmgp.gov.ar\/osse\/wp-json\/wp\/v2\/pages\/91\/revisions"}],"predecessor-version":[{"id":14364,"href":"https:\/\/www.osmgp.gov.ar\/osse\/wp-json\/wp\/v2\/pages\/91\/revisions\/14364"}],"wp:attachment":[{"href":"https:\/\/www.osmgp.gov.ar\/osse\/wp-json\/wp\/v2\/media?parent=91"}],"curies":[{"name":"wp","href":"https:\/\/api.w.org\/{rel}","templated":true}]}}